{"id":414,"date":"2022-06-15T03:07:36","date_gmt":"2022-06-15T08:07:36","guid":{"rendered":"http:\/\/www.athajosescueladevida.com\/?page_id=414"},"modified":"2022-08-12T22:37:11","modified_gmt":"2022-08-13T03:37:11","slug":"mg-frailan-flores","status":"publish","type":"page","link":"https:\/\/www.athajos.com\/index.php\/mg-frailan-flores\/","title":{"rendered":"Mg. FRAILAN FLORES"},"content":{"rendered":"\n<div class=\"wp-block-columns alignfull has-background-color has-text-color has-background is-layout-flex wp-container-core-columns-layout-1 wp-block-columns-is-layout-flex\" style=\"background:linear-gradient(135deg,rgb(255,245,203) 0%,rgb(182,227,212) 14%,rgb(51,167,181) 31%)\">\n<div class=\"wp-block-column is-vertically-aligned-top is-layout-flow wp-block-column-is-layout-flow\">\n<div class=\"wp-block-group is-layout-flow wp-block-group-is-layout-flow\"><div class=\"wp-block-group__inner-container\">\n<h2 class=\"alignwide has-text-align-center wp-block-heading\">Mg. FRAILAN FLORES<\/h2>\n<\/div><\/div>\n<\/div>\n<\/div>\n\n\n\n<div class=\"wp-block-columns alignwide is-layout-flex wp-container-core-columns-layout-2 wp-block-columns-is-layout-flex\">\n<div class=\"wp-block-column is-layout-flow wp-block-column-is-layout-flow\" style=\"flex-basis:66.66%\">\n<figure class=\"wp-block-image alignfull size-full\"><img loading=\"lazy\" decoding=\"async\" width=\"458\" height=\"286\" src=\"http:\/\/www.athajosescueladevida.com\/wp-content\/uploads\/2022\/08\/14292291_1064948406888187_5069166518513644386_n-edited.jpg\" alt=\"\" class=\"wp-image-755\" srcset=\"https:\/\/www.athajos.com\/\/wp-content\/uploads\/2022\/08\/14292291_1064948406888187_5069166518513644386_n-edited.jpg 458w, https:\/\/www.athajos.com\/\/wp-content\/uploads\/2022\/08\/14292291_1064948406888187_5069166518513644386_n-edited-300x187.jpg 300w\" sizes=\"(max-width: 458px) 100vw, 458px\" \/><figcaption>Mg. FRAILAN FLORES<\/figcaption><\/figure>\n\n\n\n<h4 class=\"wp-block-heading\"><strong>Mg. FRAILAN FLORES<\/strong><\/h4>\n\n\n\n<p>Soy Psic\u00f3logo-Psicoterapeuta, Especialista en Aprendizaje y Desarrollo humano, busco en las personas el momento en el cual su vida da un giro que los hace crecer y ser felices.<br>Nuestro Objetivo no es ense\u00f1arle cosas nuevas a nadie, sino ayudarte a poner en valor lo que ya sabe. Ent\u00e9rate cuales son las mejores formas para lograr el bienestar que<br>est\u00e1s buscando, para ti.<\/p>\n\n\n\n<div class=\"wp-block-media-text alignwide is-stacked-on-mobile\" style=\"grid-template-columns:15% auto\"><figure class=\"wp-block-media-text__media\"><a href=\"https:\/\/api.whatsapp.com\/send?phone=975581850&amp;text=Quiero%20saber%20m%C3%A1s...\"><img loading=\"lazy\" decoding=\"async\" width=\"479\" height=\"482\" src=\"http:\/\/www.athajosescueladevida.com\/wp-content\/uploads\/2022\/07\/WhatsApp.svg_.webp\" alt=\"\" class=\"wp-image-540 size-full\" srcset=\"https:\/\/www.athajos.com\/\/wp-content\/uploads\/2022\/07\/WhatsApp.svg_.webp 479w, https:\/\/www.athajos.com\/\/wp-content\/uploads\/2022\/07\/WhatsApp.svg_-298x300.webp 298w, https:\/\/www.athajos.com\/\/wp-content\/uploads\/2022\/07\/WhatsApp.svg_-150x150.webp 150w\" sizes=\"(max-width: 479px) 100vw, 479px\" \/><\/a><\/figure><div class=\"wp-block-media-text__content\">\n<p><strong>\u00bfQuieres saber mas de nuestros cursos?<\/strong><\/p>\n\n\n\n<p><strong>Env\u00edanos un mensaje al WhatsApp <a href=\"https:\/\/api.whatsapp.com\/send?phone=975581850&amp;text=Quiero%20saber%20m%C3%A1s...\">975581850<\/a><\/strong><\/p>\n<\/div><\/div>\n<\/div>\n\n\n\n<div class=\"wp-block-column has-primary-color has-pale-ocean-gradient-background has-text-color has-background is-layout-flow wp-block-column-is-layout-flow\">\n<p><\/p>\n\n\n\n<div class=\"wp-block-buttons is-content-justification-center is-layout-flex wp-container-core-buttons-layout-1 wp-block-buttons-is-layout-flex\">\n<div class=\"wp-block-button is-style-fill\"><a class=\"wp-block-button__link has-secondary-background-color has-background\" style=\"border-radius:15px\">MAS TALLERES PARA TI:<\/a><\/div>\n<\/div>\n\n\n\n<p><\/p>\n\n\n\n<p class=\"has-text-align-center has-primary-background-color has-background has-normal-font-size\" style=\"font-style:normal;font-weight:900\"><strong><strong><a href=\"http:\/\/www.athajosescueladevida.com\/index.php\/taller-desintoxicacion-emocional\/\" target=\"_blank\" rel=\"noreferrer noopener\">TALLERES DESINTOXICACI\u00d3N EMOCIONAL<\/a><\/strong><\/strong><\/p>\n\n\n\n<p><\/p>\n\n\n\n<figure class=\"wp-block-image size-large is-style-default\"><a href=\"http:\/\/www.athajosescueladevida.com\/index.php\/taller-desintoxicacion-emocional\/\" target=\"_blank\" rel=\"noreferrer noopener\"><img loading=\"lazy\" decoding=\"async\" width=\"1024\" height=\"576\" src=\"http:\/\/www.athajosescueladevida.com\/wp-content\/uploads\/2022\/07\/WhatsApp-Image-2022-07-15-at-11.20.34-PM-1024x576.jpeg\" alt=\"\" class=\"wp-image-522\" srcset=\"https:\/\/www.athajos.com\/\/wp-content\/uploads\/2022\/07\/WhatsApp-Image-2022-07-15-at-11.20.34-PM-1024x576.jpeg 1024w, https:\/\/www.athajos.com\/\/wp-content\/uploads\/2022\/07\/WhatsApp-Image-2022-07-15-at-11.20.34-PM-300x169.jpeg 300w, https:\/\/www.athajos.com\/\/wp-content\/uploads\/2022\/07\/WhatsApp-Image-2022-07-15-at-11.20.34-PM-768x432.jpeg 768w, https:\/\/www.athajos.com\/\/wp-content\/uploads\/2022\/07\/WhatsApp-Image-2022-07-15-at-11.20.34-PM.jpeg 1040w\" sizes=\"(max-width: 1024px) 100vw, 1024px\" \/><\/a><figcaption>Proporcionaremos un espacio de encuentro para la reflexi\u00f3n, donde las personas puedan participar.<\/figcaption><\/figure>\n\n\n\n<p class=\"has-text-align-center has-primary-background-color has-background\"><strong><strong><a href=\"http:\/\/www.athajosescueladevida.com\/index.php\/taller-desintoxicacion-emocional\/\" target=\"_blank\" rel=\"noreferrer noopener\">ESCUELA PARA PADRES<\/a><\/strong><\/strong><\/p>\n\n\n\n<p><\/p>\n\n\n\n<figure class=\"wp-block-image size-full\"><img loading=\"lazy\" decoding=\"async\" width=\"960\" height=\"600\" src=\"http:\/\/www.athajosescueladevida.com\/wp-content\/uploads\/2022\/08\/WhatsApp-Image-2022-07-15-at-11.18.23-PM-edited.jpeg\" alt=\"\" class=\"wp-image-756\" srcset=\"https:\/\/www.athajos.com\/\/wp-content\/uploads\/2022\/08\/WhatsApp-Image-2022-07-15-at-11.18.23-PM-edited.jpeg 960w, https:\/\/www.athajos.com\/\/wp-content\/uploads\/2022\/08\/WhatsApp-Image-2022-07-15-at-11.18.23-PM-edited-300x188.jpeg 300w, https:\/\/www.athajos.com\/\/wp-content\/uploads\/2022\/08\/WhatsApp-Image-2022-07-15-at-11.18.23-PM-edited-768x480.jpeg 768w\" sizes=\"(max-width: 960px) 100vw, 960px\" \/><figcaption>Mediante el dialogo intentamos poner en com\u00fan diferentes puntos de vistas sobre temas educativos.<\/figcaption><\/figure>\n<\/div>\n<\/div>\n","protected":false},"excerpt":{"rendered":"<p>Mg. FRAILAN FLORES Mg. FRAILAN FLORES Soy Psic\u00f3logo-Psicoterapeuta, Especialista en Aprendizaje y Desarrollo humano, busco en las personas el momento en el cual su vida da un giro que los hace crecer y ser felices.Nuestro Objetivo no es ense\u00f1arle cosas nuevas a nadie, sino ayudarte a poner en valor lo que ya sabe. Ent\u00e9rate cuales [&hellip;]<\/p>\n","protected":false},"author":1,"featured_media":0,"parent":0,"menu_order":0,"comment_status":"closed","ping_status":"closed","template":"","meta":{"footnotes":"","_joinchat":[]},"yoast_head":"<!-- This site is optimized with the Yoast SEO plugin v21.7 - https:\/\/yoast.com\/wordpress\/plugins\/seo\/ -->\n<title>Mg. FRAILAN FLORES - ATHAJOS<\/title>\n<meta name=\"robots\" content=\"index, follow, max-snippet:-1, max-image-preview:large, max-video-preview:-1\" \/>\n<link rel=\"canonical\" href=\"https:\/\/www.athajos.com\/index.php\/mg-frailan-flores\/\" \/>\n<meta property=\"og:locale\" content=\"es_ES\" \/>\n<meta property=\"og:type\" content=\"article\" \/>\n<meta property=\"og:title\" content=\"Mg. FRAILAN FLORES - ATHAJOS\" \/>\n<meta property=\"og:description\" content=\"Mg. FRAILAN FLORES Mg. FRAILAN FLORES Soy Psic\u00f3logo-Psicoterapeuta, Especialista en Aprendizaje y Desarrollo humano, busco en las personas el momento en el cual su vida da un giro que los hace crecer y ser felices.Nuestro Objetivo no es ense\u00f1arle cosas nuevas a nadie, sino ayudarte a poner en valor lo que ya sabe. Ent\u00e9rate cuales [&hellip;]\" \/>\n<meta property=\"og:url\" content=\"https:\/\/www.athajos.com\/index.php\/mg-frailan-flores\/\" \/>\n<meta property=\"og:site_name\" content=\"ATHAJOS\" \/>\n<meta property=\"article:modified_time\" content=\"2022-08-13T03:37:11+00:00\" \/>\n<meta property=\"og:image\" content=\"http:\/\/www.athajosescueladevida.com\/wp-content\/uploads\/2022\/08\/14292291_1064948406888187_5069166518513644386_n-edited.jpg\" \/>\n<meta name=\"twitter:card\" content=\"summary_large_image\" \/>\n<meta name=\"twitter:label1\" content=\"Est. reading time\" \/>\n\t<meta name=\"twitter:data1\" content=\"2 minutos\" \/>\n<script type=\"application\/ld+json\" class=\"yoast-schema-graph\">{\"@context\":\"https:\/\/schema.org\",\"@graph\":[{\"@type\":\"WebPage\",\"@id\":\"https:\/\/www.athajos.com\/index.php\/mg-frailan-flores\/\",\"url\":\"https:\/\/www.athajos.com\/index.php\/mg-frailan-flores\/\",\"name\":\"Mg. FRAILAN FLORES - ATHAJOS\",\"isPartOf\":{\"@id\":\"https:\/\/www.athajos.com\/#website\"},\"datePublished\":\"2022-06-15T08:07:36+00:00\",\"dateModified\":\"2022-08-13T03:37:11+00:00\",\"breadcrumb\":{\"@id\":\"https:\/\/www.athajos.com\/index.php\/mg-frailan-flores\/#breadcrumb\"},\"inLanguage\":\"es-PE\",\"potentialAction\":[{\"@type\":\"ReadAction\",\"target\":[\"https:\/\/www.athajos.com\/index.php\/mg-frailan-flores\/\"]}]},{\"@type\":\"BreadcrumbList\",\"@id\":\"https:\/\/www.athajos.com\/index.php\/mg-frailan-flores\/#breadcrumb\",\"itemListElement\":[{\"@type\":\"ListItem\",\"position\":1,\"name\":\"Portada\",\"item\":\"https:\/\/www.athajos.com\/\"},{\"@type\":\"ListItem\",\"position\":2,\"name\":\"Mg. FRAILAN FLORES\"}]},{\"@type\":\"WebSite\",\"@id\":\"https:\/\/www.athajos.com\/#website\",\"url\":\"https:\/\/www.athajos.com\/\",\"name\":\"ATHAJOS\",\"description\":\"\",\"publisher\":{\"@id\":\"https:\/\/www.athajos.com\/#organization\"},\"potentialAction\":[{\"@type\":\"SearchAction\",\"target\":{\"@type\":\"EntryPoint\",\"urlTemplate\":\"https:\/\/www.athajos.com\/?s={search_term_string}\"},\"query-input\":\"required name=search_term_string\"}],\"inLanguage\":\"es-PE\"},{\"@type\":\"Organization\",\"@id\":\"https:\/\/www.athajos.com\/#organization\",\"name\":\"ATHAJOS\",\"url\":\"https:\/\/www.athajos.com\/\",\"logo\":{\"@type\":\"ImageObject\",\"inLanguage\":\"es-PE\",\"@id\":\"https:\/\/www.athajos.com\/#\/schema\/logo\/image\/\",\"url\":\"https:\/\/www.athajos.com\/\/wp-content\/uploads\/2023\/03\/cropped-Untitled-design-1.png\",\"contentUrl\":\"https:\/\/www.athajos.com\/\/wp-content\/uploads\/2023\/03\/cropped-Untitled-design-1.png\",\"width\":1282,\"height\":601,\"caption\":\"ATHAJOS\"},\"image\":{\"@id\":\"https:\/\/www.athajos.com\/#\/schema\/logo\/image\/\"}}]}<\/script>\n<!-- \/ Yoast SEO plugin. -->","yoast_head_json":{"title":"Mg. FRAILAN FLORES - ATHAJOS","robots":{"index":"index","follow":"follow","max-snippet":"max-snippet:-1","max-image-preview":"max-image-preview:large","max-video-preview":"max-video-preview:-1"},"canonical":"https:\/\/www.athajos.com\/index.php\/mg-frailan-flores\/","og_locale":"es_ES","og_type":"article","og_title":"Mg. FRAILAN FLORES - ATHAJOS","og_description":"Mg. FRAILAN FLORES Mg. FRAILAN FLORES Soy Psic\u00f3logo-Psicoterapeuta, Especialista en Aprendizaje y Desarrollo humano, busco en las personas el momento en el cual su vida da un giro que los hace crecer y ser felices.Nuestro Objetivo no es ense\u00f1arle cosas nuevas a nadie, sino ayudarte a poner en valor lo que ya sabe. Ent\u00e9rate cuales [&hellip;]","og_url":"https:\/\/www.athajos.com\/index.php\/mg-frailan-flores\/","og_site_name":"ATHAJOS","article_modified_time":"2022-08-13T03:37:11+00:00","og_image":[{"url":"http:\/\/www.athajosescueladevida.com\/wp-content\/uploads\/2022\/08\/14292291_1064948406888187_5069166518513644386_n-edited.jpg"}],"twitter_card":"summary_large_image","twitter_misc":{"Est. reading time":"2 minutos"},"schema":{"@context":"https:\/\/schema.org","@graph":[{"@type":"WebPage","@id":"https:\/\/www.athajos.com\/index.php\/mg-frailan-flores\/","url":"https:\/\/www.athajos.com\/index.php\/mg-frailan-flores\/","name":"Mg. FRAILAN FLORES - ATHAJOS","isPartOf":{"@id":"https:\/\/www.athajos.com\/#website"},"datePublished":"2022-06-15T08:07:36+00:00","dateModified":"2022-08-13T03:37:11+00:00","breadcrumb":{"@id":"https:\/\/www.athajos.com\/index.php\/mg-frailan-flores\/#breadcrumb"},"inLanguage":"es-PE","potentialAction":[{"@type":"ReadAction","target":["https:\/\/www.athajos.com\/index.php\/mg-frailan-flores\/"]}]},{"@type":"BreadcrumbList","@id":"https:\/\/www.athajos.com\/index.php\/mg-frailan-flores\/#breadcrumb","itemListElement":[{"@type":"ListItem","position":1,"name":"Portada","item":"https:\/\/www.athajos.com\/"},{"@type":"ListItem","position":2,"name":"Mg. FRAILAN FLORES"}]},{"@type":"WebSite","@id":"https:\/\/www.athajos.com\/#website","url":"https:\/\/www.athajos.com\/","name":"ATHAJOS","description":"","publisher":{"@id":"https:\/\/www.athajos.com\/#organization"},"potentialAction":[{"@type":"SearchAction","target":{"@type":"EntryPoint","urlTemplate":"https:\/\/www.athajos.com\/?s={search_term_string}"},"query-input":"required name=search_term_string"}],"inLanguage":"es-PE"},{"@type":"Organization","@id":"https:\/\/www.athajos.com\/#organization","name":"ATHAJOS","url":"https:\/\/www.athajos.com\/","logo":{"@type":"ImageObject","inLanguage":"es-PE","@id":"https:\/\/www.athajos.com\/#\/schema\/logo\/image\/","url":"https:\/\/www.athajos.com\/\/wp-content\/uploads\/2023\/03\/cropped-Untitled-design-1.png","contentUrl":"https:\/\/www.athajos.com\/\/wp-content\/uploads\/2023\/03\/cropped-Untitled-design-1.png","width":1282,"height":601,"caption":"ATHAJOS"},"image":{"@id":"https:\/\/www.athajos.com\/#\/schema\/logo\/image\/"}}]}},"_links":{"self":[{"href":"https:\/\/www.athajos.com\/index.php\/wp-json\/wp\/v2\/pages\/414"}],"collection":[{"href":"https:\/\/www.athajos.com\/index.php\/wp-json\/wp\/v2\/pages"}],"about":[{"href":"https:\/\/www.athajos.com\/index.php\/wp-json\/wp\/v2\/types\/page"}],"author":[{"embeddable":true,"href":"https:\/\/www.athajos.com\/index.php\/wp-json\/wp\/v2\/users\/1"}],"replies":[{"embeddable":true,"href":"https:\/\/www.athajos.com\/index.php\/wp-json\/wp\/v2\/comments?post=414"}],"version-history":[{"count":19,"href":"https:\/\/www.athajos.com\/index.php\/wp-json\/wp\/v2\/pages\/414\/revisions"}],"predecessor-version":[{"id":758,"href":"https:\/\/www.athajos.com\/index.php\/wp-json\/wp\/v2\/pages\/414\/revisions\/758"}],"wp:attachment":[{"href":"https:\/\/www.athajos.com\/index.php\/wp-json\/wp\/v2\/media?parent=414"}],"curies":[{"name":"wp","href":"https:\/\/api.w.org\/{rel}","templated":true}]}}