{"id":546,"date":"2022-07-20T01:52:02","date_gmt":"2022-07-20T06:52:02","guid":{"rendered":"http:\/\/www.athajosescueladevida.com\/?page_id=546"},"modified":"2023-04-12T22:49:09","modified_gmt":"2023-04-13T03:49:09","slug":"consejeria-psicologica","status":"publish","type":"page","link":"https:\/\/www.athajos.com\/index.php\/consejeria-psicologica\/","title":{"rendered":"CONSEJERIA PSICOL\u00d3GICA"},"content":{"rendered":"\n<div class=\"wp-block-columns alignfull has-background-color has-text-color has-background is-layout-flex wp-container-core-columns-layout-1 wp-block-columns-is-layout-flex\" style=\"background:linear-gradient(135deg,rgb(255,245,203) 0%,rgb(182,227,212) 14%,rgb(51,167,181) 31%)\">\n<div class=\"wp-block-column is-vertically-aligned-top is-layout-flow wp-block-column-is-layout-flow\">\n<div class=\"wp-block-group is-layout-flow wp-block-group-is-layout-flow\"><div class=\"wp-block-group__inner-container\">\n<h2 class=\"wp-block-heading alignwide has-text-align-center\">CONSEJER\u00cdA PSICOL\u00d3GICA<\/h2>\n<\/div><\/div>\n<\/div>\n<\/div>\n\n\n\n<div class=\"wp-block-columns alignwide is-layout-flex wp-container-core-columns-layout-2 wp-block-columns-is-layout-flex\">\n<div class=\"wp-block-column is-layout-flow wp-block-column-is-layout-flow\" style=\"flex-basis:66.66%\">\n<figure class=\"wp-block-image size-large\"><img loading=\"lazy\" decoding=\"async\" width=\"1024\" height=\"768\" src=\"http:\/\/www.athajosescueladevida.com\/wp-content\/uploads\/2022\/07\/WhatsApp-Image-2022-07-07-at-11.18.09-AM-3-1-1024x768.jpeg\" alt=\"\" class=\"wp-image-564\" srcset=\"https:\/\/www.athajos.com\/\/wp-content\/uploads\/2022\/07\/WhatsApp-Image-2022-07-07-at-11.18.09-AM-3-1-1024x768.jpeg 1024w, https:\/\/www.athajos.com\/\/wp-content\/uploads\/2022\/07\/WhatsApp-Image-2022-07-07-at-11.18.09-AM-3-1-300x225.jpeg 300w, https:\/\/www.athajos.com\/\/wp-content\/uploads\/2022\/07\/WhatsApp-Image-2022-07-07-at-11.18.09-AM-3-1-768x576.jpeg 768w, https:\/\/www.athajos.com\/\/wp-content\/uploads\/2022\/07\/WhatsApp-Image-2022-07-07-at-11.18.09-AM-3-1-1200x900.jpeg 1200w, https:\/\/www.athajos.com\/\/wp-content\/uploads\/2022\/07\/WhatsApp-Image-2022-07-07-at-11.18.09-AM-3-1.jpeg 1280w\" sizes=\"(max-width: 1024px) 100vw, 1024px\" \/><\/figure>\n\n\n\n<p class=\"has-text-align-left\">La Consejer\u00eda psicol\u00f3gica es una actividad ejercida por psic\u00f3logos, quienes ayudan a otros a mejorar su bienestar, aliviar sus preocupaciones, resolver sus crisis e incrementar sus habilidades para resolver problemas y tomar decisiones.<\/p>\n\n\n\n<p>Este servicio posibilita y facilita el crecimiento psicol\u00f3gico y el desarrollo, ayudando al mejor uso de sus habilidades y recursos, existentes y orient\u00e1ndolas a desarrollar nuevas formas de ayudarse a s\u00ed mismos.<\/p>\n\n\n\n<p>Pone particular atenci\u00f3n a las definiciones, creencias, contexto y procesos que son construidos tanto dentro como entre las personas y que afectan el bienestar psicol\u00f3gico de las mismas.<\/p>\n\n\n\n<p>Los problemas pueden ser: actitudinales y de conducta, educativas, emocionales, sociales, relacionadas con la salud o el desarrollo.<\/p>\n\n\n\n<div class=\"wp-block-media-text alignwide is-stacked-on-mobile\" style=\"grid-template-columns:15% auto\"><figure class=\"wp-block-media-text__media\"><a href=\"https:\/\/api.whatsapp.com\/send?phone=975581850&amp;text=Quiero%20saber%20m%C3%A1s...\"><img loading=\"lazy\" decoding=\"async\" width=\"479\" height=\"482\" src=\"http:\/\/www.athajosescueladevida.com\/wp-content\/uploads\/2022\/07\/WhatsApp.svg_.webp\" alt=\"\" class=\"wp-image-540 size-full\" srcset=\"https:\/\/www.athajos.com\/\/wp-content\/uploads\/2022\/07\/WhatsApp.svg_.webp 479w, https:\/\/www.athajos.com\/\/wp-content\/uploads\/2022\/07\/WhatsApp.svg_-298x300.webp 298w, https:\/\/www.athajos.com\/\/wp-content\/uploads\/2022\/07\/WhatsApp.svg_-150x150.webp 150w\" sizes=\"(max-width: 479px) 100vw, 479px\" \/><\/a><\/figure><div class=\"wp-block-media-text__content\">\n<p><strong>\u00bfQuieres saber mas de nuestros cursos?<\/strong><\/p>\n\n\n\n<p><strong>Env\u00edanos un mensaje al WhatsApp <a href=\"https:\/\/api.whatsapp.com\/send?phone=975581850&amp;text=Quiero%20saber%20m%C3%A1s...\">975581850<\/a><\/strong><\/p>\n<\/div><\/div>\n<\/div>\n\n\n\n<div class=\"wp-block-column has-primary-color has-pale-ocean-gradient-background has-text-color has-background is-layout-flow wp-block-column-is-layout-flow\">\n<p><\/p>\n\n\n\n<div class=\"wp-block-buttons is-content-justification-center is-layout-flex wp-container-core-buttons-layout-1 wp-block-buttons-is-layout-flex\">\n<div class=\"wp-block-button is-style-fill\"><a class=\"wp-block-button__link has-secondary-background-color has-background wp-element-button\" style=\"border-radius:15px\">MAS TALLERES PARA TI:<\/a><\/div>\n<\/div>\n\n\n\n<figure class=\"wp-block-video\"><\/figure>\n\n\n\n<figure class=\"wp-block-video\"><\/figure>\n\n\n\n<p><\/p>\n\n\n\n<p class=\"has-text-align-center has-primary-background-color has-background has-normal-font-size\" style=\"font-style:normal;font-weight:900\"><strong><a href=\"http:\/\/www.athajosescueladevida.com\/index.php\/terapia-individual\/\" target=\"_blank\" rel=\"noreferrer noopener\">TERAPIA INDIVIDUAL<\/a><\/strong><\/p>\n\n\n\n<figure class=\"wp-block-gallery has-nested-images columns-default is-cropped wp-block-gallery-1 is-layout-flex wp-block-gallery-is-layout-flex\">\n<figure class=\"wp-block-image size-large is-style-default\"><a href=\"http:\/\/www.athajosescueladevida.com\/index.php\/terapia-individual\/\"><img loading=\"lazy\" decoding=\"async\" width=\"1024\" height=\"576\" src=\"https:\/\/www.athajos.com\/\/wp-content\/uploads\/2022\/07\/ter.-individual-10-edited-1024x576.jpg\" alt=\"\" class=\"wp-image-551\" srcset=\"https:\/\/www.athajos.com\/\/wp-content\/uploads\/2022\/07\/ter.-individual-10-edited-1024x576.jpg 1024w, https:\/\/www.athajos.com\/\/wp-content\/uploads\/2022\/07\/ter.-individual-10-edited-300x169.jpg 300w, https:\/\/www.athajos.com\/\/wp-content\/uploads\/2022\/07\/ter.-individual-10-edited-768x432.jpg 768w, https:\/\/www.athajos.com\/\/wp-content\/uploads\/2022\/07\/ter.-individual-10-edited-1536x863.jpg 1536w, https:\/\/www.athajos.com\/\/wp-content\/uploads\/2022\/07\/ter.-individual-10-edited-1200x674.jpg 1200w, https:\/\/www.athajos.com\/\/wp-content\/uploads\/2022\/07\/ter.-individual-10-edited.jpg 1772w\" sizes=\"(max-width: 1024px) 100vw, 1024px\" \/><\/a><figcaption class=\"wp-element-caption\">Aqu\u00ed te ayudaremos a que tengas un mayor conocimiento sobre ti mismo.<\/figcaption><\/figure>\n<\/figure>\n\n\n\n<p class=\"has-text-align-center has-primary-background-color has-background\"><strong>CONVERSANDO ENTRE PSIC\u00d3LOGO<\/strong><\/p>\n\n\n\n<figure class=\"wp-block-embed is-type-video is-provider-youtube wp-block-embed-youtube wp-embed-aspect-16-9 wp-has-aspect-ratio\"><div class=\"wp-block-embed__wrapper\">\n<iframe loading=\"lazy\" title=\"Programa Conversando entre Psicologos   Entrevista TITO CHUNGA\" width=\"580\" height=\"326\" src=\"https:\/\/www.youtube.com\/embed\/ql5fFpuqJtE?feature=oembed\" frameborder=\"0\" allow=\"accelerometer; autoplay; clipboard-write; encrypted-media; gyroscope; picture-in-picture; web-share\" allowfullscreen><\/iframe>\n<\/div><\/figure>\n\n\n\n<figure class=\"wp-block-embed is-type-video is-provider-youtube wp-block-embed-youtube wp-embed-aspect-16-9 wp-has-aspect-ratio\"><div class=\"wp-block-embed__wrapper\">\n<iframe loading=\"lazy\" title=\"Programa Conversando entre Psicologos   Entrevista TITO CHUNGA\" width=\"580\" height=\"326\" src=\"https:\/\/www.youtube.com\/embed\/ql5fFpuqJtE?feature=oembed\" frameborder=\"0\" allow=\"accelerometer; autoplay; clipboard-write; encrypted-media; gyroscope; picture-in-picture; web-share\" allowfullscreen><\/iframe>\n<\/div><\/figure>\n\n\n\n<figure class=\"wp-block-video\"><\/figure>\n<\/div>\n<\/div>\n","protected":false},"excerpt":{"rendered":"<p>CONSEJER\u00cdA PSICOL\u00d3GICA La Consejer\u00eda psicol\u00f3gica es una actividad ejercida por psic\u00f3logos, quienes ayudan a otros a mejorar su bienestar, aliviar sus preocupaciones, resolver sus crisis e incrementar sus habilidades para resolver problemas y tomar decisiones. Este servicio posibilita y facilita el crecimiento psicol\u00f3gico y el desarrollo, ayudando al mejor uso de sus habilidades y recursos, [&hellip;]<\/p>\n","protected":false},"author":1,"featured_media":0,"parent":0,"menu_order":0,"comment_status":"closed","ping_status":"closed","template":"","meta":{"footnotes":"","_joinchat":[]},"yoast_head":"<!-- This site is optimized with the Yoast SEO plugin v21.7 - https:\/\/yoast.com\/wordpress\/plugins\/seo\/ -->\n<title>CONSEJERIA PSICOL\u00d3GICA - ATHAJOS<\/title>\n<meta name=\"robots\" content=\"index, follow, max-snippet:-1, max-image-preview:large, max-video-preview:-1\" \/>\n<link rel=\"canonical\" href=\"https:\/\/www.athajos.com\/index.php\/consejeria-psicologica\/\" \/>\n<meta property=\"og:locale\" content=\"es_ES\" \/>\n<meta property=\"og:type\" content=\"article\" \/>\n<meta property=\"og:title\" content=\"CONSEJERIA PSICOL\u00d3GICA - ATHAJOS\" \/>\n<meta property=\"og:description\" content=\"CONSEJER\u00cdA PSICOL\u00d3GICA La Consejer\u00eda psicol\u00f3gica es una actividad ejercida por psic\u00f3logos, quienes ayudan a otros a mejorar su bienestar, aliviar sus preocupaciones, resolver sus crisis e incrementar sus habilidades para resolver problemas y tomar decisiones. Este servicio posibilita y facilita el crecimiento psicol\u00f3gico y el desarrollo, ayudando al mejor uso de sus habilidades y recursos, [&hellip;]\" \/>\n<meta property=\"og:url\" content=\"https:\/\/www.athajos.com\/index.php\/consejeria-psicologica\/\" \/>\n<meta property=\"og:site_name\" content=\"ATHAJOS\" \/>\n<meta property=\"article:modified_time\" content=\"2023-04-13T03:49:09+00:00\" \/>\n<meta property=\"og:image\" content=\"http:\/\/www.athajosescueladevida.com\/wp-content\/uploads\/2022\/07\/WhatsApp-Image-2022-07-07-at-11.18.09-AM-3-1-1024x768.jpeg\" \/>\n<meta name=\"twitter:card\" content=\"summary_large_image\" \/>\n<meta name=\"twitter:label1\" content=\"Est. reading time\" \/>\n\t<meta name=\"twitter:data1\" content=\"2 minutos\" \/>\n<script type=\"application\/ld+json\" class=\"yoast-schema-graph\">{\"@context\":\"https:\/\/schema.org\",\"@graph\":[{\"@type\":\"WebPage\",\"@id\":\"https:\/\/www.athajos.com\/index.php\/consejeria-psicologica\/\",\"url\":\"https:\/\/www.athajos.com\/index.php\/consejeria-psicologica\/\",\"name\":\"CONSEJERIA PSICOL\u00d3GICA - ATHAJOS\",\"isPartOf\":{\"@id\":\"https:\/\/www.athajos.com\/#website\"},\"datePublished\":\"2022-07-20T06:52:02+00:00\",\"dateModified\":\"2023-04-13T03:49:09+00:00\",\"breadcrumb\":{\"@id\":\"https:\/\/www.athajos.com\/index.php\/consejeria-psicologica\/#breadcrumb\"},\"inLanguage\":\"es-PE\",\"potentialAction\":[{\"@type\":\"ReadAction\",\"target\":[\"https:\/\/www.athajos.com\/index.php\/consejeria-psicologica\/\"]}]},{\"@type\":\"BreadcrumbList\",\"@id\":\"https:\/\/www.athajos.com\/index.php\/consejeria-psicologica\/#breadcrumb\",\"itemListElement\":[{\"@type\":\"ListItem\",\"position\":1,\"name\":\"Portada\",\"item\":\"https:\/\/www.athajos.com\/\"},{\"@type\":\"ListItem\",\"position\":2,\"name\":\"CONSEJERIA PSICOL\u00d3GICA\"}]},{\"@type\":\"WebSite\",\"@id\":\"https:\/\/www.athajos.com\/#website\",\"url\":\"https:\/\/www.athajos.com\/\",\"name\":\"ATHAJOS\",\"description\":\"\",\"publisher\":{\"@id\":\"https:\/\/www.athajos.com\/#organization\"},\"potentialAction\":[{\"@type\":\"SearchAction\",\"target\":{\"@type\":\"EntryPoint\",\"urlTemplate\":\"https:\/\/www.athajos.com\/?s={search_term_string}\"},\"query-input\":\"required name=search_term_string\"}],\"inLanguage\":\"es-PE\"},{\"@type\":\"Organization\",\"@id\":\"https:\/\/www.athajos.com\/#organization\",\"name\":\"ATHAJOS\",\"url\":\"https:\/\/www.athajos.com\/\",\"logo\":{\"@type\":\"ImageObject\",\"inLanguage\":\"es-PE\",\"@id\":\"https:\/\/www.athajos.com\/#\/schema\/logo\/image\/\",\"url\":\"https:\/\/www.athajos.com\/\/wp-content\/uploads\/2023\/03\/cropped-Untitled-design-1.png\",\"contentUrl\":\"https:\/\/www.athajos.com\/\/wp-content\/uploads\/2023\/03\/cropped-Untitled-design-1.png\",\"width\":1282,\"height\":601,\"caption\":\"ATHAJOS\"},\"image\":{\"@id\":\"https:\/\/www.athajos.com\/#\/schema\/logo\/image\/\"}}]}<\/script>\n<!-- \/ Yoast SEO plugin. -->","yoast_head_json":{"title":"CONSEJERIA PSICOL\u00d3GICA - ATHAJOS","robots":{"index":"index","follow":"follow","max-snippet":"max-snippet:-1","max-image-preview":"max-image-preview:large","max-video-preview":"max-video-preview:-1"},"canonical":"https:\/\/www.athajos.com\/index.php\/consejeria-psicologica\/","og_locale":"es_ES","og_type":"article","og_title":"CONSEJERIA PSICOL\u00d3GICA - ATHAJOS","og_description":"CONSEJER\u00cdA PSICOL\u00d3GICA La Consejer\u00eda psicol\u00f3gica es una actividad ejercida por psic\u00f3logos, quienes ayudan a otros a mejorar su bienestar, aliviar sus preocupaciones, resolver sus crisis e incrementar sus habilidades para resolver problemas y tomar decisiones. Este servicio posibilita y facilita el crecimiento psicol\u00f3gico y el desarrollo, ayudando al mejor uso de sus habilidades y recursos, [&hellip;]","og_url":"https:\/\/www.athajos.com\/index.php\/consejeria-psicologica\/","og_site_name":"ATHAJOS","article_modified_time":"2023-04-13T03:49:09+00:00","og_image":[{"url":"http:\/\/www.athajosescueladevida.com\/wp-content\/uploads\/2022\/07\/WhatsApp-Image-2022-07-07-at-11.18.09-AM-3-1-1024x768.jpeg"}],"twitter_card":"summary_large_image","twitter_misc":{"Est. reading time":"2 minutos"},"schema":{"@context":"https:\/\/schema.org","@graph":[{"@type":"WebPage","@id":"https:\/\/www.athajos.com\/index.php\/consejeria-psicologica\/","url":"https:\/\/www.athajos.com\/index.php\/consejeria-psicologica\/","name":"CONSEJERIA PSICOL\u00d3GICA - ATHAJOS","isPartOf":{"@id":"https:\/\/www.athajos.com\/#website"},"datePublished":"2022-07-20T06:52:02+00:00","dateModified":"2023-04-13T03:49:09+00:00","breadcrumb":{"@id":"https:\/\/www.athajos.com\/index.php\/consejeria-psicologica\/#breadcrumb"},"inLanguage":"es-PE","potentialAction":[{"@type":"ReadAction","target":["https:\/\/www.athajos.com\/index.php\/consejeria-psicologica\/"]}]},{"@type":"BreadcrumbList","@id":"https:\/\/www.athajos.com\/index.php\/consejeria-psicologica\/#breadcrumb","itemListElement":[{"@type":"ListItem","position":1,"name":"Portada","item":"https:\/\/www.athajos.com\/"},{"@type":"ListItem","position":2,"name":"CONSEJERIA PSICOL\u00d3GICA"}]},{"@type":"WebSite","@id":"https:\/\/www.athajos.com\/#website","url":"https:\/\/www.athajos.com\/","name":"ATHAJOS","description":"","publisher":{"@id":"https:\/\/www.athajos.com\/#organization"},"potentialAction":[{"@type":"SearchAction","target":{"@type":"EntryPoint","urlTemplate":"https:\/\/www.athajos.com\/?s={search_term_string}"},"query-input":"required name=search_term_string"}],"inLanguage":"es-PE"},{"@type":"Organization","@id":"https:\/\/www.athajos.com\/#organization","name":"ATHAJOS","url":"https:\/\/www.athajos.com\/","logo":{"@type":"ImageObject","inLanguage":"es-PE","@id":"https:\/\/www.athajos.com\/#\/schema\/logo\/image\/","url":"https:\/\/www.athajos.com\/\/wp-content\/uploads\/2023\/03\/cropped-Untitled-design-1.png","contentUrl":"https:\/\/www.athajos.com\/\/wp-content\/uploads\/2023\/03\/cropped-Untitled-design-1.png","width":1282,"height":601,"caption":"ATHAJOS"},"image":{"@id":"https:\/\/www.athajos.com\/#\/schema\/logo\/image\/"}}]}},"_links":{"self":[{"href":"https:\/\/www.athajos.com\/index.php\/wp-json\/wp\/v2\/pages\/546"}],"collection":[{"href":"https:\/\/www.athajos.com\/index.php\/wp-json\/wp\/v2\/pages"}],"about":[{"href":"https:\/\/www.athajos.com\/index.php\/wp-json\/wp\/v2\/types\/page"}],"author":[{"embeddable":true,"href":"https:\/\/www.athajos.com\/index.php\/wp-json\/wp\/v2\/users\/1"}],"replies":[{"embeddable":true,"href":"https:\/\/www.athajos.com\/index.php\/wp-json\/wp\/v2\/comments?post=546"}],"version-history":[{"count":24,"href":"https:\/\/www.athajos.com\/index.php\/wp-json\/wp\/v2\/pages\/546\/revisions"}],"predecessor-version":[{"id":1074,"href":"https:\/\/www.athajos.com\/index.php\/wp-json\/wp\/v2\/pages\/546\/revisions\/1074"}],"wp:attachment":[{"href":"https:\/\/www.athajos.com\/index.php\/wp-json\/wp\/v2\/media?parent=546"}],"curies":[{"name":"wp","href":"https:\/\/api.w.org\/{rel}","templated":true}]}}