{"id":638,"date":"2022-07-24T00:12:42","date_gmt":"2022-07-24T05:12:42","guid":{"rendered":"http:\/\/www.athajosescueladevida.com\/?page_id=638"},"modified":"2022-07-24T21:19:52","modified_gmt":"2022-07-25T02:19:52","slug":"evaluacion-psicologica","status":"publish","type":"page","link":"https:\/\/www.athajos.com\/index.php\/evaluacion-psicologica\/","title":{"rendered":"EVALUACI\u00d3N PSICOL\u00d3GICA"},"content":{"rendered":"\n<div class=\"wp-block-columns alignfull has-background-color has-text-color has-background is-layout-flex wp-container-core-columns-layout-1 wp-block-columns-is-layout-flex\" style=\"background:linear-gradient(135deg,rgb(255,245,203) 0%,rgb(182,227,212) 14%,rgb(51,167,181) 31%)\">\n<div class=\"wp-block-column is-vertically-aligned-top is-layout-flow wp-block-column-is-layout-flow\">\n<div class=\"wp-block-group is-layout-flow wp-block-group-is-layout-flow\"><div class=\"wp-block-group__inner-container\">\n<h2 class=\"alignwide has-text-align-center wp-block-heading\">EVALUACI\u00d3N PSICOL\u00d3GICA<\/h2>\n<\/div><\/div>\n<\/div>\n<\/div>\n\n\n\n<div class=\"wp-block-columns alignwide is-layout-flex wp-container-core-columns-layout-2 wp-block-columns-is-layout-flex\">\n<div class=\"wp-block-column is-layout-flow wp-block-column-is-layout-flow\" style=\"flex-basis:66.66%\">\n<figure class=\"wp-block-image size-large\"><img loading=\"lazy\" decoding=\"async\" width=\"1024\" height=\"614\" src=\"http:\/\/www.athajosescueladevida.com\/wp-content\/uploads\/2022\/04\/cropped-terapia-psicologica-por-que-es-positivo-para-las-personas-1024x614.jpg\" alt=\"\" class=\"wp-image-131\" srcset=\"https:\/\/www.athajos.com\/\/wp-content\/uploads\/2022\/04\/cropped-terapia-psicologica-por-que-es-positivo-para-las-personas-1024x614.jpg 1024w, https:\/\/www.athajos.com\/\/wp-content\/uploads\/2022\/04\/cropped-terapia-psicologica-por-que-es-positivo-para-las-personas-300x180.jpg 300w, https:\/\/www.athajos.com\/\/wp-content\/uploads\/2022\/04\/cropped-terapia-psicologica-por-que-es-positivo-para-las-personas-768x460.jpg 768w, https:\/\/www.athajos.com\/\/wp-content\/uploads\/2022\/04\/cropped-terapia-psicologica-por-que-es-positivo-para-las-personas-1536x921.jpg 1536w, https:\/\/www.athajos.com\/\/wp-content\/uploads\/2022\/04\/cropped-terapia-psicologica-por-que-es-positivo-para-las-personas.jpg 2000w\" sizes=\"(max-width: 1024px) 100vw, 1024px\" \/><\/figure>\n\n\n\n<p>La entrevista psicol\u00f3gica es una t\u00e9cnica de evaluaci\u00f3n que utiliza la comunicaci\u00f3n verbal, escrita y gestual para obtener informaci\u00f3n, analizarla e interpretarla con fines de<br>asesoramiento, diagn\u00f3stico y terap\u00e9uticos. En la entrevista se establece una relaci\u00f3n directa y asim\u00e9trica con los clientes y se establecen unos objetivos que se pueden comunicar o no comunicar al paciente y que pueden ser parecidos o diferentes a los que consulta el paciente.<\/p>\n\n\n\n<p>La entrevista se desarrolla dentro de un marco determinado por el rol de psic\u00f3logo y<br>paciente.<\/p>\n\n\n\n<p>En cuanto al concepto de entrevista como m\u00e9todo o t\u00e9cnica de evaluaci\u00f3n o de tratamiento psicol\u00f3gico debemos destacar los siguientes criterios para considerarla entrevista psicol\u00f3gica:<br>1.- Relaci\u00f3n asim\u00e9trica y diferentes roles: Entrevistador-Entrevistado: Psic\u00f3logo\/paciente.<br>El entrevistador puede ser una persona o varias y el entrevistado una o varias personas a la vez o en diferentes ocasiones dentro de un contexto marcado por unas pautas que establecen los entrevistadores.<br>2.- Comunicaci\u00f3n verbal y gestual de la que se obtiene informaci\u00f3n para ser evaluada.<br>La informaci\u00f3n verbal y gestual es evaluada para realizar el diagn\u00f3stico, asesoramiento o intervenci\u00f3n psicol\u00f3gica<br>3.- Objetivos que conducen la entrevista<br>Los objetivos los propone el psic\u00f3logo y pueden o no coincidir con los del cliente-paciente, y puede comunicarlos o no al paciente-cliente seg\u00fan considere adecuado para obtener informaci\u00f3n.<br>4.- El objetivo \u00faltimo de la entrevista psicol\u00f3gica es obtener informaci\u00f3n para la toma de decisiones y proponer una posible soluci\u00f3n a la consulta por parte del paciente.<\/p>\n\n\n\n<div class=\"wp-block-media-text alignwide is-stacked-on-mobile\" style=\"grid-template-columns:15% auto\"><figure class=\"wp-block-media-text__media\"><a href=\"https:\/\/api.whatsapp.com\/send?phone=975581850&amp;text=Quiero%20saber%20m%C3%A1s...\"><img loading=\"lazy\" decoding=\"async\" width=\"479\" height=\"482\" src=\"http:\/\/www.athajosescueladevida.com\/wp-content\/uploads\/2022\/07\/WhatsApp.svg_.webp\" alt=\"\" class=\"wp-image-540 size-full\" srcset=\"https:\/\/www.athajos.com\/\/wp-content\/uploads\/2022\/07\/WhatsApp.svg_.webp 479w, https:\/\/www.athajos.com\/\/wp-content\/uploads\/2022\/07\/WhatsApp.svg_-298x300.webp 298w, https:\/\/www.athajos.com\/\/wp-content\/uploads\/2022\/07\/WhatsApp.svg_-150x150.webp 150w\" sizes=\"(max-width: 479px) 100vw, 479px\" \/><\/a><\/figure><div class=\"wp-block-media-text__content\">\n<p><strong>\u00bfQuieres saber mas de nuestros cursos?<\/strong><\/p>\n\n\n\n<p><strong>Env\u00edanos un mensaje al WhatsApp <a href=\"https:\/\/api.whatsapp.com\/send?phone=975581850&amp;text=Quiero%20saber%20m%C3%A1s...\">975581850<\/a><\/strong><\/p>\n<\/div><\/div>\n<\/div>\n\n\n\n<div class=\"wp-block-column has-primary-color has-pale-ocean-gradient-background has-text-color has-background is-layout-flow wp-block-column-is-layout-flow\">\n<p><\/p>\n\n\n\n<div class=\"wp-block-buttons is-content-justification-center is-layout-flex wp-container-core-buttons-layout-1 wp-block-buttons-is-layout-flex\">\n<div class=\"wp-block-button is-style-fill\"><a class=\"wp-block-button__link has-secondary-background-color has-background\" style=\"border-radius:15px\">MAS TALLERES PARA TI:<\/a><\/div>\n<\/div>\n\n\n\n<p><\/p>\n\n\n\n<p class=\"has-text-align-center has-primary-background-color has-background has-normal-font-size\" style=\"font-style:normal;font-weight:900\"><strong><a href=\"http:\/\/www.athajosescueladevida.com\/index.php\/terapia-grupal\/\" target=\"_blank\" rel=\"noreferrer noopener\">TERAPIA GRUPAL<\/a><\/strong><\/p>\n\n\n\n<figure class=\"wp-block-image size-large is-style-default\"><a href=\"http:\/\/www.athajosescueladevida.com\/index.php\/terapia-grupal\/\"><img loading=\"lazy\" decoding=\"async\" width=\"1024\" height=\"634\" src=\"http:\/\/www.athajosescueladevida.com\/wp-content\/uploads\/2022\/04\/73119-1024x634.webp\" alt=\"\" class=\"wp-image-197\" srcset=\"https:\/\/www.athajos.com\/\/wp-content\/uploads\/2022\/04\/73119-1024x634.webp 1024w, https:\/\/www.athajos.com\/\/wp-content\/uploads\/2022\/04\/73119-300x186.webp 300w, https:\/\/www.athajos.com\/\/wp-content\/uploads\/2022\/04\/73119-768x475.webp 768w, https:\/\/www.athajos.com\/\/wp-content\/uploads\/2022\/04\/73119.webp 1050w\" sizes=\"(max-width: 1024px) 100vw, 1024px\" \/><\/a><figcaption>Guiado por un psicoterapeuta, se puede lograr que un grupo peque\u00f1o se ayude mutuamente.<\/figcaption><\/figure>\n\n\n\n<p class=\"has-text-align-center has-primary-background-color has-background\"><strong>REFRIGERADOR EMOCIONAL<\/strong><\/p>\n\n\n\n<figure class=\"wp-block-embed is-type-video is-provider-youtube wp-block-embed-youtube wp-embed-aspect-16-9 wp-has-aspect-ratio\"><div class=\"wp-block-embed__wrapper\">\n<iframe loading=\"lazy\" title=\"Ps. Frailan Flores hablando sobre el &quot;Refrigerador Emocional&quot;\" width=\"580\" height=\"326\" src=\"https:\/\/www.youtube.com\/embed\/dxePVKtANk8?feature=oembed\" frameborder=\"0\" allow=\"accelerometer; autoplay; clipboard-write; encrypted-media; gyroscope; picture-in-picture\" allowfullscreen title=\"Ps. Frailan Flores hablando sobre el \"Refrigerador Emocional\"\"><\/iframe>\n<\/div><\/figure>\n<\/div>\n<\/div>\n","protected":false},"excerpt":{"rendered":"<p>EVALUACI\u00d3N PSICOL\u00d3GICA La entrevista psicol\u00f3gica es una t\u00e9cnica de evaluaci\u00f3n que utiliza la comunicaci\u00f3n verbal, escrita y gestual para obtener informaci\u00f3n, analizarla e interpretarla con fines deasesoramiento, diagn\u00f3stico y terap\u00e9uticos. En la entrevista se establece una relaci\u00f3n directa y asim\u00e9trica con los clientes y se establecen unos objetivos que se pueden comunicar o no comunicar [&hellip;]<\/p>\n","protected":false},"author":1,"featured_media":0,"parent":0,"menu_order":0,"comment_status":"closed","ping_status":"closed","template":"","meta":{"footnotes":"","_joinchat":[]},"yoast_head":"<!-- This site is optimized with the Yoast SEO plugin v21.7 - https:\/\/yoast.com\/wordpress\/plugins\/seo\/ -->\n<title>EVALUACI\u00d3N PSICOL\u00d3GICA - ATHAJOS<\/title>\n<meta name=\"robots\" content=\"index, follow, max-snippet:-1, max-image-preview:large, max-video-preview:-1\" \/>\n<link rel=\"canonical\" href=\"https:\/\/www.athajos.com\/index.php\/evaluacion-psicologica\/\" \/>\n<meta property=\"og:locale\" content=\"es_ES\" \/>\n<meta property=\"og:type\" content=\"article\" \/>\n<meta property=\"og:title\" content=\"EVALUACI\u00d3N PSICOL\u00d3GICA - ATHAJOS\" \/>\n<meta property=\"og:description\" content=\"EVALUACI\u00d3N PSICOL\u00d3GICA La entrevista psicol\u00f3gica es una t\u00e9cnica de evaluaci\u00f3n que utiliza la comunicaci\u00f3n verbal, escrita y gestual para obtener informaci\u00f3n, analizarla e interpretarla con fines deasesoramiento, diagn\u00f3stico y terap\u00e9uticos. En la entrevista se establece una relaci\u00f3n directa y asim\u00e9trica con los clientes y se establecen unos objetivos que se pueden comunicar o no comunicar [&hellip;]\" \/>\n<meta property=\"og:url\" content=\"https:\/\/www.athajos.com\/index.php\/evaluacion-psicologica\/\" \/>\n<meta property=\"og:site_name\" content=\"ATHAJOS\" \/>\n<meta property=\"article:modified_time\" content=\"2022-07-25T02:19:52+00:00\" \/>\n<meta property=\"og:image\" content=\"http:\/\/www.athajosescueladevida.com\/wp-content\/uploads\/2022\/04\/cropped-terapia-psicologica-por-que-es-positivo-para-las-personas-1024x614.jpg\" \/>\n<meta name=\"twitter:card\" content=\"summary_large_image\" \/>\n<meta name=\"twitter:label1\" content=\"Est. reading time\" \/>\n\t<meta name=\"twitter:data1\" content=\"2 minutos\" \/>\n<script type=\"application\/ld+json\" class=\"yoast-schema-graph\">{\"@context\":\"https:\/\/schema.org\",\"@graph\":[{\"@type\":\"WebPage\",\"@id\":\"https:\/\/www.athajos.com\/index.php\/evaluacion-psicologica\/\",\"url\":\"https:\/\/www.athajos.com\/index.php\/evaluacion-psicologica\/\",\"name\":\"EVALUACI\u00d3N PSICOL\u00d3GICA - ATHAJOS\",\"isPartOf\":{\"@id\":\"https:\/\/www.athajos.com\/#website\"},\"datePublished\":\"2022-07-24T05:12:42+00:00\",\"dateModified\":\"2022-07-25T02:19:52+00:00\",\"breadcrumb\":{\"@id\":\"https:\/\/www.athajos.com\/index.php\/evaluacion-psicologica\/#breadcrumb\"},\"inLanguage\":\"es-PE\",\"potentialAction\":[{\"@type\":\"ReadAction\",\"target\":[\"https:\/\/www.athajos.com\/index.php\/evaluacion-psicologica\/\"]}]},{\"@type\":\"BreadcrumbList\",\"@id\":\"https:\/\/www.athajos.com\/index.php\/evaluacion-psicologica\/#breadcrumb\",\"itemListElement\":[{\"@type\":\"ListItem\",\"position\":1,\"name\":\"Portada\",\"item\":\"https:\/\/www.athajos.com\/\"},{\"@type\":\"ListItem\",\"position\":2,\"name\":\"EVALUACI\u00d3N PSICOL\u00d3GICA\"}]},{\"@type\":\"WebSite\",\"@id\":\"https:\/\/www.athajos.com\/#website\",\"url\":\"https:\/\/www.athajos.com\/\",\"name\":\"ATHAJOS\",\"description\":\"\",\"publisher\":{\"@id\":\"https:\/\/www.athajos.com\/#organization\"},\"potentialAction\":[{\"@type\":\"SearchAction\",\"target\":{\"@type\":\"EntryPoint\",\"urlTemplate\":\"https:\/\/www.athajos.com\/?s={search_term_string}\"},\"query-input\":\"required name=search_term_string\"}],\"inLanguage\":\"es-PE\"},{\"@type\":\"Organization\",\"@id\":\"https:\/\/www.athajos.com\/#organization\",\"name\":\"ATHAJOS\",\"url\":\"https:\/\/www.athajos.com\/\",\"logo\":{\"@type\":\"ImageObject\",\"inLanguage\":\"es-PE\",\"@id\":\"https:\/\/www.athajos.com\/#\/schema\/logo\/image\/\",\"url\":\"https:\/\/www.athajos.com\/\/wp-content\/uploads\/2023\/03\/cropped-Untitled-design-1.png\",\"contentUrl\":\"https:\/\/www.athajos.com\/\/wp-content\/uploads\/2023\/03\/cropped-Untitled-design-1.png\",\"width\":1282,\"height\":601,\"caption\":\"ATHAJOS\"},\"image\":{\"@id\":\"https:\/\/www.athajos.com\/#\/schema\/logo\/image\/\"}}]}<\/script>\n<!-- \/ Yoast SEO plugin. -->","yoast_head_json":{"title":"EVALUACI\u00d3N PSICOL\u00d3GICA - ATHAJOS","robots":{"index":"index","follow":"follow","max-snippet":"max-snippet:-1","max-image-preview":"max-image-preview:large","max-video-preview":"max-video-preview:-1"},"canonical":"https:\/\/www.athajos.com\/index.php\/evaluacion-psicologica\/","og_locale":"es_ES","og_type":"article","og_title":"EVALUACI\u00d3N PSICOL\u00d3GICA - ATHAJOS","og_description":"EVALUACI\u00d3N PSICOL\u00d3GICA La entrevista psicol\u00f3gica es una t\u00e9cnica de evaluaci\u00f3n que utiliza la comunicaci\u00f3n verbal, escrita y gestual para obtener informaci\u00f3n, analizarla e interpretarla con fines deasesoramiento, diagn\u00f3stico y terap\u00e9uticos. En la entrevista se establece una relaci\u00f3n directa y asim\u00e9trica con los clientes y se establecen unos objetivos que se pueden comunicar o no comunicar [&hellip;]","og_url":"https:\/\/www.athajos.com\/index.php\/evaluacion-psicologica\/","og_site_name":"ATHAJOS","article_modified_time":"2022-07-25T02:19:52+00:00","og_image":[{"url":"http:\/\/www.athajosescueladevida.com\/wp-content\/uploads\/2022\/04\/cropped-terapia-psicologica-por-que-es-positivo-para-las-personas-1024x614.jpg"}],"twitter_card":"summary_large_image","twitter_misc":{"Est. reading time":"2 minutos"},"schema":{"@context":"https:\/\/schema.org","@graph":[{"@type":"WebPage","@id":"https:\/\/www.athajos.com\/index.php\/evaluacion-psicologica\/","url":"https:\/\/www.athajos.com\/index.php\/evaluacion-psicologica\/","name":"EVALUACI\u00d3N PSICOL\u00d3GICA - ATHAJOS","isPartOf":{"@id":"https:\/\/www.athajos.com\/#website"},"datePublished":"2022-07-24T05:12:42+00:00","dateModified":"2022-07-25T02:19:52+00:00","breadcrumb":{"@id":"https:\/\/www.athajos.com\/index.php\/evaluacion-psicologica\/#breadcrumb"},"inLanguage":"es-PE","potentialAction":[{"@type":"ReadAction","target":["https:\/\/www.athajos.com\/index.php\/evaluacion-psicologica\/"]}]},{"@type":"BreadcrumbList","@id":"https:\/\/www.athajos.com\/index.php\/evaluacion-psicologica\/#breadcrumb","itemListElement":[{"@type":"ListItem","position":1,"name":"Portada","item":"https:\/\/www.athajos.com\/"},{"@type":"ListItem","position":2,"name":"EVALUACI\u00d3N PSICOL\u00d3GICA"}]},{"@type":"WebSite","@id":"https:\/\/www.athajos.com\/#website","url":"https:\/\/www.athajos.com\/","name":"ATHAJOS","description":"","publisher":{"@id":"https:\/\/www.athajos.com\/#organization"},"potentialAction":[{"@type":"SearchAction","target":{"@type":"EntryPoint","urlTemplate":"https:\/\/www.athajos.com\/?s={search_term_string}"},"query-input":"required name=search_term_string"}],"inLanguage":"es-PE"},{"@type":"Organization","@id":"https:\/\/www.athajos.com\/#organization","name":"ATHAJOS","url":"https:\/\/www.athajos.com\/","logo":{"@type":"ImageObject","inLanguage":"es-PE","@id":"https:\/\/www.athajos.com\/#\/schema\/logo\/image\/","url":"https:\/\/www.athajos.com\/\/wp-content\/uploads\/2023\/03\/cropped-Untitled-design-1.png","contentUrl":"https:\/\/www.athajos.com\/\/wp-content\/uploads\/2023\/03\/cropped-Untitled-design-1.png","width":1282,"height":601,"caption":"ATHAJOS"},"image":{"@id":"https:\/\/www.athajos.com\/#\/schema\/logo\/image\/"}}]}},"_links":{"self":[{"href":"https:\/\/www.athajos.com\/index.php\/wp-json\/wp\/v2\/pages\/638"}],"collection":[{"href":"https:\/\/www.athajos.com\/index.php\/wp-json\/wp\/v2\/pages"}],"about":[{"href":"https:\/\/www.athajos.com\/index.php\/wp-json\/wp\/v2\/types\/page"}],"author":[{"embeddable":true,"href":"https:\/\/www.athajos.com\/index.php\/wp-json\/wp\/v2\/users\/1"}],"replies":[{"embeddable":true,"href":"https:\/\/www.athajos.com\/index.php\/wp-json\/wp\/v2\/comments?post=638"}],"version-history":[{"count":7,"href":"https:\/\/www.athajos.com\/index.php\/wp-json\/wp\/v2\/pages\/638\/revisions"}],"predecessor-version":[{"id":665,"href":"https:\/\/www.athajos.com\/index.php\/wp-json\/wp\/v2\/pages\/638\/revisions\/665"}],"wp:attachment":[{"href":"https:\/\/www.athajos.com\/index.php\/wp-json\/wp\/v2\/media?parent=638"}],"curies":[{"name":"wp","href":"https:\/\/api.w.org\/{rel}","templated":true}]}}