{"id":649,"date":"2022-07-24T20:48:38","date_gmt":"2022-07-25T01:48:38","guid":{"rendered":"http:\/\/www.athajosescueladevida.com\/?page_id=649"},"modified":"2022-07-24T21:19:47","modified_gmt":"2022-07-25T02:19:47","slug":"terapia-individual","status":"publish","type":"page","link":"https:\/\/www.athajos.com\/index.php\/terapia-individual\/","title":{"rendered":"TERAPIA INDIVIDUAL"},"content":{"rendered":"\n<div class=\"wp-block-columns alignfull has-background-color has-text-color has-background is-layout-flex wp-container-core-columns-layout-1 wp-block-columns-is-layout-flex\" style=\"background:linear-gradient(135deg,rgb(255,245,203) 0%,rgb(182,227,212) 14%,rgb(51,167,181) 31%)\">\n<div class=\"wp-block-column is-vertically-aligned-top is-layout-flow wp-block-column-is-layout-flow\">\n<div class=\"wp-block-group is-layout-flow wp-block-group-is-layout-flow\"><div class=\"wp-block-group__inner-container\">\n<h2 class=\"alignwide has-text-align-center wp-block-heading\">TERAPIA INDIVIDUAL<\/h2>\n<\/div><\/div>\n<\/div>\n<\/div>\n\n\n\n<div class=\"wp-block-columns alignwide is-layout-flex wp-container-core-columns-layout-2 wp-block-columns-is-layout-flex\">\n<div class=\"wp-block-column is-layout-flow wp-block-column-is-layout-flow\" style=\"flex-basis:66.66%\">\n<figure class=\"wp-block-image size-large\"><img loading=\"lazy\" decoding=\"async\" width=\"1024\" height=\"576\" src=\"http:\/\/www.athajosescueladevida.com\/wp-content\/uploads\/2022\/07\/ter.-individual-10-edited-1024x576.jpg\" alt=\"\" class=\"wp-image-551\" srcset=\"https:\/\/www.athajos.com\/\/wp-content\/uploads\/2022\/07\/ter.-individual-10-edited-1024x576.jpg 1024w, https:\/\/www.athajos.com\/\/wp-content\/uploads\/2022\/07\/ter.-individual-10-edited-300x169.jpg 300w, https:\/\/www.athajos.com\/\/wp-content\/uploads\/2022\/07\/ter.-individual-10-edited-768x432.jpg 768w, https:\/\/www.athajos.com\/\/wp-content\/uploads\/2022\/07\/ter.-individual-10-edited-1536x863.jpg 1536w, https:\/\/www.athajos.com\/\/wp-content\/uploads\/2022\/07\/ter.-individual-10-edited-1200x674.jpg 1200w, https:\/\/www.athajos.com\/\/wp-content\/uploads\/2022\/07\/ter.-individual-10-edited.jpg 1772w\" sizes=\"(max-width: 1024px) 100vw, 1024px\" \/><\/figure>\n\n\n\n<p>En la terapia individual ayudamos a que los pacientes tengan un mayor conocimiento sobre s\u00ed mismo. Ayudamos a entender sus emociones, sus conductas y c\u00f3mo sus pensamientos (muchas veces autom\u00e1ticos) dan forma a su malestar. De esta forma aprenden a dominar sus emociones negativas, mejoran su capacidad para tomar decisiones y desarrollan una autoestima sana, que les permite relacionarse mejor consigo mismo y con los dem\u00e1s. <\/p>\n\n\n\n<p>En la primera sesi\u00f3n tratamos de comprender la situaci\u00f3n emocional que atraviesan y le<br>damos orientaciones sobre c\u00f3mo podemos avanzar para que se encuentren mejor. A veces se puede hacer un diagn\u00f3stico psicol\u00f3gico en la primera sesi\u00f3n, pero es prudente esperar si la situaci\u00f3n es complicada.<\/p>\n\n\n\n<p>Despu\u00e9s de esta primera sesi\u00f3n, si es necesario, se iniciar\u00eda una fase de exploraci\u00f3n en<br>profundidad de su problema y sus circunstancias y posteriormente ir\u00edamos ayud\u00e1ndolo a comprender mejor su malestar y las formas m\u00e1s eficaces de hacerle frente.<\/p>\n\n\n\n<div class=\"wp-block-media-text alignwide is-stacked-on-mobile\" style=\"grid-template-columns:15% auto\"><figure class=\"wp-block-media-text__media\"><a href=\"https:\/\/api.whatsapp.com\/send?phone=975581850&amp;text=Quiero%20saber%20m%C3%A1s...\"><img loading=\"lazy\" decoding=\"async\" width=\"479\" height=\"482\" src=\"http:\/\/www.athajosescueladevida.com\/wp-content\/uploads\/2022\/07\/WhatsApp.svg_.webp\" alt=\"\" class=\"wp-image-540 size-full\" srcset=\"https:\/\/www.athajos.com\/\/wp-content\/uploads\/2022\/07\/WhatsApp.svg_.webp 479w, https:\/\/www.athajos.com\/\/wp-content\/uploads\/2022\/07\/WhatsApp.svg_-298x300.webp 298w, https:\/\/www.athajos.com\/\/wp-content\/uploads\/2022\/07\/WhatsApp.svg_-150x150.webp 150w\" sizes=\"(max-width: 479px) 100vw, 479px\" \/><\/a><\/figure><div class=\"wp-block-media-text__content\">\n<p><strong>\u00bfQuieres saber mas de nuestros cursos?<\/strong><\/p>\n\n\n\n<p><strong>Env\u00edanos un mensaje al WhatsApp <a href=\"https:\/\/api.whatsapp.com\/send?phone=975581850&amp;text=Quiero%20saber%20m%C3%A1s...\">975581850<\/a><\/strong><\/p>\n<\/div><\/div>\n<\/div>\n\n\n\n<div class=\"wp-block-column has-primary-color has-pale-ocean-gradient-background has-text-color has-background is-layout-flow wp-block-column-is-layout-flow\">\n<p><\/p>\n\n\n\n<div class=\"wp-block-buttons is-content-justification-center is-layout-flex wp-container-core-buttons-layout-1 wp-block-buttons-is-layout-flex\">\n<div class=\"wp-block-button is-style-fill\"><a class=\"wp-block-button__link has-secondary-background-color has-background\" style=\"border-radius:15px\">MAS TALLERES PARA TI:<\/a><\/div>\n<\/div>\n\n\n\n<p><\/p>\n\n\n\n<p class=\"has-text-align-center has-primary-background-color has-background has-normal-font-size\" style=\"font-style:normal;font-weight:900\"><strong><a href=\"http:\/\/www.athajosescueladevida.com\/index.php\/terapia-grupal\/\" target=\"_blank\" rel=\"noreferrer noopener\">TERAPIA GRUPAL<\/a><\/strong><\/p>\n\n\n\n<figure class=\"wp-block-image size-large is-style-default\"><a href=\"http:\/\/www.athajosescueladevida.com\/index.php\/terapia-grupal\/\"><img loading=\"lazy\" decoding=\"async\" width=\"1024\" height=\"634\" src=\"http:\/\/www.athajosescueladevida.com\/wp-content\/uploads\/2022\/04\/73119-1024x634.webp\" alt=\"\" class=\"wp-image-197\" srcset=\"https:\/\/www.athajos.com\/\/wp-content\/uploads\/2022\/04\/73119-1024x634.webp 1024w, https:\/\/www.athajos.com\/\/wp-content\/uploads\/2022\/04\/73119-300x186.webp 300w, https:\/\/www.athajos.com\/\/wp-content\/uploads\/2022\/04\/73119-768x475.webp 768w, https:\/\/www.athajos.com\/\/wp-content\/uploads\/2022\/04\/73119.webp 1050w\" sizes=\"(max-width: 1024px) 100vw, 1024px\" \/><\/a><figcaption>Guiado por un psicoterapeuta, se puede lograr que un grupo peque\u00f1o se ayude mutuamente.<\/figcaption><\/figure>\n\n\n\n<p class=\"has-text-align-center has-primary-background-color has-background\"><strong>COMO AFRONTAR EL DESEQUILIBRIO EMOCIONAL Y LABORAL<\/strong><\/p>\n\n\n\n<figure class=\"wp-block-embed is-type-video is-provider-youtube wp-block-embed-youtube wp-embed-aspect-4-3 wp-has-aspect-ratio\"><div class=\"wp-block-embed__wrapper\">\n<iframe loading=\"lazy\" title=\"Psic\u00f3logo Frailan FLORES \u00bfComo afrontar el desequilibrio Emocional y Laboral en tiempo de Pandemia?\" width=\"580\" height=\"435\" src=\"https:\/\/www.youtube.com\/embed\/Db6OT-Wx5dc?start=481&#038;feature=oembed\" frameborder=\"0\" allow=\"accelerometer; autoplay; clipboard-write; encrypted-media; gyroscope; picture-in-picture\" allowfullscreen><\/iframe>\n<\/div><\/figure>\n<\/div>\n<\/div>\n","protected":false},"excerpt":{"rendered":"<p>TERAPIA INDIVIDUAL En la terapia individual ayudamos a que los pacientes tengan un mayor conocimiento sobre s\u00ed mismo. Ayudamos a entender sus emociones, sus conductas y c\u00f3mo sus pensamientos (muchas veces autom\u00e1ticos) dan forma a su malestar. De esta forma aprenden a dominar sus emociones negativas, mejoran su capacidad para tomar decisiones y desarrollan una [&hellip;]<\/p>\n","protected":false},"author":1,"featured_media":0,"parent":0,"menu_order":0,"comment_status":"closed","ping_status":"closed","template":"","meta":{"footnotes":"","_joinchat":[]},"yoast_head":"<!-- This site is optimized with the Yoast SEO plugin v21.7 - https:\/\/yoast.com\/wordpress\/plugins\/seo\/ -->\n<title>TERAPIA INDIVIDUAL - ATHAJOS<\/title>\n<meta name=\"robots\" content=\"index, follow, max-snippet:-1, max-image-preview:large, max-video-preview:-1\" \/>\n<link rel=\"canonical\" href=\"https:\/\/www.athajos.com\/index.php\/terapia-individual\/\" \/>\n<meta property=\"og:locale\" content=\"es_ES\" \/>\n<meta property=\"og:type\" content=\"article\" \/>\n<meta property=\"og:title\" content=\"TERAPIA INDIVIDUAL - ATHAJOS\" \/>\n<meta property=\"og:description\" content=\"TERAPIA INDIVIDUAL En la terapia individual ayudamos a que los pacientes tengan un mayor conocimiento sobre s\u00ed mismo. Ayudamos a entender sus emociones, sus conductas y c\u00f3mo sus pensamientos (muchas veces autom\u00e1ticos) dan forma a su malestar. De esta forma aprenden a dominar sus emociones negativas, mejoran su capacidad para tomar decisiones y desarrollan una [&hellip;]\" \/>\n<meta property=\"og:url\" content=\"https:\/\/www.athajos.com\/index.php\/terapia-individual\/\" \/>\n<meta property=\"og:site_name\" content=\"ATHAJOS\" \/>\n<meta property=\"article:modified_time\" content=\"2022-07-25T02:19:47+00:00\" \/>\n<meta property=\"og:image\" content=\"http:\/\/www.athajosescueladevida.com\/wp-content\/uploads\/2022\/07\/ter.-individual-10-edited-1024x576.jpg\" \/>\n<meta name=\"twitter:card\" content=\"summary_large_image\" \/>\n<meta name=\"twitter:label1\" content=\"Est. reading time\" \/>\n\t<meta name=\"twitter:data1\" content=\"2 minutos\" \/>\n<script type=\"application\/ld+json\" class=\"yoast-schema-graph\">{\"@context\":\"https:\/\/schema.org\",\"@graph\":[{\"@type\":\"WebPage\",\"@id\":\"https:\/\/www.athajos.com\/index.php\/terapia-individual\/\",\"url\":\"https:\/\/www.athajos.com\/index.php\/terapia-individual\/\",\"name\":\"TERAPIA INDIVIDUAL - ATHAJOS\",\"isPartOf\":{\"@id\":\"https:\/\/www.athajos.com\/#website\"},\"datePublished\":\"2022-07-25T01:48:38+00:00\",\"dateModified\":\"2022-07-25T02:19:47+00:00\",\"breadcrumb\":{\"@id\":\"https:\/\/www.athajos.com\/index.php\/terapia-individual\/#breadcrumb\"},\"inLanguage\":\"es-PE\",\"potentialAction\":[{\"@type\":\"ReadAction\",\"target\":[\"https:\/\/www.athajos.com\/index.php\/terapia-individual\/\"]}]},{\"@type\":\"BreadcrumbList\",\"@id\":\"https:\/\/www.athajos.com\/index.php\/terapia-individual\/#breadcrumb\",\"itemListElement\":[{\"@type\":\"ListItem\",\"position\":1,\"name\":\"Portada\",\"item\":\"https:\/\/www.athajos.com\/\"},{\"@type\":\"ListItem\",\"position\":2,\"name\":\"TERAPIA INDIVIDUAL\"}]},{\"@type\":\"WebSite\",\"@id\":\"https:\/\/www.athajos.com\/#website\",\"url\":\"https:\/\/www.athajos.com\/\",\"name\":\"ATHAJOS\",\"description\":\"\",\"publisher\":{\"@id\":\"https:\/\/www.athajos.com\/#organization\"},\"potentialAction\":[{\"@type\":\"SearchAction\",\"target\":{\"@type\":\"EntryPoint\",\"urlTemplate\":\"https:\/\/www.athajos.com\/?s={search_term_string}\"},\"query-input\":\"required name=search_term_string\"}],\"inLanguage\":\"es-PE\"},{\"@type\":\"Organization\",\"@id\":\"https:\/\/www.athajos.com\/#organization\",\"name\":\"ATHAJOS\",\"url\":\"https:\/\/www.athajos.com\/\",\"logo\":{\"@type\":\"ImageObject\",\"inLanguage\":\"es-PE\",\"@id\":\"https:\/\/www.athajos.com\/#\/schema\/logo\/image\/\",\"url\":\"https:\/\/www.athajos.com\/\/wp-content\/uploads\/2023\/03\/cropped-Untitled-design-1.png\",\"contentUrl\":\"https:\/\/www.athajos.com\/\/wp-content\/uploads\/2023\/03\/cropped-Untitled-design-1.png\",\"width\":1282,\"height\":601,\"caption\":\"ATHAJOS\"},\"image\":{\"@id\":\"https:\/\/www.athajos.com\/#\/schema\/logo\/image\/\"}}]}<\/script>\n<!-- \/ Yoast SEO plugin. -->","yoast_head_json":{"title":"TERAPIA INDIVIDUAL - ATHAJOS","robots":{"index":"index","follow":"follow","max-snippet":"max-snippet:-1","max-image-preview":"max-image-preview:large","max-video-preview":"max-video-preview:-1"},"canonical":"https:\/\/www.athajos.com\/index.php\/terapia-individual\/","og_locale":"es_ES","og_type":"article","og_title":"TERAPIA INDIVIDUAL - ATHAJOS","og_description":"TERAPIA INDIVIDUAL En la terapia individual ayudamos a que los pacientes tengan un mayor conocimiento sobre s\u00ed mismo. Ayudamos a entender sus emociones, sus conductas y c\u00f3mo sus pensamientos (muchas veces autom\u00e1ticos) dan forma a su malestar. De esta forma aprenden a dominar sus emociones negativas, mejoran su capacidad para tomar decisiones y desarrollan una [&hellip;]","og_url":"https:\/\/www.athajos.com\/index.php\/terapia-individual\/","og_site_name":"ATHAJOS","article_modified_time":"2022-07-25T02:19:47+00:00","og_image":[{"url":"http:\/\/www.athajosescueladevida.com\/wp-content\/uploads\/2022\/07\/ter.-individual-10-edited-1024x576.jpg"}],"twitter_card":"summary_large_image","twitter_misc":{"Est. reading time":"2 minutos"},"schema":{"@context":"https:\/\/schema.org","@graph":[{"@type":"WebPage","@id":"https:\/\/www.athajos.com\/index.php\/terapia-individual\/","url":"https:\/\/www.athajos.com\/index.php\/terapia-individual\/","name":"TERAPIA INDIVIDUAL - ATHAJOS","isPartOf":{"@id":"https:\/\/www.athajos.com\/#website"},"datePublished":"2022-07-25T01:48:38+00:00","dateModified":"2022-07-25T02:19:47+00:00","breadcrumb":{"@id":"https:\/\/www.athajos.com\/index.php\/terapia-individual\/#breadcrumb"},"inLanguage":"es-PE","potentialAction":[{"@type":"ReadAction","target":["https:\/\/www.athajos.com\/index.php\/terapia-individual\/"]}]},{"@type":"BreadcrumbList","@id":"https:\/\/www.athajos.com\/index.php\/terapia-individual\/#breadcrumb","itemListElement":[{"@type":"ListItem","position":1,"name":"Portada","item":"https:\/\/www.athajos.com\/"},{"@type":"ListItem","position":2,"name":"TERAPIA INDIVIDUAL"}]},{"@type":"WebSite","@id":"https:\/\/www.athajos.com\/#website","url":"https:\/\/www.athajos.com\/","name":"ATHAJOS","description":"","publisher":{"@id":"https:\/\/www.athajos.com\/#organization"},"potentialAction":[{"@type":"SearchAction","target":{"@type":"EntryPoint","urlTemplate":"https:\/\/www.athajos.com\/?s={search_term_string}"},"query-input":"required name=search_term_string"}],"inLanguage":"es-PE"},{"@type":"Organization","@id":"https:\/\/www.athajos.com\/#organization","name":"ATHAJOS","url":"https:\/\/www.athajos.com\/","logo":{"@type":"ImageObject","inLanguage":"es-PE","@id":"https:\/\/www.athajos.com\/#\/schema\/logo\/image\/","url":"https:\/\/www.athajos.com\/\/wp-content\/uploads\/2023\/03\/cropped-Untitled-design-1.png","contentUrl":"https:\/\/www.athajos.com\/\/wp-content\/uploads\/2023\/03\/cropped-Untitled-design-1.png","width":1282,"height":601,"caption":"ATHAJOS"},"image":{"@id":"https:\/\/www.athajos.com\/#\/schema\/logo\/image\/"}}]}},"_links":{"self":[{"href":"https:\/\/www.athajos.com\/index.php\/wp-json\/wp\/v2\/pages\/649"}],"collection":[{"href":"https:\/\/www.athajos.com\/index.php\/wp-json\/wp\/v2\/pages"}],"about":[{"href":"https:\/\/www.athajos.com\/index.php\/wp-json\/wp\/v2\/types\/page"}],"author":[{"embeddable":true,"href":"https:\/\/www.athajos.com\/index.php\/wp-json\/wp\/v2\/users\/1"}],"replies":[{"embeddable":true,"href":"https:\/\/www.athajos.com\/index.php\/wp-json\/wp\/v2\/comments?post=649"}],"version-history":[{"count":2,"href":"https:\/\/www.athajos.com\/index.php\/wp-json\/wp\/v2\/pages\/649\/revisions"}],"predecessor-version":[{"id":667,"href":"https:\/\/www.athajos.com\/index.php\/wp-json\/wp\/v2\/pages\/649\/revisions\/667"}],"wp:attachment":[{"href":"https:\/\/www.athajos.com\/index.php\/wp-json\/wp\/v2\/media?parent=649"}],"curies":[{"name":"wp","href":"https:\/\/api.w.org\/{rel}","templated":true}]}}