{"id":691,"date":"2022-08-12T19:46:03","date_gmt":"2022-08-13T00:46:03","guid":{"rendered":"http:\/\/www.athajosescueladevida.com\/?page_id=691"},"modified":"2022-08-22T19:01:59","modified_gmt":"2022-08-23T00:01:59","slug":"taller-desintoxicacion-emocional","status":"publish","type":"page","link":"https:\/\/www.athajos.com\/index.php\/taller-desintoxicacion-emocional\/","title":{"rendered":"TALLER DESINTOXICACI\u00d3N EMOCIONAL"},"content":{"rendered":"\n<div class=\"wp-block-columns alignfull has-background-color has-text-color has-background is-layout-flex wp-container-core-columns-layout-1 wp-block-columns-is-layout-flex\" style=\"background:linear-gradient(135deg,rgb(255,245,203) 0%,rgb(182,227,212) 14%,rgb(51,167,181) 31%)\">\n<div class=\"wp-block-column is-vertically-aligned-top is-layout-flow wp-block-column-is-layout-flow\">\n<div class=\"wp-block-group is-layout-flow wp-block-group-is-layout-flow\"><div class=\"wp-block-group__inner-container\">\n<h2 class=\"alignwide has-text-align-center wp-block-heading\">TALLER DESINTOXICACI\u00d3N EMOCIONAL<\/h2>\n<\/div><\/div>\n<\/div>\n<\/div>\n\n\n\n<div class=\"wp-block-columns alignwide is-layout-flex wp-container-core-columns-layout-2 wp-block-columns-is-layout-flex\">\n<div class=\"wp-block-column is-layout-flow wp-block-column-is-layout-flow\" style=\"flex-basis:66.66%\">\n<figure class=\"wp-block-image size-large\"><img loading=\"lazy\" decoding=\"async\" width=\"1024\" height=\"576\" src=\"http:\/\/www.athajosescueladevida.com\/wp-content\/uploads\/2022\/07\/WhatsApp-Image-2022-07-15-at-11.20.34-PM-1024x576.jpeg\" alt=\"\" class=\"wp-image-522\" srcset=\"https:\/\/www.athajos.com\/\/wp-content\/uploads\/2022\/07\/WhatsApp-Image-2022-07-15-at-11.20.34-PM-1024x576.jpeg 1024w, https:\/\/www.athajos.com\/\/wp-content\/uploads\/2022\/07\/WhatsApp-Image-2022-07-15-at-11.20.34-PM-300x169.jpeg 300w, https:\/\/www.athajos.com\/\/wp-content\/uploads\/2022\/07\/WhatsApp-Image-2022-07-15-at-11.20.34-PM-768x432.jpeg 768w, https:\/\/www.athajos.com\/\/wp-content\/uploads\/2022\/07\/WhatsApp-Image-2022-07-15-at-11.20.34-PM.jpeg 1040w\" sizes=\"(max-width: 1024px) 100vw, 1024px\" \/><\/figure>\n\n\n\n<p>El objetivo de esta Taller de Desintoxicaci\u00f3n Emocional es ayudarnos a recuperar la capacidad para expresar plenamente nuestro verdadero self (disponibilidad corporal de tener sensaciones t\u00f3nico-emocionales que nos permiten vivir el cuerpo como propio) o estar libremente en contacto y posesi\u00f3n de nuestras emociones y acciones para manifestarnos de acuerdo a nuestra voluntad y a nuestro sentir.<\/p>\n\n\n\n<p>En definitiva, se trata de ser due\u00f1o de nosotros mismos en los niveles f\u00edsico, emocional, cognitivo y relacional. Para ello en el \u201cTaller de desintoxicaci\u00f3n emocional\u201d la aproximaci\u00f3n al problema se realiza partiendo bien de t\u00e9cnicas verbales (an\u00e1lisis de transferencia, resistencia, sue\u00f1os, deseos, fantas\u00edas, etc.) bien de t\u00e9cnicas corporales (respiraci\u00f3n, movimiento muscular, vibraci\u00f3n, voz, enraizamiento, toque, etc.,).<\/p>\n\n\n\n<div class=\"wp-block-media-text alignwide\" style=\"grid-template-columns:20% auto\"><figure class=\"wp-block-media-text__media\"><a href=\"https:\/\/api.whatsapp.com\/send?phone=975581850&amp;text=Quiero%20saber%20m%C3%A1s...\"><img loading=\"lazy\" decoding=\"async\" width=\"479\" height=\"482\" src=\"http:\/\/www.athajosescueladevida.com\/wp-content\/uploads\/2022\/07\/WhatsApp.svg_.webp\" alt=\"\" class=\"wp-image-540 size-full\" srcset=\"https:\/\/www.athajos.com\/\/wp-content\/uploads\/2022\/07\/WhatsApp.svg_.webp 479w, https:\/\/www.athajos.com\/\/wp-content\/uploads\/2022\/07\/WhatsApp.svg_-298x300.webp 298w, https:\/\/www.athajos.com\/\/wp-content\/uploads\/2022\/07\/WhatsApp.svg_-150x150.webp 150w\" sizes=\"(max-width: 479px) 100vw, 479px\" \/><\/a><\/figure><div class=\"wp-block-media-text__content\">\n<p><strong>\u00bfQuieres saber mas de nuestros cursos?<\/strong><\/p>\n\n\n\n<p><strong>Env\u00edanos un mensaje al WhatsApp <a href=\"https:\/\/api.whatsapp.com\/send?phone=975581850&amp;text=Quiero%20saber%20m%C3%A1s...\">975581850<\/a><\/strong><\/p>\n<\/div><\/div>\n<\/div>\n\n\n\n<div class=\"wp-block-column has-primary-color has-pale-ocean-gradient-background has-text-color has-background is-layout-flow wp-block-column-is-layout-flow\">\n<p><\/p>\n\n\n\n<div class=\"wp-block-buttons is-content-justification-center is-layout-flex wp-container-core-buttons-layout-1 wp-block-buttons-is-layout-flex\">\n<div class=\"wp-block-button is-style-fill\"><a class=\"wp-block-button__link has-secondary-background-color has-background\" style=\"border-radius:15px\">MAS TALLERES PARA TI:<\/a><\/div>\n<\/div>\n\n\n\n<p><\/p>\n\n\n\n<p class=\"has-text-align-center has-primary-background-color has-background has-normal-font-size\" style=\"font-style:normal;font-weight:900\"><strong><a href=\"http:\/\/www.athajosescueladevida.com\/index.php\/taller-para-adultos-mayores\/\">TALLER PARA ADULTOS MAYORES<\/a><\/strong><\/p>\n\n\n\n<figure class=\"wp-block-image size-large is-style-default\"><a href=\"http:\/\/www.athajosescueladevida.com\/index.php\/taller-para-adultos-mayores\/\" target=\"_blank\" rel=\"noreferrer noopener\"><img loading=\"lazy\" decoding=\"async\" width=\"1024\" height=\"576\" src=\"http:\/\/www.athajosescueladevida.com\/wp-content\/uploads\/2022\/07\/WhatsApp-Image-2022-07-15-at-11.16.55-PM-1024x576.jpeg\" alt=\"\" class=\"wp-image-518\" srcset=\"https:\/\/www.athajos.com\/\/wp-content\/uploads\/2022\/07\/WhatsApp-Image-2022-07-15-at-11.16.55-PM-1024x576.jpeg 1024w, https:\/\/www.athajos.com\/\/wp-content\/uploads\/2022\/07\/WhatsApp-Image-2022-07-15-at-11.16.55-PM-300x169.jpeg 300w, https:\/\/www.athajos.com\/\/wp-content\/uploads\/2022\/07\/WhatsApp-Image-2022-07-15-at-11.16.55-PM-768x432.jpeg 768w, https:\/\/www.athajos.com\/\/wp-content\/uploads\/2022\/07\/WhatsApp-Image-2022-07-15-at-11.16.55-PM.jpeg 1080w\" sizes=\"(max-width: 1024px) 100vw, 1024px\" \/><\/a><figcaption>Proporcionaremos un espacio de encuentro para la reflexi\u00f3n, donde las personas puedan participar.<\/figcaption><\/figure>\n\n\n\n<p class=\"has-text-align-center has-primary-background-color has-background\"><strong><a href=\"https:\/\/www.youtube.com\/watch?v=DV8FK6UiStI&amp;ab_channel=ATHAJOSEscueladeVida\" target=\"_blank\" rel=\"noreferrer noopener\">COACH CORPORAL<\/a><\/strong><\/p>\n\n\n\n<p><\/p>\n\n\n\n<figure class=\"wp-block-embed is-type-video is-provider-youtube wp-block-embed-youtube wp-embed-aspect-16-9 wp-has-aspect-ratio\"><div class=\"wp-block-embed__wrapper\">\n<iframe loading=\"lazy\" title=\"Coach Corporal\" width=\"580\" height=\"326\" src=\"https:\/\/www.youtube.com\/embed\/DV8FK6UiStI?feature=oembed\" frameborder=\"0\" allow=\"accelerometer; autoplay; clipboard-write; encrypted-media; gyroscope; picture-in-picture\" allowfullscreen><\/iframe>\n<\/div><\/figure>\n<\/div>\n<\/div>\n","protected":false},"excerpt":{"rendered":"<p>TALLER DESINTOXICACI\u00d3N EMOCIONAL El objetivo de esta Taller de Desintoxicaci\u00f3n Emocional es ayudarnos a recuperar la capacidad para expresar plenamente nuestro verdadero self (disponibilidad corporal de tener sensaciones t\u00f3nico-emocionales que nos permiten vivir el cuerpo como propio) o estar libremente en contacto y posesi\u00f3n de nuestras emociones y acciones para manifestarnos de acuerdo a nuestra [&hellip;]<\/p>\n","protected":false},"author":1,"featured_media":0,"parent":0,"menu_order":0,"comment_status":"closed","ping_status":"closed","template":"","meta":{"footnotes":"","_joinchat":[]},"yoast_head":"<!-- This site is optimized with the Yoast SEO plugin v21.7 - https:\/\/yoast.com\/wordpress\/plugins\/seo\/ -->\n<title>TALLER DESINTOXICACI\u00d3N EMOCIONAL - ATHAJOS<\/title>\n<meta name=\"robots\" content=\"index, follow, max-snippet:-1, max-image-preview:large, max-video-preview:-1\" \/>\n<link rel=\"canonical\" href=\"https:\/\/www.athajos.com\/index.php\/taller-desintoxicacion-emocional\/\" \/>\n<meta property=\"og:locale\" content=\"es_ES\" \/>\n<meta property=\"og:type\" content=\"article\" \/>\n<meta property=\"og:title\" content=\"TALLER DESINTOXICACI\u00d3N EMOCIONAL - ATHAJOS\" \/>\n<meta property=\"og:description\" content=\"TALLER DESINTOXICACI\u00d3N EMOCIONAL El objetivo de esta Taller de Desintoxicaci\u00f3n Emocional es ayudarnos a recuperar la capacidad para expresar plenamente nuestro verdadero self (disponibilidad corporal de tener sensaciones t\u00f3nico-emocionales que nos permiten vivir el cuerpo como propio) o estar libremente en contacto y posesi\u00f3n de nuestras emociones y acciones para manifestarnos de acuerdo a nuestra [&hellip;]\" \/>\n<meta property=\"og:url\" content=\"https:\/\/www.athajos.com\/index.php\/taller-desintoxicacion-emocional\/\" \/>\n<meta property=\"og:site_name\" content=\"ATHAJOS\" \/>\n<meta property=\"article:modified_time\" content=\"2022-08-23T00:01:59+00:00\" \/>\n<meta property=\"og:image\" content=\"http:\/\/www.athajosescueladevida.com\/wp-content\/uploads\/2022\/07\/WhatsApp-Image-2022-07-15-at-11.20.34-PM-1024x576.jpeg\" \/>\n<meta name=\"twitter:card\" content=\"summary_large_image\" \/>\n<meta name=\"twitter:label1\" content=\"Est. reading time\" \/>\n\t<meta name=\"twitter:data1\" content=\"2 minutos\" \/>\n<script type=\"application\/ld+json\" class=\"yoast-schema-graph\">{\"@context\":\"https:\/\/schema.org\",\"@graph\":[{\"@type\":\"WebPage\",\"@id\":\"https:\/\/www.athajos.com\/index.php\/taller-desintoxicacion-emocional\/\",\"url\":\"https:\/\/www.athajos.com\/index.php\/taller-desintoxicacion-emocional\/\",\"name\":\"TALLER DESINTOXICACI\u00d3N EMOCIONAL - ATHAJOS\",\"isPartOf\":{\"@id\":\"https:\/\/www.athajos.com\/#website\"},\"datePublished\":\"2022-08-13T00:46:03+00:00\",\"dateModified\":\"2022-08-23T00:01:59+00:00\",\"breadcrumb\":{\"@id\":\"https:\/\/www.athajos.com\/index.php\/taller-desintoxicacion-emocional\/#breadcrumb\"},\"inLanguage\":\"es-PE\",\"potentialAction\":[{\"@type\":\"ReadAction\",\"target\":[\"https:\/\/www.athajos.com\/index.php\/taller-desintoxicacion-emocional\/\"]}]},{\"@type\":\"BreadcrumbList\",\"@id\":\"https:\/\/www.athajos.com\/index.php\/taller-desintoxicacion-emocional\/#breadcrumb\",\"itemListElement\":[{\"@type\":\"ListItem\",\"position\":1,\"name\":\"Portada\",\"item\":\"https:\/\/www.athajos.com\/\"},{\"@type\":\"ListItem\",\"position\":2,\"name\":\"TALLER DESINTOXICACI\u00d3N EMOCIONAL\"}]},{\"@type\":\"WebSite\",\"@id\":\"https:\/\/www.athajos.com\/#website\",\"url\":\"https:\/\/www.athajos.com\/\",\"name\":\"ATHAJOS\",\"description\":\"\",\"publisher\":{\"@id\":\"https:\/\/www.athajos.com\/#organization\"},\"potentialAction\":[{\"@type\":\"SearchAction\",\"target\":{\"@type\":\"EntryPoint\",\"urlTemplate\":\"https:\/\/www.athajos.com\/?s={search_term_string}\"},\"query-input\":\"required name=search_term_string\"}],\"inLanguage\":\"es-PE\"},{\"@type\":\"Organization\",\"@id\":\"https:\/\/www.athajos.com\/#organization\",\"name\":\"ATHAJOS\",\"url\":\"https:\/\/www.athajos.com\/\",\"logo\":{\"@type\":\"ImageObject\",\"inLanguage\":\"es-PE\",\"@id\":\"https:\/\/www.athajos.com\/#\/schema\/logo\/image\/\",\"url\":\"https:\/\/www.athajos.com\/\/wp-content\/uploads\/2023\/03\/cropped-Untitled-design-1.png\",\"contentUrl\":\"https:\/\/www.athajos.com\/\/wp-content\/uploads\/2023\/03\/cropped-Untitled-design-1.png\",\"width\":1282,\"height\":601,\"caption\":\"ATHAJOS\"},\"image\":{\"@id\":\"https:\/\/www.athajos.com\/#\/schema\/logo\/image\/\"}}]}<\/script>\n<!-- \/ Yoast SEO plugin. -->","yoast_head_json":{"title":"TALLER DESINTOXICACI\u00d3N EMOCIONAL - ATHAJOS","robots":{"index":"index","follow":"follow","max-snippet":"max-snippet:-1","max-image-preview":"max-image-preview:large","max-video-preview":"max-video-preview:-1"},"canonical":"https:\/\/www.athajos.com\/index.php\/taller-desintoxicacion-emocional\/","og_locale":"es_ES","og_type":"article","og_title":"TALLER DESINTOXICACI\u00d3N EMOCIONAL - ATHAJOS","og_description":"TALLER DESINTOXICACI\u00d3N EMOCIONAL El objetivo de esta Taller de Desintoxicaci\u00f3n Emocional es ayudarnos a recuperar la capacidad para expresar plenamente nuestro verdadero self (disponibilidad corporal de tener sensaciones t\u00f3nico-emocionales que nos permiten vivir el cuerpo como propio) o estar libremente en contacto y posesi\u00f3n de nuestras emociones y acciones para manifestarnos de acuerdo a nuestra [&hellip;]","og_url":"https:\/\/www.athajos.com\/index.php\/taller-desintoxicacion-emocional\/","og_site_name":"ATHAJOS","article_modified_time":"2022-08-23T00:01:59+00:00","og_image":[{"url":"http:\/\/www.athajosescueladevida.com\/wp-content\/uploads\/2022\/07\/WhatsApp-Image-2022-07-15-at-11.20.34-PM-1024x576.jpeg"}],"twitter_card":"summary_large_image","twitter_misc":{"Est. reading time":"2 minutos"},"schema":{"@context":"https:\/\/schema.org","@graph":[{"@type":"WebPage","@id":"https:\/\/www.athajos.com\/index.php\/taller-desintoxicacion-emocional\/","url":"https:\/\/www.athajos.com\/index.php\/taller-desintoxicacion-emocional\/","name":"TALLER DESINTOXICACI\u00d3N EMOCIONAL - ATHAJOS","isPartOf":{"@id":"https:\/\/www.athajos.com\/#website"},"datePublished":"2022-08-13T00:46:03+00:00","dateModified":"2022-08-23T00:01:59+00:00","breadcrumb":{"@id":"https:\/\/www.athajos.com\/index.php\/taller-desintoxicacion-emocional\/#breadcrumb"},"inLanguage":"es-PE","potentialAction":[{"@type":"ReadAction","target":["https:\/\/www.athajos.com\/index.php\/taller-desintoxicacion-emocional\/"]}]},{"@type":"BreadcrumbList","@id":"https:\/\/www.athajos.com\/index.php\/taller-desintoxicacion-emocional\/#breadcrumb","itemListElement":[{"@type":"ListItem","position":1,"name":"Portada","item":"https:\/\/www.athajos.com\/"},{"@type":"ListItem","position":2,"name":"TALLER DESINTOXICACI\u00d3N EMOCIONAL"}]},{"@type":"WebSite","@id":"https:\/\/www.athajos.com\/#website","url":"https:\/\/www.athajos.com\/","name":"ATHAJOS","description":"","publisher":{"@id":"https:\/\/www.athajos.com\/#organization"},"potentialAction":[{"@type":"SearchAction","target":{"@type":"EntryPoint","urlTemplate":"https:\/\/www.athajos.com\/?s={search_term_string}"},"query-input":"required name=search_term_string"}],"inLanguage":"es-PE"},{"@type":"Organization","@id":"https:\/\/www.athajos.com\/#organization","name":"ATHAJOS","url":"https:\/\/www.athajos.com\/","logo":{"@type":"ImageObject","inLanguage":"es-PE","@id":"https:\/\/www.athajos.com\/#\/schema\/logo\/image\/","url":"https:\/\/www.athajos.com\/\/wp-content\/uploads\/2023\/03\/cropped-Untitled-design-1.png","contentUrl":"https:\/\/www.athajos.com\/\/wp-content\/uploads\/2023\/03\/cropped-Untitled-design-1.png","width":1282,"height":601,"caption":"ATHAJOS"},"image":{"@id":"https:\/\/www.athajos.com\/#\/schema\/logo\/image\/"}}]}},"_links":{"self":[{"href":"https:\/\/www.athajos.com\/index.php\/wp-json\/wp\/v2\/pages\/691"}],"collection":[{"href":"https:\/\/www.athajos.com\/index.php\/wp-json\/wp\/v2\/pages"}],"about":[{"href":"https:\/\/www.athajos.com\/index.php\/wp-json\/wp\/v2\/types\/page"}],"author":[{"embeddable":true,"href":"https:\/\/www.athajos.com\/index.php\/wp-json\/wp\/v2\/users\/1"}],"replies":[{"embeddable":true,"href":"https:\/\/www.athajos.com\/index.php\/wp-json\/wp\/v2\/comments?post=691"}],"version-history":[{"count":4,"href":"https:\/\/www.athajos.com\/index.php\/wp-json\/wp\/v2\/pages\/691\/revisions"}],"predecessor-version":[{"id":1027,"href":"https:\/\/www.athajos.com\/index.php\/wp-json\/wp\/v2\/pages\/691\/revisions\/1027"}],"wp:attachment":[{"href":"https:\/\/www.athajos.com\/index.php\/wp-json\/wp\/v2\/media?parent=691"}],"curies":[{"name":"wp","href":"https:\/\/api.w.org\/{rel}","templated":true}]}}