{"id":703,"date":"2022-08-12T20:57:08","date_gmt":"2022-08-13T01:57:08","guid":{"rendered":"http:\/\/www.athajosescueladevida.com\/?page_id=703"},"modified":"2022-08-12T21:12:43","modified_gmt":"2022-08-13T02:12:43","slug":"clown-y-teatro","status":"publish","type":"page","link":"https:\/\/www.athajos.com\/index.php\/clown-y-teatro\/","title":{"rendered":"CLOWN Y TEATRO"},"content":{"rendered":"\n<div class=\"wp-block-columns alignfull has-background-color has-text-color has-background is-layout-flex wp-container-core-columns-layout-1 wp-block-columns-is-layout-flex\" style=\"background:linear-gradient(135deg,rgb(255,245,203) 0%,rgb(182,227,212) 14%,rgb(51,167,181) 31%)\">\n<div class=\"wp-block-column is-vertically-aligned-top is-layout-flow wp-block-column-is-layout-flow\">\n<div class=\"wp-block-group is-layout-flow wp-block-group-is-layout-flow\"><div class=\"wp-block-group__inner-container\">\n<h2 class=\"alignwide has-text-align-center wp-block-heading\">CLOWN Y TEATRO<\/h2>\n<\/div><\/div>\n<\/div>\n<\/div>\n\n\n\n<div class=\"wp-block-columns alignwide is-layout-flex wp-container-core-columns-layout-2 wp-block-columns-is-layout-flex\">\n<div class=\"wp-block-column is-layout-flow wp-block-column-is-layout-flow\" style=\"flex-basis:66.66%\">\n<figure class=\"wp-block-image alignfull size-large\"><img loading=\"lazy\" decoding=\"async\" width=\"1024\" height=\"576\" src=\"http:\/\/www.athajosescueladevida.com\/wp-content\/uploads\/2022\/07\/WhatsApp-Image-2022-07-15-at-11.14.25-PM-1024x576.jpeg\" alt=\"\" class=\"wp-image-508\" srcset=\"https:\/\/www.athajos.com\/\/wp-content\/uploads\/2022\/07\/WhatsApp-Image-2022-07-15-at-11.14.25-PM-1024x576.jpeg 1024w, https:\/\/www.athajos.com\/\/wp-content\/uploads\/2022\/07\/WhatsApp-Image-2022-07-15-at-11.14.25-PM-300x169.jpeg 300w, https:\/\/www.athajos.com\/\/wp-content\/uploads\/2022\/07\/WhatsApp-Image-2022-07-15-at-11.14.25-PM-768x432.jpeg 768w, https:\/\/www.athajos.com\/\/wp-content\/uploads\/2022\/07\/WhatsApp-Image-2022-07-15-at-11.14.25-PM.jpeg 1080w\" sizes=\"(max-width: 1024px) 100vw, 1024px\" \/><figcaption>CLOWN Y TEATRO<\/figcaption><\/figure>\n\n\n\n<p>Inicio de clases:&nbsp;Primera semana de cada mes.<\/p>\n\n\n\n<p>Modalidad: Virtual o presencial.<\/p>\n\n\n\n<p>Dirigido a: Ni\u00f1os y adolescentes. En diferentes grupos de edad:<\/p>\n\n\n\n<p>De 5 a 8 a\u00f1os.<\/p>\n\n\n\n<p>De 9 a 12 a\u00f1os.<\/p>\n\n\n\n<p>De 13 a 16 a\u00f1os.<\/p>\n\n\n\n<p>Sumilla: tiene como finalidad jugar y divertirse creando escenas e historias de manera creativa, aplicando los principios b\u00e1sicos del clown y t\u00e9cnicas de las artes esc\u00e9nicas y viajaremos a trav\u00e9s del juego por las emociones, el absurdo y la libertad de ser nosotras y nosotros mismos.<\/p>\n\n\n\n<div class=\"wp-block-media-text alignwide is-stacked-on-mobile\" style=\"grid-template-columns:15% auto\"><figure class=\"wp-block-media-text__media\"><a href=\"https:\/\/api.whatsapp.com\/send?phone=975581850&amp;text=Quiero%20saber%20m%C3%A1s...\"><img loading=\"lazy\" decoding=\"async\" width=\"479\" height=\"482\" src=\"http:\/\/www.athajosescueladevida.com\/wp-content\/uploads\/2022\/07\/WhatsApp.svg_.webp\" alt=\"\" class=\"wp-image-540 size-full\" srcset=\"https:\/\/www.athajos.com\/\/wp-content\/uploads\/2022\/07\/WhatsApp.svg_.webp 479w, https:\/\/www.athajos.com\/\/wp-content\/uploads\/2022\/07\/WhatsApp.svg_-298x300.webp 298w, https:\/\/www.athajos.com\/\/wp-content\/uploads\/2022\/07\/WhatsApp.svg_-150x150.webp 150w\" sizes=\"(max-width: 479px) 100vw, 479px\" \/><\/a><\/figure><div class=\"wp-block-media-text__content\">\n<p><strong>\u00bfQuieres saber mas de nuestros cursos?<\/strong><\/p>\n\n\n\n<p><strong>Env\u00edanos un mensaje al WhatsApp <a href=\"https:\/\/api.whatsapp.com\/send?phone=975581850&amp;text=Quiero%20saber%20m%C3%A1s...\">975581850<\/a><\/strong><\/p>\n<\/div><\/div>\n<\/div>\n\n\n\n<div class=\"wp-block-column has-primary-color has-pale-ocean-gradient-background has-text-color has-background is-layout-flow wp-block-column-is-layout-flow\">\n<p><\/p>\n\n\n\n<div class=\"wp-block-buttons is-content-justification-center is-layout-flex wp-container-core-buttons-layout-1 wp-block-buttons-is-layout-flex\">\n<div class=\"wp-block-button is-style-fill\"><a class=\"wp-block-button__link has-secondary-background-color has-background\" style=\"border-radius:15px\">MAS TALLERES PARA TI:<\/a><\/div>\n<\/div>\n\n\n\n<p><\/p>\n\n\n\n<p class=\"has-text-align-center has-primary-background-color has-background has-normal-font-size\" style=\"font-style:normal;font-weight:900\"><strong><a href=\"http:\/\/www.athajosescueladevida.com\/index.php\/improvisacion-teatral\/\" target=\"_blank\" rel=\"noreferrer noopener\">IMPROVISACI\u00d3N TEATRAL<\/a><\/strong><\/p>\n\n\n\n<p><\/p>\n\n\n\n<figure class=\"wp-block-image size-full is-resized is-style-default\"><a href=\"http:\/\/www.athajosescueladevida.com\/index.php\/improvisacion-teatral\/\" target=\"_blank\" rel=\"noreferrer noopener\"><img loading=\"lazy\" decoding=\"async\" src=\"http:\/\/www.athajosescueladevida.com\/wp-content\/uploads\/2022\/07\/1013352_1210134302348231_3721375165041180770_n.jpg\" alt=\"\" class=\"wp-image-576\" width=\"548\" height=\"307\" srcset=\"https:\/\/www.athajos.com\/\/wp-content\/uploads\/2022\/07\/1013352_1210134302348231_3721375165041180770_n.jpg 960w, https:\/\/www.athajos.com\/\/wp-content\/uploads\/2022\/07\/1013352_1210134302348231_3721375165041180770_n-300x168.jpg 300w, https:\/\/www.athajos.com\/\/wp-content\/uploads\/2022\/07\/1013352_1210134302348231_3721375165041180770_n-768x431.jpg 768w\" sizes=\"(max-width: 548px) 100vw, 548px\" \/><\/a><figcaption>Mediante el dialogo intentamos poner en com\u00fan diferentes puntos de vistas sobre temas educativos.<\/figcaption><\/figure>\n\n\n\n<p class=\"has-text-align-center has-primary-background-color has-background\"><strong><a href=\"https:\/\/www.youtube.com\/channel\/UC3CpvOQmyyFVsR72twF6gsw\" target=\"_blank\" rel=\"noreferrer noopener\">CANAL DE YOUTUBE &#8211; ATHAJOS<\/a><\/strong><\/p>\n\n\n\n<p><\/p>\n\n\n\n<figure class=\"wp-block-image size-large\"><a href=\"https:\/\/www.youtube.com\/channel\/UC3CpvOQmyyFVsR72twF6gsw\" target=\"_blank\" rel=\"noreferrer noopener\"><img loading=\"lazy\" decoding=\"async\" width=\"1024\" height=\"492\" src=\"http:\/\/www.athajosescueladevida.com\/wp-content\/uploads\/2022\/04\/logo-nuevo-athajos2-1024x492.jpg\" alt=\"\" class=\"wp-image-104\" srcset=\"https:\/\/www.athajos.com\/\/wp-content\/uploads\/2022\/04\/logo-nuevo-athajos2-1024x492.jpg 1024w, https:\/\/www.athajos.com\/\/wp-content\/uploads\/2022\/04\/logo-nuevo-athajos2-300x144.jpg 300w, https:\/\/www.athajos.com\/\/wp-content\/uploads\/2022\/04\/logo-nuevo-athajos2-768x369.jpg 768w, https:\/\/www.athajos.com\/\/wp-content\/uploads\/2022\/04\/logo-nuevo-athajos2.jpg 1227w\" sizes=\"(max-width: 1024px) 100vw, 1024px\" \/><\/a><figcaption>SUSCRIBETE A NUESTRO CANAL<\/figcaption><\/figure>\n<\/div>\n<\/div>\n","protected":false},"excerpt":{"rendered":"<p>CLOWN Y TEATRO Inicio de clases:&nbsp;Primera semana de cada mes. Modalidad: Virtual o presencial. Dirigido a: Ni\u00f1os y adolescentes. En diferentes grupos de edad: De 5 a 8 a\u00f1os. De 9 a 12 a\u00f1os. De 13 a 16 a\u00f1os. Sumilla: tiene como finalidad jugar y divertirse creando escenas e historias de manera creativa, aplicando los [&hellip;]<\/p>\n","protected":false},"author":1,"featured_media":0,"parent":0,"menu_order":0,"comment_status":"closed","ping_status":"closed","template":"","meta":{"footnotes":"","_joinchat":[]},"yoast_head":"<!-- This site is optimized with the Yoast SEO plugin v21.7 - https:\/\/yoast.com\/wordpress\/plugins\/seo\/ -->\n<title>CLOWN Y TEATRO - ATHAJOS<\/title>\n<meta name=\"robots\" content=\"index, follow, max-snippet:-1, max-image-preview:large, max-video-preview:-1\" \/>\n<link rel=\"canonical\" href=\"https:\/\/www.athajos.com\/index.php\/clown-y-teatro\/\" \/>\n<meta property=\"og:locale\" content=\"es_ES\" \/>\n<meta property=\"og:type\" content=\"article\" \/>\n<meta property=\"og:title\" content=\"CLOWN Y TEATRO - ATHAJOS\" \/>\n<meta property=\"og:description\" content=\"CLOWN Y TEATRO Inicio de clases:&nbsp;Primera semana de cada mes. Modalidad: Virtual o presencial. Dirigido a: Ni\u00f1os y adolescentes. En diferentes grupos de edad: De 5 a 8 a\u00f1os. De 9 a 12 a\u00f1os. De 13 a 16 a\u00f1os. Sumilla: tiene como finalidad jugar y divertirse creando escenas e historias de manera creativa, aplicando los [&hellip;]\" \/>\n<meta property=\"og:url\" content=\"https:\/\/www.athajos.com\/index.php\/clown-y-teatro\/\" \/>\n<meta property=\"og:site_name\" content=\"ATHAJOS\" \/>\n<meta property=\"article:modified_time\" content=\"2022-08-13T02:12:43+00:00\" \/>\n<meta property=\"og:image\" content=\"http:\/\/www.athajosescueladevida.com\/wp-content\/uploads\/2022\/07\/WhatsApp-Image-2022-07-15-at-11.14.25-PM-1024x576.jpeg\" \/>\n<meta name=\"twitter:card\" content=\"summary_large_image\" \/>\n<meta name=\"twitter:label1\" content=\"Est. reading time\" \/>\n\t<meta name=\"twitter:data1\" content=\"2 minutos\" \/>\n<script type=\"application\/ld+json\" class=\"yoast-schema-graph\">{\"@context\":\"https:\/\/schema.org\",\"@graph\":[{\"@type\":\"WebPage\",\"@id\":\"https:\/\/www.athajos.com\/index.php\/clown-y-teatro\/\",\"url\":\"https:\/\/www.athajos.com\/index.php\/clown-y-teatro\/\",\"name\":\"CLOWN Y TEATRO - ATHAJOS\",\"isPartOf\":{\"@id\":\"https:\/\/www.athajos.com\/#website\"},\"datePublished\":\"2022-08-13T01:57:08+00:00\",\"dateModified\":\"2022-08-13T02:12:43+00:00\",\"breadcrumb\":{\"@id\":\"https:\/\/www.athajos.com\/index.php\/clown-y-teatro\/#breadcrumb\"},\"inLanguage\":\"es-PE\",\"potentialAction\":[{\"@type\":\"ReadAction\",\"target\":[\"https:\/\/www.athajos.com\/index.php\/clown-y-teatro\/\"]}]},{\"@type\":\"BreadcrumbList\",\"@id\":\"https:\/\/www.athajos.com\/index.php\/clown-y-teatro\/#breadcrumb\",\"itemListElement\":[{\"@type\":\"ListItem\",\"position\":1,\"name\":\"Portada\",\"item\":\"https:\/\/www.athajos.com\/\"},{\"@type\":\"ListItem\",\"position\":2,\"name\":\"CLOWN Y TEATRO\"}]},{\"@type\":\"WebSite\",\"@id\":\"https:\/\/www.athajos.com\/#website\",\"url\":\"https:\/\/www.athajos.com\/\",\"name\":\"ATHAJOS\",\"description\":\"\",\"publisher\":{\"@id\":\"https:\/\/www.athajos.com\/#organization\"},\"potentialAction\":[{\"@type\":\"SearchAction\",\"target\":{\"@type\":\"EntryPoint\",\"urlTemplate\":\"https:\/\/www.athajos.com\/?s={search_term_string}\"},\"query-input\":\"required name=search_term_string\"}],\"inLanguage\":\"es-PE\"},{\"@type\":\"Organization\",\"@id\":\"https:\/\/www.athajos.com\/#organization\",\"name\":\"ATHAJOS\",\"url\":\"https:\/\/www.athajos.com\/\",\"logo\":{\"@type\":\"ImageObject\",\"inLanguage\":\"es-PE\",\"@id\":\"https:\/\/www.athajos.com\/#\/schema\/logo\/image\/\",\"url\":\"https:\/\/www.athajos.com\/\/wp-content\/uploads\/2023\/03\/cropped-Untitled-design-1.png\",\"contentUrl\":\"https:\/\/www.athajos.com\/\/wp-content\/uploads\/2023\/03\/cropped-Untitled-design-1.png\",\"width\":1282,\"height\":601,\"caption\":\"ATHAJOS\"},\"image\":{\"@id\":\"https:\/\/www.athajos.com\/#\/schema\/logo\/image\/\"}}]}<\/script>\n<!-- \/ Yoast SEO plugin. -->","yoast_head_json":{"title":"CLOWN Y TEATRO - ATHAJOS","robots":{"index":"index","follow":"follow","max-snippet":"max-snippet:-1","max-image-preview":"max-image-preview:large","max-video-preview":"max-video-preview:-1"},"canonical":"https:\/\/www.athajos.com\/index.php\/clown-y-teatro\/","og_locale":"es_ES","og_type":"article","og_title":"CLOWN Y TEATRO - ATHAJOS","og_description":"CLOWN Y TEATRO Inicio de clases:&nbsp;Primera semana de cada mes. Modalidad: Virtual o presencial. Dirigido a: Ni\u00f1os y adolescentes. En diferentes grupos de edad: De 5 a 8 a\u00f1os. De 9 a 12 a\u00f1os. De 13 a 16 a\u00f1os. Sumilla: tiene como finalidad jugar y divertirse creando escenas e historias de manera creativa, aplicando los [&hellip;]","og_url":"https:\/\/www.athajos.com\/index.php\/clown-y-teatro\/","og_site_name":"ATHAJOS","article_modified_time":"2022-08-13T02:12:43+00:00","og_image":[{"url":"http:\/\/www.athajosescueladevida.com\/wp-content\/uploads\/2022\/07\/WhatsApp-Image-2022-07-15-at-11.14.25-PM-1024x576.jpeg"}],"twitter_card":"summary_large_image","twitter_misc":{"Est. reading time":"2 minutos"},"schema":{"@context":"https:\/\/schema.org","@graph":[{"@type":"WebPage","@id":"https:\/\/www.athajos.com\/index.php\/clown-y-teatro\/","url":"https:\/\/www.athajos.com\/index.php\/clown-y-teatro\/","name":"CLOWN Y TEATRO - ATHAJOS","isPartOf":{"@id":"https:\/\/www.athajos.com\/#website"},"datePublished":"2022-08-13T01:57:08+00:00","dateModified":"2022-08-13T02:12:43+00:00","breadcrumb":{"@id":"https:\/\/www.athajos.com\/index.php\/clown-y-teatro\/#breadcrumb"},"inLanguage":"es-PE","potentialAction":[{"@type":"ReadAction","target":["https:\/\/www.athajos.com\/index.php\/clown-y-teatro\/"]}]},{"@type":"BreadcrumbList","@id":"https:\/\/www.athajos.com\/index.php\/clown-y-teatro\/#breadcrumb","itemListElement":[{"@type":"ListItem","position":1,"name":"Portada","item":"https:\/\/www.athajos.com\/"},{"@type":"ListItem","position":2,"name":"CLOWN Y TEATRO"}]},{"@type":"WebSite","@id":"https:\/\/www.athajos.com\/#website","url":"https:\/\/www.athajos.com\/","name":"ATHAJOS","description":"","publisher":{"@id":"https:\/\/www.athajos.com\/#organization"},"potentialAction":[{"@type":"SearchAction","target":{"@type":"EntryPoint","urlTemplate":"https:\/\/www.athajos.com\/?s={search_term_string}"},"query-input":"required name=search_term_string"}],"inLanguage":"es-PE"},{"@type":"Organization","@id":"https:\/\/www.athajos.com\/#organization","name":"ATHAJOS","url":"https:\/\/www.athajos.com\/","logo":{"@type":"ImageObject","inLanguage":"es-PE","@id":"https:\/\/www.athajos.com\/#\/schema\/logo\/image\/","url":"https:\/\/www.athajos.com\/\/wp-content\/uploads\/2023\/03\/cropped-Untitled-design-1.png","contentUrl":"https:\/\/www.athajos.com\/\/wp-content\/uploads\/2023\/03\/cropped-Untitled-design-1.png","width":1282,"height":601,"caption":"ATHAJOS"},"image":{"@id":"https:\/\/www.athajos.com\/#\/schema\/logo\/image\/"}}]}},"_links":{"self":[{"href":"https:\/\/www.athajos.com\/index.php\/wp-json\/wp\/v2\/pages\/703"}],"collection":[{"href":"https:\/\/www.athajos.com\/index.php\/wp-json\/wp\/v2\/pages"}],"about":[{"href":"https:\/\/www.athajos.com\/index.php\/wp-json\/wp\/v2\/types\/page"}],"author":[{"embeddable":true,"href":"https:\/\/www.athajos.com\/index.php\/wp-json\/wp\/v2\/users\/1"}],"replies":[{"embeddable":true,"href":"https:\/\/www.athajos.com\/index.php\/wp-json\/wp\/v2\/comments?post=703"}],"version-history":[{"count":7,"href":"https:\/\/www.athajos.com\/index.php\/wp-json\/wp\/v2\/pages\/703\/revisions"}],"predecessor-version":[{"id":718,"href":"https:\/\/www.athajos.com\/index.php\/wp-json\/wp\/v2\/pages\/703\/revisions\/718"}],"wp:attachment":[{"href":"https:\/\/www.athajos.com\/index.php\/wp-json\/wp\/v2\/media?parent=703"}],"curies":[{"name":"wp","href":"https:\/\/api.w.org\/{rel}","templated":true}]}}