{"id":769,"date":"2022-08-18T21:24:27","date_gmt":"2022-08-19T02:24:27","guid":{"rendered":"http:\/\/www.athajosescueladevida.com\/?page_id=769"},"modified":"2022-08-22T17:28:00","modified_gmt":"2022-08-22T22:28:00","slug":"maria-cortes-jaramillo","status":"publish","type":"page","link":"https:\/\/www.athajos.com\/index.php\/maria-cortes-jaramillo\/","title":{"rendered":"MARIA CORT\u00c9S JARAMILLO"},"content":{"rendered":"\n<div class=\"wp-block-columns alignfull has-background-color has-text-color has-background is-layout-flex wp-container-core-columns-layout-1 wp-block-columns-is-layout-flex\" style=\"background:linear-gradient(135deg,rgb(255,245,203) 0%,rgb(182,227,212) 14%,rgb(51,167,181) 31%)\">\n<div class=\"wp-block-column is-vertically-aligned-top is-layout-flow wp-block-column-is-layout-flow\">\n<div class=\"wp-block-group is-layout-flow wp-block-group-is-layout-flow\"><div class=\"wp-block-group__inner-container\">\n<h2 class=\"alignwide has-text-align-center wp-block-heading\">MARIA CORT\u00c9S JARAMILLO<\/h2>\n<\/div><\/div>\n<\/div>\n<\/div>\n\n\n\n<div class=\"wp-block-columns alignwide is-layout-flex wp-container-core-columns-layout-2 wp-block-columns-is-layout-flex\">\n<div class=\"wp-block-column is-layout-flow wp-block-column-is-layout-flow\" style=\"flex-basis:66.66%\">\n<figure class=\"wp-block-image alignfull size-large\"><img loading=\"lazy\" decoding=\"async\" width=\"860\" height=\"515\" src=\"https:\/\/www.athajosescueladevida.com\/wp-content\/uploads\/2022\/08\/WhatsApp-Image-2022-08-22-at-12.21.35-PM-e1661191138691-edited-7.jpeg\" alt=\"\" class=\"wp-image-995\" srcset=\"https:\/\/www.athajos.com\/\/wp-content\/uploads\/2022\/08\/WhatsApp-Image-2022-08-22-at-12.21.35-PM-e1661191138691-edited-7.jpeg 860w, https:\/\/www.athajos.com\/\/wp-content\/uploads\/2022\/08\/WhatsApp-Image-2022-08-22-at-12.21.35-PM-e1661191138691-edited-7-300x180.jpeg 300w, https:\/\/www.athajos.com\/\/wp-content\/uploads\/2022\/08\/WhatsApp-Image-2022-08-22-at-12.21.35-PM-e1661191138691-edited-7-768x460.jpeg 768w\" sizes=\"(max-width: 860px) 100vw, 860px\" \/><\/figure>\n\n\n\n<p>Soy Profesora titulada en la especialidad de Pedagog\u00eda Teatral con Grado de Bachiller otorgado por la Escuela Nacional Superior de Arte Dram\u00e1tico (ENSAD); he seguido estudios de Psicolog\u00eda en la Universidad Nacional \u201cFederico Villarreal\u201d y estudios de canto L\u00edrico y Actuaci\u00f3n. Formaci\u00f3n que me ha permitido desarrollar talleres de arte y creatividad en estos campos en los niveles de ense\u00f1anza del teatro tanto en Primaria, Secundaria y Superior, as\u00ed como de forma privada en la ense\u00f1anza de canto.<\/p>\n\n\n\n<p>Mi experiencia profesional la he canalizado en la ense\u00f1anza del arte (arte dram\u00e1tico, voz, canto) a ni\u00f1os, j\u00f3venes y adultos a nivel escolarizado y no escolarizado. <\/p>\n\n\n\n<p>De la misma manera he desarrollado habilidades para el trabajo de campo, involucrando instituciones y familias en el logro de los objetivos que me planteo sobre la base de los proyectos desarrollados. <\/p>\n\n\n\n<p>He dirigido obras teatrales en colegios, con estudiantes de primaria, secundaria y<br>superior. El desempe\u00f1o acad\u00e9mico y profesional en el proceso de mi formaci\u00f3n profesional como \u201cpedagoga teatral y de canto\u201d me permiti\u00f3 recibir felicitaciones y reconocimientos de los directores con los cuales trabaj\u00e9.<\/p>\n\n\n\n<div class=\"wp-block-media-text alignwide is-stacked-on-mobile\" style=\"grid-template-columns:15% auto\"><figure class=\"wp-block-media-text__media\"><a href=\"https:\/\/api.whatsapp.com\/send?phone=975581850&amp;text=Quiero%20saber%20m%C3%A1s...\"><img loading=\"lazy\" decoding=\"async\" width=\"479\" height=\"482\" src=\"http:\/\/www.athajosescueladevida.com\/wp-content\/uploads\/2022\/07\/WhatsApp.svg_.webp\" alt=\"\" class=\"wp-image-540 size-full\" srcset=\"https:\/\/www.athajos.com\/\/wp-content\/uploads\/2022\/07\/WhatsApp.svg_.webp 479w, https:\/\/www.athajos.com\/\/wp-content\/uploads\/2022\/07\/WhatsApp.svg_-298x300.webp 298w, https:\/\/www.athajos.com\/\/wp-content\/uploads\/2022\/07\/WhatsApp.svg_-150x150.webp 150w\" sizes=\"(max-width: 479px) 100vw, 479px\" \/><\/a><\/figure><div class=\"wp-block-media-text__content\">\n<p><strong>\u00bfQuieres saber mas de nuestros cursos?<\/strong><\/p>\n\n\n\n<p><strong>Env\u00edanos un mensaje al WhatsApp <a href=\"https:\/\/api.whatsapp.com\/send?phone=975581850&amp;text=Quiero%20saber%20m%C3%A1s...\">975581850<\/a><\/strong><\/p>\n<\/div><\/div>\n<\/div>\n\n\n\n<div class=\"wp-block-column has-primary-color has-pale-ocean-gradient-background has-text-color has-background is-layout-flow wp-block-column-is-layout-flow\">\n<p><\/p>\n\n\n\n<div class=\"wp-block-buttons is-content-justification-center is-layout-flex wp-container-core-buttons-layout-1 wp-block-buttons-is-layout-flex\">\n<div class=\"wp-block-button is-style-fill\"><a class=\"wp-block-button__link has-secondary-background-color has-background\" href=\"https:\/\/www.athajosescueladevida.com\/index.php\/talleres-artisticos\/\" style=\"border-radius:15px\">MAS TALLERES PARA TI:<\/a><\/div>\n<\/div>\n\n\n\n<p><\/p>\n\n\n\n<p class=\"has-text-align-center has-primary-background-color has-background has-normal-font-size\" style=\"font-style:normal;font-weight:900\"><strong><strong><a href=\"https:\/\/www.athajosescueladevida.com\/index.php\/improvisacion-teatral\/\" target=\"_blank\" rel=\"noreferrer noopener\">IMPROVISACI\u00d3N TEATRAL<\/a><\/strong><\/strong><\/p>\n\n\n\n<p><\/p>\n\n\n\n<figure class=\"wp-block-image size-full is-resized is-style-default\"><a href=\"https:\/\/www.athajosescueladevida.com\/index.php\/improvisacion-teatral\/\" target=\"_blank\" rel=\"noreferrer noopener\"><img loading=\"lazy\" decoding=\"async\" src=\"https:\/\/www.athajosescueladevida.com\/wp-content\/uploads\/2022\/07\/1013352_1210134302348231_3721375165041180770_n.jpg\" alt=\"\" class=\"wp-image-576\" width=\"548\" height=\"307\" srcset=\"https:\/\/www.athajos.com\/\/wp-content\/uploads\/2022\/07\/1013352_1210134302348231_3721375165041180770_n.jpg 960w, https:\/\/www.athajos.com\/\/wp-content\/uploads\/2022\/07\/1013352_1210134302348231_3721375165041180770_n-300x168.jpg 300w, https:\/\/www.athajos.com\/\/wp-content\/uploads\/2022\/07\/1013352_1210134302348231_3721375165041180770_n-768x431.jpg 768w\" sizes=\"(max-width: 548px) 100vw, 548px\" \/><\/a><figcaption>Tiene como finalidad desarrollar la creatividad y agilidad mental.<\/figcaption><\/figure>\n\n\n\n<p class=\"has-text-align-center has-primary-background-color has-background\"><strong><strong><a href=\"https:\/\/www.athajosescueladevida.com\/index.php\/impostacion-vocal\/\" target=\"_blank\" rel=\"noreferrer noopener\">IMPOSTACI\u00d3N VOCAL<\/a><\/strong><\/strong><\/p>\n\n\n\n<p><\/p>\n\n\n\n<figure class=\"wp-block-image size-full\"><a href=\"https:\/\/www.athajosescueladevida.com\/index.php\/impostacion-vocal\/\" target=\"_blank\" rel=\"noreferrer noopener\"><img loading=\"lazy\" decoding=\"async\" width=\"918\" height=\"574\" src=\"https:\/\/www.athajosescueladevida.com\/wp-content\/uploads\/2022\/08\/10655361_1211109205584074_845114433903552888_o-edited-1.jpg\" alt=\"\" class=\"wp-image-897\" srcset=\"https:\/\/www.athajos.com\/\/wp-content\/uploads\/2022\/08\/10655361_1211109205584074_845114433903552888_o-edited-1.jpg 918w, https:\/\/www.athajos.com\/\/wp-content\/uploads\/2022\/08\/10655361_1211109205584074_845114433903552888_o-edited-1-300x188.jpg 300w, https:\/\/www.athajos.com\/\/wp-content\/uploads\/2022\/08\/10655361_1211109205584074_845114433903552888_o-edited-1-768x480.jpg 768w\" sizes=\"(max-width: 918px) 100vw, 918px\" \/><\/a><figcaption>Tiene por finalidad el desarrollo de la t\u00e9cnica vocal.<\/figcaption><\/figure>\n<\/div>\n<\/div>\n","protected":false},"excerpt":{"rendered":"<p>MARIA CORT\u00c9S JARAMILLO Soy Profesora titulada en la especialidad de Pedagog\u00eda Teatral con Grado de Bachiller otorgado por la Escuela Nacional Superior de Arte Dram\u00e1tico (ENSAD); he seguido estudios de Psicolog\u00eda en la Universidad Nacional \u201cFederico Villarreal\u201d y estudios de canto L\u00edrico y Actuaci\u00f3n. Formaci\u00f3n que me ha permitido desarrollar talleres de arte y creatividad [&hellip;]<\/p>\n","protected":false},"author":1,"featured_media":0,"parent":0,"menu_order":0,"comment_status":"closed","ping_status":"closed","template":"","meta":{"footnotes":"","_joinchat":[]},"yoast_head":"<!-- This site is optimized with the Yoast SEO plugin v21.7 - https:\/\/yoast.com\/wordpress\/plugins\/seo\/ -->\n<title>MARIA CORT\u00c9S JARAMILLO - ATHAJOS<\/title>\n<meta name=\"robots\" content=\"index, follow, max-snippet:-1, max-image-preview:large, max-video-preview:-1\" \/>\n<link rel=\"canonical\" href=\"https:\/\/www.athajos.com\/index.php\/maria-cortes-jaramillo\/\" \/>\n<meta property=\"og:locale\" content=\"es_ES\" \/>\n<meta property=\"og:type\" content=\"article\" \/>\n<meta property=\"og:title\" content=\"MARIA CORT\u00c9S JARAMILLO - ATHAJOS\" \/>\n<meta property=\"og:description\" content=\"MARIA CORT\u00c9S JARAMILLO Soy Profesora titulada en la especialidad de Pedagog\u00eda Teatral con Grado de Bachiller otorgado por la Escuela Nacional Superior de Arte Dram\u00e1tico (ENSAD); he seguido estudios de Psicolog\u00eda en la Universidad Nacional \u201cFederico Villarreal\u201d y estudios de canto L\u00edrico y Actuaci\u00f3n. Formaci\u00f3n que me ha permitido desarrollar talleres de arte y creatividad [&hellip;]\" \/>\n<meta property=\"og:url\" content=\"https:\/\/www.athajos.com\/index.php\/maria-cortes-jaramillo\/\" \/>\n<meta property=\"og:site_name\" content=\"ATHAJOS\" \/>\n<meta property=\"article:modified_time\" content=\"2022-08-22T22:28:00+00:00\" \/>\n<meta property=\"og:image\" content=\"https:\/\/www.athajosescueladevida.com\/wp-content\/uploads\/2022\/08\/WhatsApp-Image-2022-08-22-at-12.21.35-PM-e1661191138691-edited-7.jpeg\" \/>\n<meta name=\"twitter:card\" content=\"summary_large_image\" \/>\n<meta name=\"twitter:label1\" content=\"Est. reading time\" \/>\n\t<meta name=\"twitter:data1\" content=\"2 minutos\" \/>\n<script type=\"application\/ld+json\" class=\"yoast-schema-graph\">{\"@context\":\"https:\/\/schema.org\",\"@graph\":[{\"@type\":\"WebPage\",\"@id\":\"https:\/\/www.athajos.com\/index.php\/maria-cortes-jaramillo\/\",\"url\":\"https:\/\/www.athajos.com\/index.php\/maria-cortes-jaramillo\/\",\"name\":\"MARIA CORT\u00c9S JARAMILLO - ATHAJOS\",\"isPartOf\":{\"@id\":\"https:\/\/www.athajos.com\/#website\"},\"datePublished\":\"2022-08-19T02:24:27+00:00\",\"dateModified\":\"2022-08-22T22:28:00+00:00\",\"breadcrumb\":{\"@id\":\"https:\/\/www.athajos.com\/index.php\/maria-cortes-jaramillo\/#breadcrumb\"},\"inLanguage\":\"es-PE\",\"potentialAction\":[{\"@type\":\"ReadAction\",\"target\":[\"https:\/\/www.athajos.com\/index.php\/maria-cortes-jaramillo\/\"]}]},{\"@type\":\"BreadcrumbList\",\"@id\":\"https:\/\/www.athajos.com\/index.php\/maria-cortes-jaramillo\/#breadcrumb\",\"itemListElement\":[{\"@type\":\"ListItem\",\"position\":1,\"name\":\"Portada\",\"item\":\"https:\/\/www.athajos.com\/\"},{\"@type\":\"ListItem\",\"position\":2,\"name\":\"MARIA CORT\u00c9S JARAMILLO\"}]},{\"@type\":\"WebSite\",\"@id\":\"https:\/\/www.athajos.com\/#website\",\"url\":\"https:\/\/www.athajos.com\/\",\"name\":\"ATHAJOS\",\"description\":\"\",\"publisher\":{\"@id\":\"https:\/\/www.athajos.com\/#organization\"},\"potentialAction\":[{\"@type\":\"SearchAction\",\"target\":{\"@type\":\"EntryPoint\",\"urlTemplate\":\"https:\/\/www.athajos.com\/?s={search_term_string}\"},\"query-input\":\"required name=search_term_string\"}],\"inLanguage\":\"es-PE\"},{\"@type\":\"Organization\",\"@id\":\"https:\/\/www.athajos.com\/#organization\",\"name\":\"ATHAJOS\",\"url\":\"https:\/\/www.athajos.com\/\",\"logo\":{\"@type\":\"ImageObject\",\"inLanguage\":\"es-PE\",\"@id\":\"https:\/\/www.athajos.com\/#\/schema\/logo\/image\/\",\"url\":\"https:\/\/www.athajos.com\/\/wp-content\/uploads\/2023\/03\/cropped-Untitled-design-1.png\",\"contentUrl\":\"https:\/\/www.athajos.com\/\/wp-content\/uploads\/2023\/03\/cropped-Untitled-design-1.png\",\"width\":1282,\"height\":601,\"caption\":\"ATHAJOS\"},\"image\":{\"@id\":\"https:\/\/www.athajos.com\/#\/schema\/logo\/image\/\"}}]}<\/script>\n<!-- \/ Yoast SEO plugin. -->","yoast_head_json":{"title":"MARIA CORT\u00c9S JARAMILLO - ATHAJOS","robots":{"index":"index","follow":"follow","max-snippet":"max-snippet:-1","max-image-preview":"max-image-preview:large","max-video-preview":"max-video-preview:-1"},"canonical":"https:\/\/www.athajos.com\/index.php\/maria-cortes-jaramillo\/","og_locale":"es_ES","og_type":"article","og_title":"MARIA CORT\u00c9S JARAMILLO - ATHAJOS","og_description":"MARIA CORT\u00c9S JARAMILLO Soy Profesora titulada en la especialidad de Pedagog\u00eda Teatral con Grado de Bachiller otorgado por la Escuela Nacional Superior de Arte Dram\u00e1tico (ENSAD); he seguido estudios de Psicolog\u00eda en la Universidad Nacional \u201cFederico Villarreal\u201d y estudios de canto L\u00edrico y Actuaci\u00f3n. Formaci\u00f3n que me ha permitido desarrollar talleres de arte y creatividad [&hellip;]","og_url":"https:\/\/www.athajos.com\/index.php\/maria-cortes-jaramillo\/","og_site_name":"ATHAJOS","article_modified_time":"2022-08-22T22:28:00+00:00","og_image":[{"url":"https:\/\/www.athajosescueladevida.com\/wp-content\/uploads\/2022\/08\/WhatsApp-Image-2022-08-22-at-12.21.35-PM-e1661191138691-edited-7.jpeg"}],"twitter_card":"summary_large_image","twitter_misc":{"Est. reading time":"2 minutos"},"schema":{"@context":"https:\/\/schema.org","@graph":[{"@type":"WebPage","@id":"https:\/\/www.athajos.com\/index.php\/maria-cortes-jaramillo\/","url":"https:\/\/www.athajos.com\/index.php\/maria-cortes-jaramillo\/","name":"MARIA CORT\u00c9S JARAMILLO - ATHAJOS","isPartOf":{"@id":"https:\/\/www.athajos.com\/#website"},"datePublished":"2022-08-19T02:24:27+00:00","dateModified":"2022-08-22T22:28:00+00:00","breadcrumb":{"@id":"https:\/\/www.athajos.com\/index.php\/maria-cortes-jaramillo\/#breadcrumb"},"inLanguage":"es-PE","potentialAction":[{"@type":"ReadAction","target":["https:\/\/www.athajos.com\/index.php\/maria-cortes-jaramillo\/"]}]},{"@type":"BreadcrumbList","@id":"https:\/\/www.athajos.com\/index.php\/maria-cortes-jaramillo\/#breadcrumb","itemListElement":[{"@type":"ListItem","position":1,"name":"Portada","item":"https:\/\/www.athajos.com\/"},{"@type":"ListItem","position":2,"name":"MARIA CORT\u00c9S JARAMILLO"}]},{"@type":"WebSite","@id":"https:\/\/www.athajos.com\/#website","url":"https:\/\/www.athajos.com\/","name":"ATHAJOS","description":"","publisher":{"@id":"https:\/\/www.athajos.com\/#organization"},"potentialAction":[{"@type":"SearchAction","target":{"@type":"EntryPoint","urlTemplate":"https:\/\/www.athajos.com\/?s={search_term_string}"},"query-input":"required name=search_term_string"}],"inLanguage":"es-PE"},{"@type":"Organization","@id":"https:\/\/www.athajos.com\/#organization","name":"ATHAJOS","url":"https:\/\/www.athajos.com\/","logo":{"@type":"ImageObject","inLanguage":"es-PE","@id":"https:\/\/www.athajos.com\/#\/schema\/logo\/image\/","url":"https:\/\/www.athajos.com\/\/wp-content\/uploads\/2023\/03\/cropped-Untitled-design-1.png","contentUrl":"https:\/\/www.athajos.com\/\/wp-content\/uploads\/2023\/03\/cropped-Untitled-design-1.png","width":1282,"height":601,"caption":"ATHAJOS"},"image":{"@id":"https:\/\/www.athajos.com\/#\/schema\/logo\/image\/"}}]}},"_links":{"self":[{"href":"https:\/\/www.athajos.com\/index.php\/wp-json\/wp\/v2\/pages\/769"}],"collection":[{"href":"https:\/\/www.athajos.com\/index.php\/wp-json\/wp\/v2\/pages"}],"about":[{"href":"https:\/\/www.athajos.com\/index.php\/wp-json\/wp\/v2\/types\/page"}],"author":[{"embeddable":true,"href":"https:\/\/www.athajos.com\/index.php\/wp-json\/wp\/v2\/users\/1"}],"replies":[{"embeddable":true,"href":"https:\/\/www.athajos.com\/index.php\/wp-json\/wp\/v2\/comments?post=769"}],"version-history":[{"count":4,"href":"https:\/\/www.athajos.com\/index.php\/wp-json\/wp\/v2\/pages\/769\/revisions"}],"predecessor-version":[{"id":996,"href":"https:\/\/www.athajos.com\/index.php\/wp-json\/wp\/v2\/pages\/769\/revisions\/996"}],"wp:attachment":[{"href":"https:\/\/www.athajos.com\/index.php\/wp-json\/wp\/v2\/media?parent=769"}],"curies":[{"name":"wp","href":"https:\/\/api.w.org\/{rel}","templated":true}]}}