{"id":872,"date":"2022-08-17T00:45:16","date_gmt":"2022-08-17T05:45:16","guid":{"rendered":"https:\/\/www.athajosescueladevida.com\/?page_id=872"},"modified":"2022-08-17T00:55:10","modified_gmt":"2022-08-17T05:55:10","slug":"taller-de-psicodrama","status":"publish","type":"page","link":"https:\/\/www.athajos.com\/index.php\/taller-de-psicodrama\/","title":{"rendered":"TALLER DE PSICODRAMA"},"content":{"rendered":"\n<div class=\"wp-block-columns alignfull has-background-color has-text-color has-background is-layout-flex wp-container-core-columns-layout-1 wp-block-columns-is-layout-flex\" style=\"background:linear-gradient(135deg,rgb(255,245,203) 0%,rgb(182,227,212) 14%,rgb(51,167,181) 31%)\">\n<div class=\"wp-block-column is-vertically-aligned-top is-layout-flow wp-block-column-is-layout-flow\">\n<div class=\"wp-block-group is-layout-flow wp-block-group-is-layout-flow\"><div class=\"wp-block-group__inner-container\">\n<h2 class=\"alignwide has-text-align-center wp-block-heading\">TALLER DE PSICODRAMA<\/h2>\n<\/div><\/div>\n<\/div>\n<\/div>\n\n\n\n<div class=\"wp-block-columns alignwide is-layout-flex wp-container-core-columns-layout-2 wp-block-columns-is-layout-flex\">\n<div class=\"wp-block-column is-layout-flow wp-block-column-is-layout-flow\" style=\"flex-basis:66.66%\">\n<figure class=\"wp-block-image size-large\"><img loading=\"lazy\" decoding=\"async\" width=\"1024\" height=\"683\" src=\"https:\/\/www.athajosescueladevida.com\/wp-content\/uploads\/2022\/08\/Psicodrama-Ridyn-Cast-2022-Ridyn-Escuela-de-Arte-y-psicodrama-1-1024x683.jpeg\" alt=\"\" class=\"wp-image-870\" srcset=\"https:\/\/www.athajos.com\/\/wp-content\/uploads\/2022\/08\/Psicodrama-Ridyn-Cast-2022-Ridyn-Escuela-de-Arte-y-psicodrama-1-1024x683.jpeg 1024w, https:\/\/www.athajos.com\/\/wp-content\/uploads\/2022\/08\/Psicodrama-Ridyn-Cast-2022-Ridyn-Escuela-de-Arte-y-psicodrama-1-300x200.jpeg 300w, https:\/\/www.athajos.com\/\/wp-content\/uploads\/2022\/08\/Psicodrama-Ridyn-Cast-2022-Ridyn-Escuela-de-Arte-y-psicodrama-1-768x512.jpeg 768w, https:\/\/www.athajos.com\/\/wp-content\/uploads\/2022\/08\/Psicodrama-Ridyn-Cast-2022-Ridyn-Escuela-de-Arte-y-psicodrama-1-1536x1025.jpeg 1536w, https:\/\/www.athajos.com\/\/wp-content\/uploads\/2022\/08\/Psicodrama-Ridyn-Cast-2022-Ridyn-Escuela-de-Arte-y-psicodrama-1-1200x800.jpeg 1200w, https:\/\/www.athajos.com\/\/wp-content\/uploads\/2022\/08\/Psicodrama-Ridyn-Cast-2022-Ridyn-Escuela-de-Arte-y-psicodrama-1-1980x1321.jpeg 1980w, https:\/\/www.athajos.com\/\/wp-content\/uploads\/2022\/08\/Psicodrama-Ridyn-Cast-2022-Ridyn-Escuela-de-Arte-y-psicodrama-1.jpeg 2048w\" sizes=\"(max-width: 1024px) 100vw, 1024px\" \/><\/figure>\n\n\n\n<p>Cuando el teatro y la psicolog\u00eda se unen para ayudar a las personas, Esta t\u00e9cnica es una alternativa para todas las personas que est\u00e9n en la b\u00fasqueda de un camino que ayude su desarrollo y bienestar personal.<\/p>\n\n\n\n<p>Las sesiones de psicodrama comienzan con actividades destinadas a sensibilizar y disponer al grupo para explorar aspectos personales e interpersonales, a trav\u00e9s de la interacci\u00f3n con sus pares.<\/p>\n\n\n\n<div class=\"wp-block-media-text alignwide\" style=\"grid-template-columns:21% auto\"><figure class=\"wp-block-media-text__media\"><a href=\"https:\/\/api.whatsapp.com\/send?phone=975581850&amp;text=Quiero%20saber%20m%C3%A1s...\"><img loading=\"lazy\" decoding=\"async\" width=\"479\" height=\"482\" src=\"http:\/\/www.athajosescueladevida.com\/wp-content\/uploads\/2022\/07\/WhatsApp.svg_.webp\" alt=\"\" class=\"wp-image-540 size-full\" srcset=\"https:\/\/www.athajos.com\/\/wp-content\/uploads\/2022\/07\/WhatsApp.svg_.webp 479w, https:\/\/www.athajos.com\/\/wp-content\/uploads\/2022\/07\/WhatsApp.svg_-298x300.webp 298w, https:\/\/www.athajos.com\/\/wp-content\/uploads\/2022\/07\/WhatsApp.svg_-150x150.webp 150w\" sizes=\"(max-width: 479px) 100vw, 479px\" \/><\/a><\/figure><div class=\"wp-block-media-text__content\">\n<p><strong>\u00bfQuieres saber mas de nuestros cursos?<\/strong><\/p>\n\n\n\n<p><strong>Env\u00edanos un mensaje al WhatsApp <a href=\"https:\/\/api.whatsapp.com\/send?phone=975581850&amp;text=Quiero%20saber%20m%C3%A1s...\">975581850<\/a><\/strong><\/p>\n<\/div><\/div>\n<\/div>\n\n\n\n<div class=\"wp-block-column has-primary-color has-pale-ocean-gradient-background has-text-color has-background is-layout-flow wp-block-column-is-layout-flow\">\n<p><\/p>\n\n\n\n<div class=\"wp-block-buttons is-content-justification-center is-layout-flex wp-container-core-buttons-layout-1 wp-block-buttons-is-layout-flex\">\n<div class=\"wp-block-button is-style-fill\"><a class=\"wp-block-button__link has-secondary-background-color has-background\" href=\"http:\/\/www.athajosescueladevida.com\/index.php\/servicios\/\" style=\"border-radius:15px\" target=\"_blank\" rel=\"noreferrer noopener\">MAS TALLERES PARA TI:<\/a><\/div>\n<\/div>\n\n\n\n<p><\/p>\n\n\n\n<p class=\"has-text-align-center has-primary-background-color has-background has-normal-font-size\" style=\"font-style:normal;font-weight:900\"><strong><strong><a href=\"https:\/\/www.athajosescueladevida.com\/index.php\/tecnicas-teatrales-para-actividades-ejecutivas\/\" target=\"_blank\" rel=\"noreferrer noopener\">TECNICAS TEATRALES PARA ACTIVIDADES EJECUTIVAS<\/a><\/strong><\/strong><\/p>\n\n\n\n<figure class=\"wp-block-image size-large is-style-default\"><a href=\"https:\/\/www.athajosescueladevida.com\/index.php\/tecnicas-teatrales-para-actividades-ejecutivas\/\" target=\"_blank\" rel=\"noreferrer noopener\"><img loading=\"lazy\" decoding=\"async\" width=\"1532\" height=\"959\" src=\"https:\/\/www.athajosescueladevida.com\/wp-content\/uploads\/2022\/08\/paco-tejedo-postgrado-teatro-educacion-edited.jpg\" alt=\"\" class=\"wp-image-873\" srcset=\"https:\/\/www.athajos.com\/\/wp-content\/uploads\/2022\/08\/paco-tejedo-postgrado-teatro-educacion-edited.jpg 1532w, https:\/\/www.athajos.com\/\/wp-content\/uploads\/2022\/08\/paco-tejedo-postgrado-teatro-educacion-edited-300x188.jpg 300w, https:\/\/www.athajos.com\/\/wp-content\/uploads\/2022\/08\/paco-tejedo-postgrado-teatro-educacion-edited-1024x641.jpg 1024w, https:\/\/www.athajos.com\/\/wp-content\/uploads\/2022\/08\/paco-tejedo-postgrado-teatro-educacion-edited-768x481.jpg 768w, https:\/\/www.athajos.com\/\/wp-content\/uploads\/2022\/08\/paco-tejedo-postgrado-teatro-educacion-edited-1200x751.jpg 1200w\" sizes=\"(max-width: 1532px) 100vw, 1532px\" \/><\/a><figcaption>Dirigido a profesionales que desean desarrollar sus habilidades blandas a trav\u00e9s del teatro.<\/figcaption><\/figure>\n\n\n\n<p class=\"has-text-align-center has-primary-background-color has-background\"><strong>COMO AFRONTAR EL DESEQUILIBRIO EMOCIONAL Y LABORAL<\/strong><\/p>\n\n\n\n<figure class=\"wp-block-embed is-type-video is-provider-youtube wp-block-embed-youtube wp-embed-aspect-4-3 wp-has-aspect-ratio\"><div class=\"wp-block-embed__wrapper\">\n<iframe loading=\"lazy\" title=\"Psic\u00f3logo Frailan FLORES \u00bfComo afrontar el desequilibrio Emocional y Laboral en tiempo de Pandemia?\" width=\"580\" height=\"435\" src=\"https:\/\/www.youtube.com\/embed\/Db6OT-Wx5dc?start=481&#038;feature=oembed\" frameborder=\"0\" allow=\"accelerometer; autoplay; clipboard-write; encrypted-media; gyroscope; picture-in-picture\" allowfullscreen><\/iframe>\n<\/div><\/figure>\n<\/div>\n<\/div>\n","protected":false},"excerpt":{"rendered":"<p>TALLER DE PSICODRAMA Cuando el teatro y la psicolog\u00eda se unen para ayudar a las personas, Esta t\u00e9cnica es una alternativa para todas las personas que est\u00e9n en la b\u00fasqueda de un camino que ayude su desarrollo y bienestar personal. Las sesiones de psicodrama comienzan con actividades destinadas a sensibilizar y disponer al grupo para [&hellip;]<\/p>\n","protected":false},"author":1,"featured_media":0,"parent":0,"menu_order":0,"comment_status":"closed","ping_status":"closed","template":"","meta":{"footnotes":"","_joinchat":[]},"yoast_head":"<!-- This site is optimized with the Yoast SEO plugin v21.7 - https:\/\/yoast.com\/wordpress\/plugins\/seo\/ -->\n<title>TALLER DE PSICODRAMA - ATHAJOS<\/title>\n<meta name=\"robots\" content=\"index, follow, max-snippet:-1, max-image-preview:large, max-video-preview:-1\" \/>\n<link rel=\"canonical\" href=\"https:\/\/www.athajos.com\/index.php\/taller-de-psicodrama\/\" \/>\n<meta property=\"og:locale\" content=\"es_ES\" \/>\n<meta property=\"og:type\" content=\"article\" \/>\n<meta property=\"og:title\" content=\"TALLER DE PSICODRAMA - ATHAJOS\" \/>\n<meta property=\"og:description\" content=\"TALLER DE PSICODRAMA Cuando el teatro y la psicolog\u00eda se unen para ayudar a las personas, Esta t\u00e9cnica es una alternativa para todas las personas que est\u00e9n en la b\u00fasqueda de un camino que ayude su desarrollo y bienestar personal. Las sesiones de psicodrama comienzan con actividades destinadas a sensibilizar y disponer al grupo para [&hellip;]\" \/>\n<meta property=\"og:url\" content=\"https:\/\/www.athajos.com\/index.php\/taller-de-psicodrama\/\" \/>\n<meta property=\"og:site_name\" content=\"ATHAJOS\" \/>\n<meta property=\"article:modified_time\" content=\"2022-08-17T05:55:10+00:00\" \/>\n<meta property=\"og:image\" content=\"https:\/\/www.athajosescueladevida.com\/wp-content\/uploads\/2022\/08\/Psicodrama-Ridyn-Cast-2022-Ridyn-Escuela-de-Arte-y-psicodrama-1-1024x683.jpeg\" \/>\n<meta name=\"twitter:card\" content=\"summary_large_image\" \/>\n<meta name=\"twitter:label1\" content=\"Est. reading time\" \/>\n\t<meta name=\"twitter:data1\" content=\"2 minutos\" \/>\n<script type=\"application\/ld+json\" class=\"yoast-schema-graph\">{\"@context\":\"https:\/\/schema.org\",\"@graph\":[{\"@type\":\"WebPage\",\"@id\":\"https:\/\/www.athajos.com\/index.php\/taller-de-psicodrama\/\",\"url\":\"https:\/\/www.athajos.com\/index.php\/taller-de-psicodrama\/\",\"name\":\"TALLER DE PSICODRAMA - ATHAJOS\",\"isPartOf\":{\"@id\":\"https:\/\/www.athajos.com\/#website\"},\"datePublished\":\"2022-08-17T05:45:16+00:00\",\"dateModified\":\"2022-08-17T05:55:10+00:00\",\"breadcrumb\":{\"@id\":\"https:\/\/www.athajos.com\/index.php\/taller-de-psicodrama\/#breadcrumb\"},\"inLanguage\":\"es-PE\",\"potentialAction\":[{\"@type\":\"ReadAction\",\"target\":[\"https:\/\/www.athajos.com\/index.php\/taller-de-psicodrama\/\"]}]},{\"@type\":\"BreadcrumbList\",\"@id\":\"https:\/\/www.athajos.com\/index.php\/taller-de-psicodrama\/#breadcrumb\",\"itemListElement\":[{\"@type\":\"ListItem\",\"position\":1,\"name\":\"Portada\",\"item\":\"https:\/\/www.athajos.com\/\"},{\"@type\":\"ListItem\",\"position\":2,\"name\":\"TALLER DE PSICODRAMA\"}]},{\"@type\":\"WebSite\",\"@id\":\"https:\/\/www.athajos.com\/#website\",\"url\":\"https:\/\/www.athajos.com\/\",\"name\":\"ATHAJOS\",\"description\":\"\",\"publisher\":{\"@id\":\"https:\/\/www.athajos.com\/#organization\"},\"potentialAction\":[{\"@type\":\"SearchAction\",\"target\":{\"@type\":\"EntryPoint\",\"urlTemplate\":\"https:\/\/www.athajos.com\/?s={search_term_string}\"},\"query-input\":\"required name=search_term_string\"}],\"inLanguage\":\"es-PE\"},{\"@type\":\"Organization\",\"@id\":\"https:\/\/www.athajos.com\/#organization\",\"name\":\"ATHAJOS\",\"url\":\"https:\/\/www.athajos.com\/\",\"logo\":{\"@type\":\"ImageObject\",\"inLanguage\":\"es-PE\",\"@id\":\"https:\/\/www.athajos.com\/#\/schema\/logo\/image\/\",\"url\":\"https:\/\/www.athajos.com\/\/wp-content\/uploads\/2023\/03\/cropped-Untitled-design-1.png\",\"contentUrl\":\"https:\/\/www.athajos.com\/\/wp-content\/uploads\/2023\/03\/cropped-Untitled-design-1.png\",\"width\":1282,\"height\":601,\"caption\":\"ATHAJOS\"},\"image\":{\"@id\":\"https:\/\/www.athajos.com\/#\/schema\/logo\/image\/\"}}]}<\/script>\n<!-- \/ Yoast SEO plugin. -->","yoast_head_json":{"title":"TALLER DE PSICODRAMA - ATHAJOS","robots":{"index":"index","follow":"follow","max-snippet":"max-snippet:-1","max-image-preview":"max-image-preview:large","max-video-preview":"max-video-preview:-1"},"canonical":"https:\/\/www.athajos.com\/index.php\/taller-de-psicodrama\/","og_locale":"es_ES","og_type":"article","og_title":"TALLER DE PSICODRAMA - ATHAJOS","og_description":"TALLER DE PSICODRAMA Cuando el teatro y la psicolog\u00eda se unen para ayudar a las personas, Esta t\u00e9cnica es una alternativa para todas las personas que est\u00e9n en la b\u00fasqueda de un camino que ayude su desarrollo y bienestar personal. Las sesiones de psicodrama comienzan con actividades destinadas a sensibilizar y disponer al grupo para [&hellip;]","og_url":"https:\/\/www.athajos.com\/index.php\/taller-de-psicodrama\/","og_site_name":"ATHAJOS","article_modified_time":"2022-08-17T05:55:10+00:00","og_image":[{"url":"https:\/\/www.athajosescueladevida.com\/wp-content\/uploads\/2022\/08\/Psicodrama-Ridyn-Cast-2022-Ridyn-Escuela-de-Arte-y-psicodrama-1-1024x683.jpeg"}],"twitter_card":"summary_large_image","twitter_misc":{"Est. reading time":"2 minutos"},"schema":{"@context":"https:\/\/schema.org","@graph":[{"@type":"WebPage","@id":"https:\/\/www.athajos.com\/index.php\/taller-de-psicodrama\/","url":"https:\/\/www.athajos.com\/index.php\/taller-de-psicodrama\/","name":"TALLER DE PSICODRAMA - ATHAJOS","isPartOf":{"@id":"https:\/\/www.athajos.com\/#website"},"datePublished":"2022-08-17T05:45:16+00:00","dateModified":"2022-08-17T05:55:10+00:00","breadcrumb":{"@id":"https:\/\/www.athajos.com\/index.php\/taller-de-psicodrama\/#breadcrumb"},"inLanguage":"es-PE","potentialAction":[{"@type":"ReadAction","target":["https:\/\/www.athajos.com\/index.php\/taller-de-psicodrama\/"]}]},{"@type":"BreadcrumbList","@id":"https:\/\/www.athajos.com\/index.php\/taller-de-psicodrama\/#breadcrumb","itemListElement":[{"@type":"ListItem","position":1,"name":"Portada","item":"https:\/\/www.athajos.com\/"},{"@type":"ListItem","position":2,"name":"TALLER DE PSICODRAMA"}]},{"@type":"WebSite","@id":"https:\/\/www.athajos.com\/#website","url":"https:\/\/www.athajos.com\/","name":"ATHAJOS","description":"","publisher":{"@id":"https:\/\/www.athajos.com\/#organization"},"potentialAction":[{"@type":"SearchAction","target":{"@type":"EntryPoint","urlTemplate":"https:\/\/www.athajos.com\/?s={search_term_string}"},"query-input":"required name=search_term_string"}],"inLanguage":"es-PE"},{"@type":"Organization","@id":"https:\/\/www.athajos.com\/#organization","name":"ATHAJOS","url":"https:\/\/www.athajos.com\/","logo":{"@type":"ImageObject","inLanguage":"es-PE","@id":"https:\/\/www.athajos.com\/#\/schema\/logo\/image\/","url":"https:\/\/www.athajos.com\/\/wp-content\/uploads\/2023\/03\/cropped-Untitled-design-1.png","contentUrl":"https:\/\/www.athajos.com\/\/wp-content\/uploads\/2023\/03\/cropped-Untitled-design-1.png","width":1282,"height":601,"caption":"ATHAJOS"},"image":{"@id":"https:\/\/www.athajos.com\/#\/schema\/logo\/image\/"}}]}},"_links":{"self":[{"href":"https:\/\/www.athajos.com\/index.php\/wp-json\/wp\/v2\/pages\/872"}],"collection":[{"href":"https:\/\/www.athajos.com\/index.php\/wp-json\/wp\/v2\/pages"}],"about":[{"href":"https:\/\/www.athajos.com\/index.php\/wp-json\/wp\/v2\/types\/page"}],"author":[{"embeddable":true,"href":"https:\/\/www.athajos.com\/index.php\/wp-json\/wp\/v2\/users\/1"}],"replies":[{"embeddable":true,"href":"https:\/\/www.athajos.com\/index.php\/wp-json\/wp\/v2\/comments?post=872"}],"version-history":[{"count":2,"href":"https:\/\/www.athajos.com\/index.php\/wp-json\/wp\/v2\/pages\/872\/revisions"}],"predecessor-version":[{"id":880,"href":"https:\/\/www.athajos.com\/index.php\/wp-json\/wp\/v2\/pages\/872\/revisions\/880"}],"wp:attachment":[{"href":"https:\/\/www.athajos.com\/index.php\/wp-json\/wp\/v2\/media?parent=872"}],"curies":[{"name":"wp","href":"https:\/\/api.w.org\/{rel}","templated":true}]}}