{"id":878,"date":"2022-08-17T00:51:38","date_gmt":"2022-08-17T05:51:38","guid":{"rendered":"https:\/\/www.athajosescueladevida.com\/?page_id=878"},"modified":"2022-08-17T14:36:27","modified_gmt":"2022-08-17T19:36:27","slug":"tecnicas-teatrales-para-actividades-ejecutivas","status":"publish","type":"page","link":"https:\/\/www.athajos.com\/index.php\/tecnicas-teatrales-para-actividades-ejecutivas\/","title":{"rendered":"TECNICAS TEATRALES PARA ACTIVIDADES EJECUTIVAS"},"content":{"rendered":"\n<div class=\"wp-block-columns alignfull has-background-color has-text-color has-background is-layout-flex wp-container-core-columns-layout-1 wp-block-columns-is-layout-flex\" style=\"background:linear-gradient(135deg,rgb(255,245,203) 0%,rgb(182,227,212) 14%,rgb(51,167,181) 31%)\">\n<div class=\"wp-block-column is-vertically-aligned-top is-layout-flow wp-block-column-is-layout-flow\">\n<div class=\"wp-block-group is-layout-flow wp-block-group-is-layout-flow\"><div class=\"wp-block-group__inner-container\">\n<h2 class=\"alignwide has-text-align-center wp-block-heading\">TECNICAS TEATRALES PARA ACTIVIDADES EJECUTIVAS<\/h2>\n<\/div><\/div>\n<\/div>\n<\/div>\n\n\n\n<div class=\"wp-block-columns alignwide is-layout-flex wp-container-core-columns-layout-2 wp-block-columns-is-layout-flex\">\n<div class=\"wp-block-column is-layout-flow wp-block-column-is-layout-flow\" style=\"flex-basis:66.66%\">\n<figure class=\"wp-block-image size-large\"><img loading=\"lazy\" decoding=\"async\" width=\"1024\" height=\"709\" src=\"https:\/\/www.athajosescueladevida.com\/wp-content\/uploads\/2022\/08\/paco-tejedo-postgrado-teatro-educacion-1024x709.jpg\" alt=\"\" class=\"wp-image-871\" srcset=\"https:\/\/www.athajos.com\/\/wp-content\/uploads\/2022\/08\/paco-tejedo-postgrado-teatro-educacion-1024x709.jpg 1024w, https:\/\/www.athajos.com\/\/wp-content\/uploads\/2022\/08\/paco-tejedo-postgrado-teatro-educacion-300x208.jpg 300w, https:\/\/www.athajos.com\/\/wp-content\/uploads\/2022\/08\/paco-tejedo-postgrado-teatro-educacion-768x532.jpg 768w, https:\/\/www.athajos.com\/\/wp-content\/uploads\/2022\/08\/paco-tejedo-postgrado-teatro-educacion-1200x831.jpg 1200w, https:\/\/www.athajos.com\/\/wp-content\/uploads\/2022\/08\/paco-tejedo-postgrado-teatro-educacion.jpg 1532w\" sizes=\"(max-width: 1024px) 100vw, 1024px\" \/><\/figure>\n\n\n\n<p>Dirigido a profesionales que desean desarrollar sus habilidades blandas (sociales) a trav\u00e9s del teatro, por medio de ejercicios y din\u00e1micas teatrales que permitir\u00e1n reconocerse como seres creativos, desenvueltos y expresivos, entrenar\u00e1n su cuerpo y tendr\u00e1n un primer acercamiento a su t\u00e9cnica personal con el fin de descubrir, por s\u00ed mismos, nuevas potencialidades para desarrollarse, siempre guiados(as) por el profesor(a), quien les brindar\u00e1 t\u00e9cnicas y los guiar\u00e1 de manera personal.<\/p>\n\n\n\n<div class=\"wp-block-media-text alignwide\" style=\"grid-template-columns:21% auto\"><figure class=\"wp-block-media-text__media\"><a href=\"https:\/\/api.whatsapp.com\/send?phone=975581850&amp;text=Quiero%20saber%20m%C3%A1s...\"><img loading=\"lazy\" decoding=\"async\" width=\"479\" height=\"482\" src=\"http:\/\/www.athajosescueladevida.com\/wp-content\/uploads\/2022\/07\/WhatsApp.svg_.webp\" alt=\"\" class=\"wp-image-540 size-full\" srcset=\"https:\/\/www.athajos.com\/\/wp-content\/uploads\/2022\/07\/WhatsApp.svg_.webp 479w, https:\/\/www.athajos.com\/\/wp-content\/uploads\/2022\/07\/WhatsApp.svg_-298x300.webp 298w, https:\/\/www.athajos.com\/\/wp-content\/uploads\/2022\/07\/WhatsApp.svg_-150x150.webp 150w\" sizes=\"(max-width: 479px) 100vw, 479px\" \/><\/a><\/figure><div class=\"wp-block-media-text__content\">\n<p><strong>\u00bfQuieres saber mas de nuestros cursos?<\/strong><\/p>\n\n\n\n<p><strong>Env\u00edanos un mensaje al WhatsApp <a href=\"https:\/\/api.whatsapp.com\/send?phone=975581850&amp;text=Quiero%20saber%20m%C3%A1s...\">975581850<\/a><\/strong><\/p>\n<\/div><\/div>\n<\/div>\n\n\n\n<div class=\"wp-block-column has-primary-color has-pale-ocean-gradient-background has-text-color has-background is-layout-flow wp-block-column-is-layout-flow\">\n<p><\/p>\n\n\n\n<div class=\"wp-block-buttons is-content-justification-center is-layout-flex wp-container-core-buttons-layout-1 wp-block-buttons-is-layout-flex\">\n<div class=\"wp-block-button is-style-fill\"><a class=\"wp-block-button__link has-secondary-background-color has-background\" href=\"http:\/\/www.athajosescueladevida.com\/index.php\/servicios\/\" style=\"border-radius:15px\" target=\"_blank\" rel=\"noreferrer noopener\">MAS TALLERES PARA TI:<\/a><\/div>\n<\/div>\n\n\n\n<p><\/p>\n\n\n\n<p class=\"has-text-align-center has-primary-background-color has-background has-normal-font-size\" style=\"font-style:normal;font-weight:900\"><strong><strong>TALLER DE PSICODRAMA<\/strong><\/strong><\/p>\n\n\n\n<figure class=\"wp-block-image size-large is-style-default\"><img loading=\"lazy\" decoding=\"async\" width=\"1024\" height=\"577\" src=\"https:\/\/www.athajosescueladevida.com\/wp-content\/uploads\/2022\/08\/Psicodrama-Ridyn-Cast-2022-Ridyn-Escuela-de-Arte-y-psicodrama-1-edited-1024x577.jpeg\" alt=\"\" class=\"wp-image-877\" srcset=\"https:\/\/www.athajos.com\/\/wp-content\/uploads\/2022\/08\/Psicodrama-Ridyn-Cast-2022-Ridyn-Escuela-de-Arte-y-psicodrama-1-edited-1024x577.jpeg 1024w, https:\/\/www.athajos.com\/\/wp-content\/uploads\/2022\/08\/Psicodrama-Ridyn-Cast-2022-Ridyn-Escuela-de-Arte-y-psicodrama-1-edited-300x169.jpeg 300w, https:\/\/www.athajos.com\/\/wp-content\/uploads\/2022\/08\/Psicodrama-Ridyn-Cast-2022-Ridyn-Escuela-de-Arte-y-psicodrama-1-edited-768x432.jpeg 768w, https:\/\/www.athajos.com\/\/wp-content\/uploads\/2022\/08\/Psicodrama-Ridyn-Cast-2022-Ridyn-Escuela-de-Arte-y-psicodrama-1-edited-1536x865.jpeg 1536w, https:\/\/www.athajos.com\/\/wp-content\/uploads\/2022\/08\/Psicodrama-Ridyn-Cast-2022-Ridyn-Escuela-de-Arte-y-psicodrama-1-edited-1200x676.jpeg 1200w, https:\/\/www.athajos.com\/\/wp-content\/uploads\/2022\/08\/Psicodrama-Ridyn-Cast-2022-Ridyn-Escuela-de-Arte-y-psicodrama-1-edited-1980x1115.jpeg 1980w, https:\/\/www.athajos.com\/\/wp-content\/uploads\/2022\/08\/Psicodrama-Ridyn-Cast-2022-Ridyn-Escuela-de-Arte-y-psicodrama-1-edited.jpeg 2048w\" sizes=\"(max-width: 1024px) 100vw, 1024px\" \/><figcaption>Las sesiones de psicodrama comienzan con actividades destinadas a sensibilizar.<\/figcaption><\/figure>\n\n\n\n<p class=\"has-text-align-center has-primary-background-color has-background\"><strong>COMO AFRONTAR EL DESEQUILIBRIO EMOCIONAL Y LABORAL<\/strong><\/p>\n\n\n\n<figure class=\"wp-block-embed is-type-video is-provider-youtube wp-block-embed-youtube wp-embed-aspect-4-3 wp-has-aspect-ratio\"><div class=\"wp-block-embed__wrapper\">\n<iframe loading=\"lazy\" title=\"Psic\u00f3logo Frailan FLORES \u00bfComo afrontar el desequilibrio Emocional y Laboral en tiempo de Pandemia?\" width=\"580\" height=\"435\" src=\"https:\/\/www.youtube.com\/embed\/Db6OT-Wx5dc?start=481&#038;feature=oembed\" frameborder=\"0\" allow=\"accelerometer; autoplay; clipboard-write; encrypted-media; gyroscope; picture-in-picture\" allowfullscreen><\/iframe>\n<\/div><\/figure>\n<\/div>\n<\/div>\n","protected":false},"excerpt":{"rendered":"<p>TECNICAS TEATRALES PARA ACTIVIDADES EJECUTIVAS Dirigido a profesionales que desean desarrollar sus habilidades blandas (sociales) a trav\u00e9s del teatro, por medio de ejercicios y din\u00e1micas teatrales que permitir\u00e1n reconocerse como seres creativos, desenvueltos y expresivos, entrenar\u00e1n su cuerpo y tendr\u00e1n un primer acercamiento a su t\u00e9cnica personal con el fin de descubrir, por s\u00ed mismos, [&hellip;]<\/p>\n","protected":false},"author":1,"featured_media":0,"parent":0,"menu_order":0,"comment_status":"closed","ping_status":"closed","template":"","meta":{"footnotes":"","_joinchat":[]},"yoast_head":"<!-- This site is optimized with the Yoast SEO plugin v21.7 - https:\/\/yoast.com\/wordpress\/plugins\/seo\/ -->\n<title>TECNICAS TEATRALES PARA ACTIVIDADES EJECUTIVAS - ATHAJOS<\/title>\n<meta name=\"robots\" content=\"index, follow, max-snippet:-1, max-image-preview:large, max-video-preview:-1\" \/>\n<link rel=\"canonical\" href=\"https:\/\/www.athajos.com\/index.php\/tecnicas-teatrales-para-actividades-ejecutivas\/\" \/>\n<meta property=\"og:locale\" content=\"es_ES\" \/>\n<meta property=\"og:type\" content=\"article\" \/>\n<meta property=\"og:title\" content=\"TECNICAS TEATRALES PARA ACTIVIDADES EJECUTIVAS - ATHAJOS\" \/>\n<meta property=\"og:description\" content=\"TECNICAS TEATRALES PARA ACTIVIDADES EJECUTIVAS Dirigido a profesionales que desean desarrollar sus habilidades blandas (sociales) a trav\u00e9s del teatro, por medio de ejercicios y din\u00e1micas teatrales que permitir\u00e1n reconocerse como seres creativos, desenvueltos y expresivos, entrenar\u00e1n su cuerpo y tendr\u00e1n un primer acercamiento a su t\u00e9cnica personal con el fin de descubrir, por s\u00ed mismos, [&hellip;]\" \/>\n<meta property=\"og:url\" content=\"https:\/\/www.athajos.com\/index.php\/tecnicas-teatrales-para-actividades-ejecutivas\/\" \/>\n<meta property=\"og:site_name\" content=\"ATHAJOS\" \/>\n<meta property=\"article:modified_time\" content=\"2022-08-17T19:36:27+00:00\" \/>\n<meta property=\"og:image\" content=\"https:\/\/www.athajosescueladevida.com\/wp-content\/uploads\/2022\/08\/paco-tejedo-postgrado-teatro-educacion-1024x709.jpg\" \/>\n<meta name=\"twitter:card\" content=\"summary_large_image\" \/>\n<meta name=\"twitter:label1\" content=\"Est. reading time\" \/>\n\t<meta name=\"twitter:data1\" content=\"2 minutos\" \/>\n<script type=\"application\/ld+json\" class=\"yoast-schema-graph\">{\"@context\":\"https:\/\/schema.org\",\"@graph\":[{\"@type\":\"WebPage\",\"@id\":\"https:\/\/www.athajos.com\/index.php\/tecnicas-teatrales-para-actividades-ejecutivas\/\",\"url\":\"https:\/\/www.athajos.com\/index.php\/tecnicas-teatrales-para-actividades-ejecutivas\/\",\"name\":\"TECNICAS TEATRALES PARA ACTIVIDADES EJECUTIVAS - ATHAJOS\",\"isPartOf\":{\"@id\":\"https:\/\/www.athajos.com\/#website\"},\"datePublished\":\"2022-08-17T05:51:38+00:00\",\"dateModified\":\"2022-08-17T19:36:27+00:00\",\"breadcrumb\":{\"@id\":\"https:\/\/www.athajos.com\/index.php\/tecnicas-teatrales-para-actividades-ejecutivas\/#breadcrumb\"},\"inLanguage\":\"es-PE\",\"potentialAction\":[{\"@type\":\"ReadAction\",\"target\":[\"https:\/\/www.athajos.com\/index.php\/tecnicas-teatrales-para-actividades-ejecutivas\/\"]}]},{\"@type\":\"BreadcrumbList\",\"@id\":\"https:\/\/www.athajos.com\/index.php\/tecnicas-teatrales-para-actividades-ejecutivas\/#breadcrumb\",\"itemListElement\":[{\"@type\":\"ListItem\",\"position\":1,\"name\":\"Portada\",\"item\":\"https:\/\/www.athajos.com\/\"},{\"@type\":\"ListItem\",\"position\":2,\"name\":\"TECNICAS TEATRALES PARA ACTIVIDADES EJECUTIVAS\"}]},{\"@type\":\"WebSite\",\"@id\":\"https:\/\/www.athajos.com\/#website\",\"url\":\"https:\/\/www.athajos.com\/\",\"name\":\"ATHAJOS\",\"description\":\"\",\"publisher\":{\"@id\":\"https:\/\/www.athajos.com\/#organization\"},\"potentialAction\":[{\"@type\":\"SearchAction\",\"target\":{\"@type\":\"EntryPoint\",\"urlTemplate\":\"https:\/\/www.athajos.com\/?s={search_term_string}\"},\"query-input\":\"required name=search_term_string\"}],\"inLanguage\":\"es-PE\"},{\"@type\":\"Organization\",\"@id\":\"https:\/\/www.athajos.com\/#organization\",\"name\":\"ATHAJOS\",\"url\":\"https:\/\/www.athajos.com\/\",\"logo\":{\"@type\":\"ImageObject\",\"inLanguage\":\"es-PE\",\"@id\":\"https:\/\/www.athajos.com\/#\/schema\/logo\/image\/\",\"url\":\"https:\/\/www.athajos.com\/\/wp-content\/uploads\/2023\/03\/cropped-Untitled-design-1.png\",\"contentUrl\":\"https:\/\/www.athajos.com\/\/wp-content\/uploads\/2023\/03\/cropped-Untitled-design-1.png\",\"width\":1282,\"height\":601,\"caption\":\"ATHAJOS\"},\"image\":{\"@id\":\"https:\/\/www.athajos.com\/#\/schema\/logo\/image\/\"}}]}<\/script>\n<!-- \/ Yoast SEO plugin. -->","yoast_head_json":{"title":"TECNICAS TEATRALES PARA ACTIVIDADES EJECUTIVAS - ATHAJOS","robots":{"index":"index","follow":"follow","max-snippet":"max-snippet:-1","max-image-preview":"max-image-preview:large","max-video-preview":"max-video-preview:-1"},"canonical":"https:\/\/www.athajos.com\/index.php\/tecnicas-teatrales-para-actividades-ejecutivas\/","og_locale":"es_ES","og_type":"article","og_title":"TECNICAS TEATRALES PARA ACTIVIDADES EJECUTIVAS - ATHAJOS","og_description":"TECNICAS TEATRALES PARA ACTIVIDADES EJECUTIVAS Dirigido a profesionales que desean desarrollar sus habilidades blandas (sociales) a trav\u00e9s del teatro, por medio de ejercicios y din\u00e1micas teatrales que permitir\u00e1n reconocerse como seres creativos, desenvueltos y expresivos, entrenar\u00e1n su cuerpo y tendr\u00e1n un primer acercamiento a su t\u00e9cnica personal con el fin de descubrir, por s\u00ed mismos, [&hellip;]","og_url":"https:\/\/www.athajos.com\/index.php\/tecnicas-teatrales-para-actividades-ejecutivas\/","og_site_name":"ATHAJOS","article_modified_time":"2022-08-17T19:36:27+00:00","og_image":[{"url":"https:\/\/www.athajosescueladevida.com\/wp-content\/uploads\/2022\/08\/paco-tejedo-postgrado-teatro-educacion-1024x709.jpg"}],"twitter_card":"summary_large_image","twitter_misc":{"Est. reading time":"2 minutos"},"schema":{"@context":"https:\/\/schema.org","@graph":[{"@type":"WebPage","@id":"https:\/\/www.athajos.com\/index.php\/tecnicas-teatrales-para-actividades-ejecutivas\/","url":"https:\/\/www.athajos.com\/index.php\/tecnicas-teatrales-para-actividades-ejecutivas\/","name":"TECNICAS TEATRALES PARA ACTIVIDADES EJECUTIVAS - ATHAJOS","isPartOf":{"@id":"https:\/\/www.athajos.com\/#website"},"datePublished":"2022-08-17T05:51:38+00:00","dateModified":"2022-08-17T19:36:27+00:00","breadcrumb":{"@id":"https:\/\/www.athajos.com\/index.php\/tecnicas-teatrales-para-actividades-ejecutivas\/#breadcrumb"},"inLanguage":"es-PE","potentialAction":[{"@type":"ReadAction","target":["https:\/\/www.athajos.com\/index.php\/tecnicas-teatrales-para-actividades-ejecutivas\/"]}]},{"@type":"BreadcrumbList","@id":"https:\/\/www.athajos.com\/index.php\/tecnicas-teatrales-para-actividades-ejecutivas\/#breadcrumb","itemListElement":[{"@type":"ListItem","position":1,"name":"Portada","item":"https:\/\/www.athajos.com\/"},{"@type":"ListItem","position":2,"name":"TECNICAS TEATRALES PARA ACTIVIDADES EJECUTIVAS"}]},{"@type":"WebSite","@id":"https:\/\/www.athajos.com\/#website","url":"https:\/\/www.athajos.com\/","name":"ATHAJOS","description":"","publisher":{"@id":"https:\/\/www.athajos.com\/#organization"},"potentialAction":[{"@type":"SearchAction","target":{"@type":"EntryPoint","urlTemplate":"https:\/\/www.athajos.com\/?s={search_term_string}"},"query-input":"required name=search_term_string"}],"inLanguage":"es-PE"},{"@type":"Organization","@id":"https:\/\/www.athajos.com\/#organization","name":"ATHAJOS","url":"https:\/\/www.athajos.com\/","logo":{"@type":"ImageObject","inLanguage":"es-PE","@id":"https:\/\/www.athajos.com\/#\/schema\/logo\/image\/","url":"https:\/\/www.athajos.com\/\/wp-content\/uploads\/2023\/03\/cropped-Untitled-design-1.png","contentUrl":"https:\/\/www.athajos.com\/\/wp-content\/uploads\/2023\/03\/cropped-Untitled-design-1.png","width":1282,"height":601,"caption":"ATHAJOS"},"image":{"@id":"https:\/\/www.athajos.com\/#\/schema\/logo\/image\/"}}]}},"_links":{"self":[{"href":"https:\/\/www.athajos.com\/index.php\/wp-json\/wp\/v2\/pages\/878"}],"collection":[{"href":"https:\/\/www.athajos.com\/index.php\/wp-json\/wp\/v2\/pages"}],"about":[{"href":"https:\/\/www.athajos.com\/index.php\/wp-json\/wp\/v2\/types\/page"}],"author":[{"embeddable":true,"href":"https:\/\/www.athajos.com\/index.php\/wp-json\/wp\/v2\/users\/1"}],"replies":[{"embeddable":true,"href":"https:\/\/www.athajos.com\/index.php\/wp-json\/wp\/v2\/comments?post=878"}],"version-history":[{"count":1,"href":"https:\/\/www.athajos.com\/index.php\/wp-json\/wp\/v2\/pages\/878\/revisions"}],"predecessor-version":[{"id":879,"href":"https:\/\/www.athajos.com\/index.php\/wp-json\/wp\/v2\/pages\/878\/revisions\/879"}],"wp:attachment":[{"href":"https:\/\/www.athajos.com\/index.php\/wp-json\/wp\/v2\/media?parent=878"}],"curies":[{"name":"wp","href":"https:\/\/api.w.org\/{rel}","templated":true}]}}