{"id":901,"date":"2022-08-18T21:34:03","date_gmt":"2022-08-19T02:34:03","guid":{"rendered":"https:\/\/www.athajosescueladevida.com\/?page_id=901"},"modified":"2022-08-22T17:27:53","modified_gmt":"2022-08-22T22:27:53","slug":"thais-flores-cortes","status":"publish","type":"page","link":"https:\/\/www.athajos.com\/index.php\/thais-flores-cortes\/","title":{"rendered":"THAIS FLORES CORTES"},"content":{"rendered":"\n<div class=\"wp-block-columns alignfull has-background-color has-text-color has-background is-layout-flex wp-container-core-columns-layout-1 wp-block-columns-is-layout-flex\" style=\"background:linear-gradient(135deg,rgb(255,245,203) 0%,rgb(182,227,212) 14%,rgb(51,167,181) 31%)\">\n<div class=\"wp-block-column is-vertically-aligned-top is-layout-flow wp-block-column-is-layout-flow\">\n<div class=\"wp-block-group is-layout-flow wp-block-group-is-layout-flow\"><div class=\"wp-block-group__inner-container\">\n<h2 class=\"alignwide has-text-align-center wp-block-heading\">THAIS FLORES CORT\u00c9S<\/h2>\n<\/div><\/div>\n<\/div>\n<\/div>\n\n\n\n<div class=\"wp-block-columns alignwide is-layout-flex wp-container-core-columns-layout-2 wp-block-columns-is-layout-flex\">\n<div class=\"wp-block-column is-layout-flow wp-block-column-is-layout-flow\" style=\"flex-basis:66.66%\">\n<figure class=\"wp-block-image alignfull size-large\"><img loading=\"lazy\" decoding=\"async\" width=\"1200\" height=\"900\" src=\"https:\/\/www.athajosescueladevida.com\/wp-content\/uploads\/2022\/08\/WhatsApp-Image-2022-06-01-at-10.45.44-PM-edited.jpeg\" alt=\"\" class=\"wp-image-902\" srcset=\"https:\/\/www.athajos.com\/\/wp-content\/uploads\/2022\/08\/WhatsApp-Image-2022-06-01-at-10.45.44-PM-edited.jpeg 1200w, https:\/\/www.athajos.com\/\/wp-content\/uploads\/2022\/08\/WhatsApp-Image-2022-06-01-at-10.45.44-PM-edited-300x225.jpeg 300w, https:\/\/www.athajos.com\/\/wp-content\/uploads\/2022\/08\/WhatsApp-Image-2022-06-01-at-10.45.44-PM-edited-1024x768.jpeg 1024w, https:\/\/www.athajos.com\/\/wp-content\/uploads\/2022\/08\/WhatsApp-Image-2022-06-01-at-10.45.44-PM-edited-768x576.jpeg 768w\" sizes=\"(max-width: 1200px) 100vw, 1200px\" \/><\/figure>\n\n\n\n<p>Escen\u00f3grafa, licenciada en educaci\u00f3n art\u00edstica, tiene m\u00e1s de 12 a\u00f1os de experiencia en talleres de formaci\u00f3n art\u00edstica dirigido a ni\u00f1os y j\u00f3venes, 5 a\u00f1os de experiencia en docencia universitaria de la carrera de Dise\u00f1o Escenogr\u00e1fico, es representante legal de las obras teatrales del Dramaturgo Argentino Rom\u00e1n Sarmentero, directora art\u00edstica de Athajos Escuela de Vida, as\u00ed tambi\u00e9n a participado en direcci\u00f3n de arte de algunos cortometrajes Nacionales con menci\u00f3n Honrosa en el Bogot\u00e1 Horror Film Festival 2019.<\/p>\n\n\n\n<div class=\"wp-block-media-text alignwide is-stacked-on-mobile\" style=\"grid-template-columns:15% auto\"><figure class=\"wp-block-media-text__media\"><a href=\"https:\/\/api.whatsapp.com\/send?phone=975581850&amp;text=Quiero%20saber%20m%C3%A1s...\"><img loading=\"lazy\" decoding=\"async\" width=\"479\" height=\"482\" src=\"http:\/\/www.athajosescueladevida.com\/wp-content\/uploads\/2022\/07\/WhatsApp.svg_.webp\" alt=\"\" class=\"wp-image-540 size-full\" srcset=\"https:\/\/www.athajos.com\/\/wp-content\/uploads\/2022\/07\/WhatsApp.svg_.webp 479w, https:\/\/www.athajos.com\/\/wp-content\/uploads\/2022\/07\/WhatsApp.svg_-298x300.webp 298w, https:\/\/www.athajos.com\/\/wp-content\/uploads\/2022\/07\/WhatsApp.svg_-150x150.webp 150w\" sizes=\"(max-width: 479px) 100vw, 479px\" \/><\/a><\/figure><div class=\"wp-block-media-text__content\">\n<p><strong>\u00bfQuieres saber mas de nuestros cursos?<\/strong><\/p>\n\n\n\n<p><strong>Env\u00edanos un mensaje al WhatsApp <a href=\"https:\/\/api.whatsapp.com\/send?phone=975581850&amp;text=Quiero%20saber%20m%C3%A1s...\">975581850<\/a><\/strong><\/p>\n<\/div><\/div>\n<\/div>\n\n\n\n<div class=\"wp-block-column has-primary-color has-pale-ocean-gradient-background has-text-color has-background is-layout-flow wp-block-column-is-layout-flow\">\n<p><\/p>\n\n\n\n<div class=\"wp-block-buttons is-content-justification-center is-layout-flex wp-container-core-buttons-layout-1 wp-block-buttons-is-layout-flex\">\n<div class=\"wp-block-button is-style-fill\"><a class=\"wp-block-button__link has-secondary-background-color has-background\" href=\"https:\/\/www.athajosescueladevida.com\/index.php\/talleres-artisticos\/\" style=\"border-radius:15px\" target=\"_blank\" rel=\"noreferrer noopener\">MAS TALLERES PARA TI:<\/a><\/div>\n<\/div>\n\n\n\n<p><\/p>\n\n\n\n<p class=\"has-text-align-center has-primary-background-color has-background has-normal-font-size\" style=\"font-style:normal;font-weight:900\"><strong><strong><a href=\"https:\/\/www.athajosescueladevida.com\/index.php\/dibujo-y-pintura\/\" target=\"_blank\" rel=\"noreferrer noopener\">DIBUJO Y PINTURA<\/a><\/strong><\/strong><\/p>\n\n\n\n<p><\/p>\n\n\n\n<figure class=\"wp-block-image size-large is-style-default\"><a href=\"https:\/\/www.athajosescueladevida.com\/index.php\/dibujo-y-pintura\/\" target=\"_blank\" rel=\"noreferrer noopener\"><img loading=\"lazy\" decoding=\"async\" width=\"1024\" height=\"576\" src=\"https:\/\/www.athajosescueladevida.com\/wp-content\/uploads\/2022\/06\/12473609_1211118635583131_786209415237808807_o-1024x576.jpg\" alt=\"\" class=\"wp-image-362\" srcset=\"https:\/\/www.athajos.com\/\/wp-content\/uploads\/2022\/06\/12473609_1211118635583131_786209415237808807_o-1024x576.jpg 1024w, https:\/\/www.athajos.com\/\/wp-content\/uploads\/2022\/06\/12473609_1211118635583131_786209415237808807_o-300x169.jpg 300w, https:\/\/www.athajos.com\/\/wp-content\/uploads\/2022\/06\/12473609_1211118635583131_786209415237808807_o-768x432.jpg 768w, https:\/\/www.athajos.com\/\/wp-content\/uploads\/2022\/06\/12473609_1211118635583131_786209415237808807_o-1200x675.jpg 1200w, https:\/\/www.athajos.com\/\/wp-content\/uploads\/2022\/06\/12473609_1211118635583131_786209415237808807_o.jpg 1224w\" sizes=\"(max-width: 1024px) 100vw, 1024px\" \/><\/a><figcaption>Exploraremos los principios b\u00e1sicos del dibujo y la pintura.<\/figcaption><\/figure>\n\n\n\n<p class=\"has-text-align-center has-primary-background-color has-background\"><strong><strong><a href=\"https:\/\/www.athajosescueladevida.com\/index.php\/arte-kids\/\" target=\"_blank\" rel=\"noreferrer noopener\">ARTE KIDS<\/a><\/strong><\/strong><\/p>\n\n\n\n<p><\/p>\n\n\n\n<figure class=\"wp-block-image size-large\"><a href=\"https:\/\/www.athajosescueladevida.com\/index.php\/arte-kids\/\" target=\"_blank\" rel=\"noreferrer noopener\"><img loading=\"lazy\" decoding=\"async\" width=\"1024\" height=\"576\" src=\"https:\/\/www.athajosescueladevida.com\/wp-content\/uploads\/2022\/06\/12489386_1208669025828092_464267414990342693_o-1-1024x576.jpg\" alt=\"\" class=\"wp-image-364\" srcset=\"https:\/\/www.athajos.com\/\/wp-content\/uploads\/2022\/06\/12489386_1208669025828092_464267414990342693_o-1-1024x576.jpg 1024w, https:\/\/www.athajos.com\/\/wp-content\/uploads\/2022\/06\/12489386_1208669025828092_464267414990342693_o-1-300x169.jpg 300w, https:\/\/www.athajos.com\/\/wp-content\/uploads\/2022\/06\/12489386_1208669025828092_464267414990342693_o-1-768x432.jpg 768w, https:\/\/www.athajos.com\/\/wp-content\/uploads\/2022\/06\/12489386_1208669025828092_464267414990342693_o-1.jpg 1152w\" sizes=\"(max-width: 1024px) 100vw, 1024px\" \/><\/a><figcaption>Aprender\u00e1s a realizar composiciones con diferentes t\u00e9cnicas y materiales.<\/figcaption><\/figure>\n<\/div>\n<\/div>\n","protected":false},"excerpt":{"rendered":"<p>THAIS FLORES CORT\u00c9S Escen\u00f3grafa, licenciada en educaci\u00f3n art\u00edstica, tiene m\u00e1s de 12 a\u00f1os de experiencia en talleres de formaci\u00f3n art\u00edstica dirigido a ni\u00f1os y j\u00f3venes, 5 a\u00f1os de experiencia en docencia universitaria de la carrera de Dise\u00f1o Escenogr\u00e1fico, es representante legal de las obras teatrales del Dramaturgo Argentino Rom\u00e1n Sarmentero, directora art\u00edstica de Athajos Escuela [&hellip;]<\/p>\n","protected":false},"author":1,"featured_media":0,"parent":0,"menu_order":0,"comment_status":"closed","ping_status":"closed","template":"","meta":{"footnotes":"","_joinchat":[]},"yoast_head":"<!-- This site is optimized with the Yoast SEO plugin v21.7 - https:\/\/yoast.com\/wordpress\/plugins\/seo\/ -->\n<title>THAIS FLORES CORTES - ATHAJOS<\/title>\n<meta name=\"robots\" content=\"index, follow, max-snippet:-1, max-image-preview:large, max-video-preview:-1\" \/>\n<link rel=\"canonical\" href=\"https:\/\/www.athajos.com\/index.php\/thais-flores-cortes\/\" \/>\n<meta property=\"og:locale\" content=\"es_ES\" \/>\n<meta property=\"og:type\" content=\"article\" \/>\n<meta property=\"og:title\" content=\"THAIS FLORES CORTES - ATHAJOS\" \/>\n<meta property=\"og:description\" content=\"THAIS FLORES CORT\u00c9S Escen\u00f3grafa, licenciada en educaci\u00f3n art\u00edstica, tiene m\u00e1s de 12 a\u00f1os de experiencia en talleres de formaci\u00f3n art\u00edstica dirigido a ni\u00f1os y j\u00f3venes, 5 a\u00f1os de experiencia en docencia universitaria de la carrera de Dise\u00f1o Escenogr\u00e1fico, es representante legal de las obras teatrales del Dramaturgo Argentino Rom\u00e1n Sarmentero, directora art\u00edstica de Athajos Escuela [&hellip;]\" \/>\n<meta property=\"og:url\" content=\"https:\/\/www.athajos.com\/index.php\/thais-flores-cortes\/\" \/>\n<meta property=\"og:site_name\" content=\"ATHAJOS\" \/>\n<meta property=\"article:modified_time\" content=\"2022-08-22T22:27:53+00:00\" \/>\n<meta property=\"og:image\" content=\"https:\/\/www.athajosescueladevida.com\/wp-content\/uploads\/2022\/08\/WhatsApp-Image-2022-06-01-at-10.45.44-PM-edited.jpeg\" \/>\n<meta name=\"twitter:card\" content=\"summary_large_image\" \/>\n<meta name=\"twitter:label1\" content=\"Est. reading time\" \/>\n\t<meta name=\"twitter:data1\" content=\"2 minutos\" \/>\n<script type=\"application\/ld+json\" class=\"yoast-schema-graph\">{\"@context\":\"https:\/\/schema.org\",\"@graph\":[{\"@type\":\"WebPage\",\"@id\":\"https:\/\/www.athajos.com\/index.php\/thais-flores-cortes\/\",\"url\":\"https:\/\/www.athajos.com\/index.php\/thais-flores-cortes\/\",\"name\":\"THAIS FLORES CORTES - ATHAJOS\",\"isPartOf\":{\"@id\":\"https:\/\/www.athajos.com\/#website\"},\"datePublished\":\"2022-08-19T02:34:03+00:00\",\"dateModified\":\"2022-08-22T22:27:53+00:00\",\"breadcrumb\":{\"@id\":\"https:\/\/www.athajos.com\/index.php\/thais-flores-cortes\/#breadcrumb\"},\"inLanguage\":\"es-PE\",\"potentialAction\":[{\"@type\":\"ReadAction\",\"target\":[\"https:\/\/www.athajos.com\/index.php\/thais-flores-cortes\/\"]}]},{\"@type\":\"BreadcrumbList\",\"@id\":\"https:\/\/www.athajos.com\/index.php\/thais-flores-cortes\/#breadcrumb\",\"itemListElement\":[{\"@type\":\"ListItem\",\"position\":1,\"name\":\"Portada\",\"item\":\"https:\/\/www.athajos.com\/\"},{\"@type\":\"ListItem\",\"position\":2,\"name\":\"THAIS FLORES CORTES\"}]},{\"@type\":\"WebSite\",\"@id\":\"https:\/\/www.athajos.com\/#website\",\"url\":\"https:\/\/www.athajos.com\/\",\"name\":\"ATHAJOS\",\"description\":\"\",\"publisher\":{\"@id\":\"https:\/\/www.athajos.com\/#organization\"},\"potentialAction\":[{\"@type\":\"SearchAction\",\"target\":{\"@type\":\"EntryPoint\",\"urlTemplate\":\"https:\/\/www.athajos.com\/?s={search_term_string}\"},\"query-input\":\"required name=search_term_string\"}],\"inLanguage\":\"es-PE\"},{\"@type\":\"Organization\",\"@id\":\"https:\/\/www.athajos.com\/#organization\",\"name\":\"ATHAJOS\",\"url\":\"https:\/\/www.athajos.com\/\",\"logo\":{\"@type\":\"ImageObject\",\"inLanguage\":\"es-PE\",\"@id\":\"https:\/\/www.athajos.com\/#\/schema\/logo\/image\/\",\"url\":\"https:\/\/www.athajos.com\/\/wp-content\/uploads\/2023\/03\/cropped-Untitled-design-1.png\",\"contentUrl\":\"https:\/\/www.athajos.com\/\/wp-content\/uploads\/2023\/03\/cropped-Untitled-design-1.png\",\"width\":1282,\"height\":601,\"caption\":\"ATHAJOS\"},\"image\":{\"@id\":\"https:\/\/www.athajos.com\/#\/schema\/logo\/image\/\"}}]}<\/script>\n<!-- \/ Yoast SEO plugin. -->","yoast_head_json":{"title":"THAIS FLORES CORTES - ATHAJOS","robots":{"index":"index","follow":"follow","max-snippet":"max-snippet:-1","max-image-preview":"max-image-preview:large","max-video-preview":"max-video-preview:-1"},"canonical":"https:\/\/www.athajos.com\/index.php\/thais-flores-cortes\/","og_locale":"es_ES","og_type":"article","og_title":"THAIS FLORES CORTES - ATHAJOS","og_description":"THAIS FLORES CORT\u00c9S Escen\u00f3grafa, licenciada en educaci\u00f3n art\u00edstica, tiene m\u00e1s de 12 a\u00f1os de experiencia en talleres de formaci\u00f3n art\u00edstica dirigido a ni\u00f1os y j\u00f3venes, 5 a\u00f1os de experiencia en docencia universitaria de la carrera de Dise\u00f1o Escenogr\u00e1fico, es representante legal de las obras teatrales del Dramaturgo Argentino Rom\u00e1n Sarmentero, directora art\u00edstica de Athajos Escuela [&hellip;]","og_url":"https:\/\/www.athajos.com\/index.php\/thais-flores-cortes\/","og_site_name":"ATHAJOS","article_modified_time":"2022-08-22T22:27:53+00:00","og_image":[{"url":"https:\/\/www.athajosescueladevida.com\/wp-content\/uploads\/2022\/08\/WhatsApp-Image-2022-06-01-at-10.45.44-PM-edited.jpeg"}],"twitter_card":"summary_large_image","twitter_misc":{"Est. reading time":"2 minutos"},"schema":{"@context":"https:\/\/schema.org","@graph":[{"@type":"WebPage","@id":"https:\/\/www.athajos.com\/index.php\/thais-flores-cortes\/","url":"https:\/\/www.athajos.com\/index.php\/thais-flores-cortes\/","name":"THAIS FLORES CORTES - ATHAJOS","isPartOf":{"@id":"https:\/\/www.athajos.com\/#website"},"datePublished":"2022-08-19T02:34:03+00:00","dateModified":"2022-08-22T22:27:53+00:00","breadcrumb":{"@id":"https:\/\/www.athajos.com\/index.php\/thais-flores-cortes\/#breadcrumb"},"inLanguage":"es-PE","potentialAction":[{"@type":"ReadAction","target":["https:\/\/www.athajos.com\/index.php\/thais-flores-cortes\/"]}]},{"@type":"BreadcrumbList","@id":"https:\/\/www.athajos.com\/index.php\/thais-flores-cortes\/#breadcrumb","itemListElement":[{"@type":"ListItem","position":1,"name":"Portada","item":"https:\/\/www.athajos.com\/"},{"@type":"ListItem","position":2,"name":"THAIS FLORES CORTES"}]},{"@type":"WebSite","@id":"https:\/\/www.athajos.com\/#website","url":"https:\/\/www.athajos.com\/","name":"ATHAJOS","description":"","publisher":{"@id":"https:\/\/www.athajos.com\/#organization"},"potentialAction":[{"@type":"SearchAction","target":{"@type":"EntryPoint","urlTemplate":"https:\/\/www.athajos.com\/?s={search_term_string}"},"query-input":"required name=search_term_string"}],"inLanguage":"es-PE"},{"@type":"Organization","@id":"https:\/\/www.athajos.com\/#organization","name":"ATHAJOS","url":"https:\/\/www.athajos.com\/","logo":{"@type":"ImageObject","inLanguage":"es-PE","@id":"https:\/\/www.athajos.com\/#\/schema\/logo\/image\/","url":"https:\/\/www.athajos.com\/\/wp-content\/uploads\/2023\/03\/cropped-Untitled-design-1.png","contentUrl":"https:\/\/www.athajos.com\/\/wp-content\/uploads\/2023\/03\/cropped-Untitled-design-1.png","width":1282,"height":601,"caption":"ATHAJOS"},"image":{"@id":"https:\/\/www.athajos.com\/#\/schema\/logo\/image\/"}}]}},"_links":{"self":[{"href":"https:\/\/www.athajos.com\/index.php\/wp-json\/wp\/v2\/pages\/901"}],"collection":[{"href":"https:\/\/www.athajos.com\/index.php\/wp-json\/wp\/v2\/pages"}],"about":[{"href":"https:\/\/www.athajos.com\/index.php\/wp-json\/wp\/v2\/types\/page"}],"author":[{"embeddable":true,"href":"https:\/\/www.athajos.com\/index.php\/wp-json\/wp\/v2\/users\/1"}],"replies":[{"embeddable":true,"href":"https:\/\/www.athajos.com\/index.php\/wp-json\/wp\/v2\/comments?post=901"}],"version-history":[{"count":2,"href":"https:\/\/www.athajos.com\/index.php\/wp-json\/wp\/v2\/pages\/901\/revisions"}],"predecessor-version":[{"id":1000,"href":"https:\/\/www.athajos.com\/index.php\/wp-json\/wp\/v2\/pages\/901\/revisions\/1000"}],"wp:attachment":[{"href":"https:\/\/www.athajos.com\/index.php\/wp-json\/wp\/v2\/media?parent=901"}],"curies":[{"name":"wp","href":"https:\/\/api.w.org\/{rel}","templated":true}]}}