{"id":907,"date":"2022-08-18T21:53:11","date_gmt":"2022-08-19T02:53:11","guid":{"rendered":"https:\/\/www.athajosescueladevida.com\/?page_id=907"},"modified":"2022-08-18T21:53:12","modified_gmt":"2022-08-19T02:53:12","slug":"maria-raquel-nunez","status":"publish","type":"page","link":"https:\/\/www.athajos.com\/index.php\/maria-raquel-nunez\/","title":{"rendered":"MARIA RAQUEL NU\u00d1EZ"},"content":{"rendered":"\n<div class=\"wp-block-columns alignfull has-background-color has-text-color has-background is-layout-flex wp-container-core-columns-layout-1 wp-block-columns-is-layout-flex\" style=\"background:linear-gradient(135deg,rgb(255,245,203) 0%,rgb(182,227,212) 14%,rgb(51,167,181) 31%)\">\n<div class=\"wp-block-column is-vertically-aligned-top is-layout-flow wp-block-column-is-layout-flow\">\n<div class=\"wp-block-group is-layout-flow wp-block-group-is-layout-flow\"><div class=\"wp-block-group__inner-container\">\n<h2 class=\"alignwide has-text-align-center wp-block-heading\">MAR\u00cdA RAQUEL NU\u00d1EZ<\/h2>\n<\/div><\/div>\n<\/div>\n<\/div>\n\n\n\n<div class=\"wp-block-columns alignwide is-layout-flex wp-container-core-columns-layout-2 wp-block-columns-is-layout-flex\">\n<div class=\"wp-block-column is-layout-flow wp-block-column-is-layout-flow\" style=\"flex-basis:66.66%\">\n<figure class=\"wp-block-image alignfull size-full\"><img loading=\"lazy\" decoding=\"async\" width=\"149\" height=\"112\" src=\"https:\/\/www.athajosescueladevida.com\/wp-content\/uploads\/2022\/08\/Imagen1-edited.png\" alt=\"\" class=\"wp-image-908\"\/><\/figure>\n\n\n\n<p>Grado de Bachiller en Gerontolog\u00eda &#8211; Universidad Alas Peruanas Octubre de 2014- Lima<\/p>\n\n\n\n<p>Profesional T\u00e9cnico en Computaci\u00f3n e Inform\u00e1tica &#8211; Instituto Superior Tecnol\u00f3gico P\u00fablico \u201cSantiago Ant\u00fanez de Mayolo\u201d Huancayo \u2013 Jun\u00edn \u2013 1999.<\/p>\n\n\n\n<p>Idioma Extranjero: Ingl\u00e9s a nivel b\u00e1sico \u2013 \u201cInstituto Cultural Peruano Norteamericano &#8211; ICPNA\u201d\u00a0 \u2013 1998.<\/p>\n\n\n\n<p>Idioma Quechua: Quechua a nivel b\u00e1sico \u2013 Centro de Educaci\u00f3n T\u00e9cnica Productiva \u201cT &amp; T CECITEL\u201d &#8211; 2017<\/p>\n\n\n\n<div class=\"wp-block-media-text alignwide is-stacked-on-mobile\" style=\"grid-template-columns:15% auto\"><figure class=\"wp-block-media-text__media\"><a href=\"https:\/\/api.whatsapp.com\/send?phone=975581850&amp;text=Quiero%20saber%20m%C3%A1s...\"><img loading=\"lazy\" decoding=\"async\" width=\"479\" height=\"482\" src=\"http:\/\/www.athajosescueladevida.com\/wp-content\/uploads\/2022\/07\/WhatsApp.svg_.webp\" alt=\"\" class=\"wp-image-540 size-full\" srcset=\"https:\/\/www.athajos.com\/\/wp-content\/uploads\/2022\/07\/WhatsApp.svg_.webp 479w, https:\/\/www.athajos.com\/\/wp-content\/uploads\/2022\/07\/WhatsApp.svg_-298x300.webp 298w, https:\/\/www.athajos.com\/\/wp-content\/uploads\/2022\/07\/WhatsApp.svg_-150x150.webp 150w\" sizes=\"(max-width: 479px) 100vw, 479px\" \/><\/a><\/figure><div class=\"wp-block-media-text__content\">\n<p><strong>\u00bfQuieres saber mas de nuestros cursos?<\/strong><\/p>\n\n\n\n<p><strong>Env\u00edanos un mensaje al WhatsApp <a href=\"https:\/\/api.whatsapp.com\/send?phone=975581850&amp;text=Quiero%20saber%20m%C3%A1s...\">975581850<\/a><\/strong><\/p>\n<\/div><\/div>\n<\/div>\n\n\n\n<div class=\"wp-block-column has-primary-color has-pale-ocean-gradient-background has-text-color has-background is-layout-flow wp-block-column-is-layout-flow\">\n<p><\/p>\n\n\n\n<div class=\"wp-block-buttons is-content-justification-center is-layout-flex wp-container-core-buttons-layout-1 wp-block-buttons-is-layout-flex\">\n<div class=\"wp-block-button is-style-fill\"><a class=\"wp-block-button__link has-secondary-background-color has-background\" style=\"border-radius:15px\">MAS TALLERES PARA TI:<\/a><\/div>\n<\/div>\n\n\n\n<p><\/p>\n\n\n\n<p class=\"has-text-align-center has-primary-background-color has-background has-normal-font-size\" style=\"font-style:normal;font-weight:900\"><strong><strong><a href=\"https:\/\/www.athajosescueladevida.com\/index.php\/taller-para-adultos-mayores\/\" target=\"_blank\" rel=\"noreferrer noopener\">TALLER PARA EL ADULTO MATOR<\/a><\/strong><\/strong><\/p>\n\n\n\n<p><\/p>\n\n\n\n<figure class=\"wp-block-image size-large is-style-default\"><a href=\"https:\/\/www.athajosescueladevida.com\/index.php\/taller-para-adultos-mayores\/\" target=\"_blank\" rel=\"noreferrer noopener\"><img loading=\"lazy\" decoding=\"async\" width=\"1024\" height=\"576\" src=\"https:\/\/www.athajosescueladevida.com\/wp-content\/uploads\/2022\/07\/WhatsApp-Image-2022-07-15-at-11.16.55-PM-1024x576.jpeg\" alt=\"\" class=\"wp-image-518\" srcset=\"https:\/\/www.athajos.com\/\/wp-content\/uploads\/2022\/07\/WhatsApp-Image-2022-07-15-at-11.16.55-PM-1024x576.jpeg 1024w, https:\/\/www.athajos.com\/\/wp-content\/uploads\/2022\/07\/WhatsApp-Image-2022-07-15-at-11.16.55-PM-300x169.jpeg 300w, https:\/\/www.athajos.com\/\/wp-content\/uploads\/2022\/07\/WhatsApp-Image-2022-07-15-at-11.16.55-PM-768x432.jpeg 768w, https:\/\/www.athajos.com\/\/wp-content\/uploads\/2022\/07\/WhatsApp-Image-2022-07-15-at-11.16.55-PM.jpeg 1080w\" sizes=\"(max-width: 1024px) 100vw, 1024px\" \/><\/a><figcaption>Contribuir\u00e1 a perfeccionar la labor del cuidado del Adulto Mayor en dependencia.<\/figcaption><\/figure>\n\n\n\n<div class=\"wp-block-media-text alignfull is-vertically-aligned-center has-primary-background-color has-background\" style=\"grid-template-columns:29% auto\"><figure class=\"wp-block-media-text__media\"><a href=\"https:\/\/www.youtube.com\/channel\/UC3CpvOQmyyFVsR72twF6gsw\" target=\"_blank\" rel=\"noreferrer noopener\"><img loading=\"lazy\" decoding=\"async\" width=\"320\" height=\"238\" src=\"http:\/\/www.athajosescueladevida.com\/wp-content\/uploads\/2022\/08\/youtube-icon-editorial-free-vector-removebg-preview-e1660522437213.png\" alt=\"\" class=\"wp-image-793 size-full\" srcset=\"https:\/\/www.athajos.com\/\/wp-content\/uploads\/2022\/08\/youtube-icon-editorial-free-vector-removebg-preview-e1660522437213.png 320w, https:\/\/www.athajos.com\/\/wp-content\/uploads\/2022\/08\/youtube-icon-editorial-free-vector-removebg-preview-e1660522437213-300x223.png 300w\" sizes=\"(max-width: 320px) 100vw, 320px\" \/><\/a><\/figure><div class=\"wp-block-media-text__content\">\n<p class=\"has-text-align-center has-large-font-size\"><strong><a href=\"https:\/\/www.youtube.com\/channel\/UC3CpvOQmyyFVsR72twF6gsw\" target=\"_blank\" rel=\"noreferrer noopener\">ATHAJOS<\/a><\/strong><\/p>\n<\/div><\/div>\n\n\n\n<p><\/p>\n\n\n\n<figure class=\"wp-block-image size-large is-resized\"><a href=\"https:\/\/www.youtube.com\/channel\/UC3CpvOQmyyFVsR72twF6gsw\" target=\"_blank\" rel=\"noreferrer noopener\"><img loading=\"lazy\" decoding=\"async\" src=\"https:\/\/www.athajosescueladevida.com\/wp-content\/uploads\/2022\/07\/MEDIDA-2X3-1620-\u00d7-1080-px-2-e1657605678110-1024x494.png\" alt=\"\" class=\"wp-image-458\" width=\"548\" height=\"264\" srcset=\"https:\/\/www.athajos.com\/\/wp-content\/uploads\/2022\/07\/MEDIDA-2X3-1620-\u00d7-1080-px-2-e1657605678110-1024x494.png 1024w, https:\/\/www.athajos.com\/\/wp-content\/uploads\/2022\/07\/MEDIDA-2X3-1620-\u00d7-1080-px-2-e1657605678110-300x145.png 300w, https:\/\/www.athajos.com\/\/wp-content\/uploads\/2022\/07\/MEDIDA-2X3-1620-\u00d7-1080-px-2-e1657605678110-768x370.png 768w, https:\/\/www.athajos.com\/\/wp-content\/uploads\/2022\/07\/MEDIDA-2X3-1620-\u00d7-1080-px-2-e1657605678110-1536x741.png 1536w, https:\/\/www.athajos.com\/\/wp-content\/uploads\/2022\/07\/MEDIDA-2X3-1620-\u00d7-1080-px-2-e1657605678110-2048x988.png 2048w, https:\/\/www.athajos.com\/\/wp-content\/uploads\/2022\/07\/MEDIDA-2X3-1620-\u00d7-1080-px-2-e1657605678110-1200x579.png 1200w, https:\/\/www.athajos.com\/\/wp-content\/uploads\/2022\/07\/MEDIDA-2X3-1620-\u00d7-1080-px-2-e1657605678110-1980x955.png 1980w\" sizes=\"(max-width: 548px) 100vw, 548px\" \/><\/a><\/figure>\n<\/div>\n<\/div>\n","protected":false},"excerpt":{"rendered":"<p>MAR\u00cdA RAQUEL NU\u00d1EZ Grado de Bachiller en Gerontolog\u00eda &#8211; Universidad Alas Peruanas Octubre de 2014- Lima Profesional T\u00e9cnico en Computaci\u00f3n e Inform\u00e1tica &#8211; Instituto Superior Tecnol\u00f3gico P\u00fablico \u201cSantiago Ant\u00fanez de Mayolo\u201d Huancayo \u2013 Jun\u00edn \u2013 1999. Idioma Extranjero: Ingl\u00e9s a nivel b\u00e1sico \u2013 \u201cInstituto Cultural Peruano Norteamericano &#8211; ICPNA\u201d\u00a0 \u2013 1998. Idioma Quechua: Quechua a [&hellip;]<\/p>\n","protected":false},"author":1,"featured_media":0,"parent":0,"menu_order":0,"comment_status":"closed","ping_status":"closed","template":"","meta":{"footnotes":"","_joinchat":[]},"yoast_head":"<!-- This site is optimized with the Yoast SEO plugin v21.7 - https:\/\/yoast.com\/wordpress\/plugins\/seo\/ -->\n<title>MARIA RAQUEL NU\u00d1EZ - ATHAJOS<\/title>\n<meta name=\"robots\" content=\"index, follow, max-snippet:-1, max-image-preview:large, max-video-preview:-1\" \/>\n<link rel=\"canonical\" href=\"https:\/\/www.athajos.com\/index.php\/maria-raquel-nunez\/\" \/>\n<meta property=\"og:locale\" content=\"es_ES\" \/>\n<meta property=\"og:type\" content=\"article\" \/>\n<meta property=\"og:title\" content=\"MARIA RAQUEL NU\u00d1EZ - ATHAJOS\" \/>\n<meta property=\"og:description\" content=\"MAR\u00cdA RAQUEL NU\u00d1EZ Grado de Bachiller en Gerontolog\u00eda &#8211; Universidad Alas Peruanas Octubre de 2014- Lima Profesional T\u00e9cnico en Computaci\u00f3n e Inform\u00e1tica &#8211; Instituto Superior Tecnol\u00f3gico P\u00fablico \u201cSantiago Ant\u00fanez de Mayolo\u201d Huancayo \u2013 Jun\u00edn \u2013 1999. Idioma Extranjero: Ingl\u00e9s a nivel b\u00e1sico \u2013 \u201cInstituto Cultural Peruano Norteamericano &#8211; ICPNA\u201d\u00a0 \u2013 1998. Idioma Quechua: Quechua a [&hellip;]\" \/>\n<meta property=\"og:url\" content=\"https:\/\/www.athajos.com\/index.php\/maria-raquel-nunez\/\" \/>\n<meta property=\"og:site_name\" content=\"ATHAJOS\" \/>\n<meta property=\"article:modified_time\" content=\"2022-08-19T02:53:12+00:00\" \/>\n<meta property=\"og:image\" content=\"https:\/\/www.athajosescueladevida.com\/wp-content\/uploads\/2022\/08\/Imagen1-edited.png\" \/>\n<meta name=\"twitter:card\" content=\"summary_large_image\" \/>\n<meta name=\"twitter:label1\" content=\"Est. reading time\" \/>\n\t<meta name=\"twitter:data1\" content=\"2 minutos\" \/>\n<script type=\"application\/ld+json\" class=\"yoast-schema-graph\">{\"@context\":\"https:\/\/schema.org\",\"@graph\":[{\"@type\":\"WebPage\",\"@id\":\"https:\/\/www.athajos.com\/index.php\/maria-raquel-nunez\/\",\"url\":\"https:\/\/www.athajos.com\/index.php\/maria-raquel-nunez\/\",\"name\":\"MARIA RAQUEL NU\u00d1EZ - ATHAJOS\",\"isPartOf\":{\"@id\":\"https:\/\/www.athajos.com\/#website\"},\"datePublished\":\"2022-08-19T02:53:11+00:00\",\"dateModified\":\"2022-08-19T02:53:12+00:00\",\"breadcrumb\":{\"@id\":\"https:\/\/www.athajos.com\/index.php\/maria-raquel-nunez\/#breadcrumb\"},\"inLanguage\":\"es-PE\",\"potentialAction\":[{\"@type\":\"ReadAction\",\"target\":[\"https:\/\/www.athajos.com\/index.php\/maria-raquel-nunez\/\"]}]},{\"@type\":\"BreadcrumbList\",\"@id\":\"https:\/\/www.athajos.com\/index.php\/maria-raquel-nunez\/#breadcrumb\",\"itemListElement\":[{\"@type\":\"ListItem\",\"position\":1,\"name\":\"Portada\",\"item\":\"https:\/\/www.athajos.com\/\"},{\"@type\":\"ListItem\",\"position\":2,\"name\":\"MARIA RAQUEL NU\u00d1EZ\"}]},{\"@type\":\"WebSite\",\"@id\":\"https:\/\/www.athajos.com\/#website\",\"url\":\"https:\/\/www.athajos.com\/\",\"name\":\"ATHAJOS\",\"description\":\"\",\"publisher\":{\"@id\":\"https:\/\/www.athajos.com\/#organization\"},\"potentialAction\":[{\"@type\":\"SearchAction\",\"target\":{\"@type\":\"EntryPoint\",\"urlTemplate\":\"https:\/\/www.athajos.com\/?s={search_term_string}\"},\"query-input\":\"required name=search_term_string\"}],\"inLanguage\":\"es-PE\"},{\"@type\":\"Organization\",\"@id\":\"https:\/\/www.athajos.com\/#organization\",\"name\":\"ATHAJOS\",\"url\":\"https:\/\/www.athajos.com\/\",\"logo\":{\"@type\":\"ImageObject\",\"inLanguage\":\"es-PE\",\"@id\":\"https:\/\/www.athajos.com\/#\/schema\/logo\/image\/\",\"url\":\"https:\/\/www.athajos.com\/\/wp-content\/uploads\/2023\/03\/cropped-Untitled-design-1.png\",\"contentUrl\":\"https:\/\/www.athajos.com\/\/wp-content\/uploads\/2023\/03\/cropped-Untitled-design-1.png\",\"width\":1282,\"height\":601,\"caption\":\"ATHAJOS\"},\"image\":{\"@id\":\"https:\/\/www.athajos.com\/#\/schema\/logo\/image\/\"}}]}<\/script>\n<!-- \/ Yoast SEO plugin. -->","yoast_head_json":{"title":"MARIA RAQUEL NU\u00d1EZ - ATHAJOS","robots":{"index":"index","follow":"follow","max-snippet":"max-snippet:-1","max-image-preview":"max-image-preview:large","max-video-preview":"max-video-preview:-1"},"canonical":"https:\/\/www.athajos.com\/index.php\/maria-raquel-nunez\/","og_locale":"es_ES","og_type":"article","og_title":"MARIA RAQUEL NU\u00d1EZ - ATHAJOS","og_description":"MAR\u00cdA RAQUEL NU\u00d1EZ Grado de Bachiller en Gerontolog\u00eda &#8211; Universidad Alas Peruanas Octubre de 2014- Lima Profesional T\u00e9cnico en Computaci\u00f3n e Inform\u00e1tica &#8211; Instituto Superior Tecnol\u00f3gico P\u00fablico \u201cSantiago Ant\u00fanez de Mayolo\u201d Huancayo \u2013 Jun\u00edn \u2013 1999. Idioma Extranjero: Ingl\u00e9s a nivel b\u00e1sico \u2013 \u201cInstituto Cultural Peruano Norteamericano &#8211; ICPNA\u201d\u00a0 \u2013 1998. Idioma Quechua: Quechua a [&hellip;]","og_url":"https:\/\/www.athajos.com\/index.php\/maria-raquel-nunez\/","og_site_name":"ATHAJOS","article_modified_time":"2022-08-19T02:53:12+00:00","og_image":[{"url":"https:\/\/www.athajosescueladevida.com\/wp-content\/uploads\/2022\/08\/Imagen1-edited.png"}],"twitter_card":"summary_large_image","twitter_misc":{"Est. reading time":"2 minutos"},"schema":{"@context":"https:\/\/schema.org","@graph":[{"@type":"WebPage","@id":"https:\/\/www.athajos.com\/index.php\/maria-raquel-nunez\/","url":"https:\/\/www.athajos.com\/index.php\/maria-raquel-nunez\/","name":"MARIA RAQUEL NU\u00d1EZ - ATHAJOS","isPartOf":{"@id":"https:\/\/www.athajos.com\/#website"},"datePublished":"2022-08-19T02:53:11+00:00","dateModified":"2022-08-19T02:53:12+00:00","breadcrumb":{"@id":"https:\/\/www.athajos.com\/index.php\/maria-raquel-nunez\/#breadcrumb"},"inLanguage":"es-PE","potentialAction":[{"@type":"ReadAction","target":["https:\/\/www.athajos.com\/index.php\/maria-raquel-nunez\/"]}]},{"@type":"BreadcrumbList","@id":"https:\/\/www.athajos.com\/index.php\/maria-raquel-nunez\/#breadcrumb","itemListElement":[{"@type":"ListItem","position":1,"name":"Portada","item":"https:\/\/www.athajos.com\/"},{"@type":"ListItem","position":2,"name":"MARIA RAQUEL NU\u00d1EZ"}]},{"@type":"WebSite","@id":"https:\/\/www.athajos.com\/#website","url":"https:\/\/www.athajos.com\/","name":"ATHAJOS","description":"","publisher":{"@id":"https:\/\/www.athajos.com\/#organization"},"potentialAction":[{"@type":"SearchAction","target":{"@type":"EntryPoint","urlTemplate":"https:\/\/www.athajos.com\/?s={search_term_string}"},"query-input":"required name=search_term_string"}],"inLanguage":"es-PE"},{"@type":"Organization","@id":"https:\/\/www.athajos.com\/#organization","name":"ATHAJOS","url":"https:\/\/www.athajos.com\/","logo":{"@type":"ImageObject","inLanguage":"es-PE","@id":"https:\/\/www.athajos.com\/#\/schema\/logo\/image\/","url":"https:\/\/www.athajos.com\/\/wp-content\/uploads\/2023\/03\/cropped-Untitled-design-1.png","contentUrl":"https:\/\/www.athajos.com\/\/wp-content\/uploads\/2023\/03\/cropped-Untitled-design-1.png","width":1282,"height":601,"caption":"ATHAJOS"},"image":{"@id":"https:\/\/www.athajos.com\/#\/schema\/logo\/image\/"}}]}},"_links":{"self":[{"href":"https:\/\/www.athajos.com\/index.php\/wp-json\/wp\/v2\/pages\/907"}],"collection":[{"href":"https:\/\/www.athajos.com\/index.php\/wp-json\/wp\/v2\/pages"}],"about":[{"href":"https:\/\/www.athajos.com\/index.php\/wp-json\/wp\/v2\/types\/page"}],"author":[{"embeddable":true,"href":"https:\/\/www.athajos.com\/index.php\/wp-json\/wp\/v2\/users\/1"}],"replies":[{"embeddable":true,"href":"https:\/\/www.athajos.com\/index.php\/wp-json\/wp\/v2\/comments?post=907"}],"version-history":[{"count":1,"href":"https:\/\/www.athajos.com\/index.php\/wp-json\/wp\/v2\/pages\/907\/revisions"}],"predecessor-version":[{"id":909,"href":"https:\/\/www.athajos.com\/index.php\/wp-json\/wp\/v2\/pages\/907\/revisions\/909"}],"wp:attachment":[{"href":"https:\/\/www.athajos.com\/index.php\/wp-json\/wp\/v2\/media?parent=907"}],"curies":[{"name":"wp","href":"https:\/\/api.w.org\/{rel}","templated":true}]}}