{"id":926,"date":"2022-08-21T18:34:17","date_gmt":"2022-08-21T23:34:17","guid":{"rendered":"https:\/\/www.athajosescueladevida.com\/?page_id=926"},"modified":"2022-08-21T18:34:18","modified_gmt":"2022-08-21T23:34:18","slug":"roberto-gomez-sanchez","status":"publish","type":"page","link":"https:\/\/www.athajos.com\/index.php\/roberto-gomez-sanchez\/","title":{"rendered":"ROBERTO G\u00d3MEZ S\u00c1NCHEZ"},"content":{"rendered":"\n<div class=\"wp-block-columns alignfull has-background-color has-text-color has-background is-layout-flex wp-container-core-columns-layout-1 wp-block-columns-is-layout-flex\" style=\"background:linear-gradient(135deg,rgb(255,245,203) 0%,rgb(182,227,212) 14%,rgb(51,167,181) 31%)\">\n<div class=\"wp-block-column is-vertically-aligned-top is-layout-flow wp-block-column-is-layout-flow\">\n<div class=\"wp-block-group is-layout-flow wp-block-group-is-layout-flow\"><div class=\"wp-block-group__inner-container\">\n<h2 class=\"alignwide has-text-align-center wp-block-heading\">ROBERTO G\u00d3MEZ S\u00c1NCHEZ<\/h2>\n<\/div><\/div>\n<\/div>\n<\/div>\n\n\n\n<div class=\"wp-block-columns alignwide is-layout-flex wp-container-core-columns-layout-2 wp-block-columns-is-layout-flex\">\n<div class=\"wp-block-column is-layout-flow wp-block-column-is-layout-flow\" style=\"flex-basis:66.66%\">\n<figure class=\"wp-block-image alignfull size-full\"><img loading=\"lazy\" decoding=\"async\" width=\"846\" height=\"635\" src=\"https:\/\/www.athajosescueladevida.com\/wp-content\/uploads\/2022\/08\/Foto-RGS-May2020-edited.jpg\" alt=\"\" class=\"wp-image-927\" srcset=\"https:\/\/www.athajos.com\/\/wp-content\/uploads\/2022\/08\/Foto-RGS-May2020-edited.jpg 846w, https:\/\/www.athajos.com\/\/wp-content\/uploads\/2022\/08\/Foto-RGS-May2020-edited-300x225.jpg 300w, https:\/\/www.athajos.com\/\/wp-content\/uploads\/2022\/08\/Foto-RGS-May2020-edited-768x576.jpg 768w\" sizes=\"(max-width: 846px) 100vw, 846px\" \/><\/figure>\n\n\n\n<p>Me desempe\u00f1o como desarrollador de personas, en el rol de Consultor, Asesor, Coach, Mentor, Couseling, Speaker. Buscando que las personas logren ser econ\u00f3micamente autosuficientes, mediante la identificaci\u00f3n de su potencial, los recursos que le ofrece el entorno y el alineamiento con su visi\u00f3n. Trabajo sobre tres aspectos:<\/p>\n\n\n\n<p>\u25aa EMPLEO: los clientes identifican oportunidades laborales en funci\u00f3n a sus competencias. (Coachplacement, Plan de Carrera)<br>\u25aa EDUCACI\u00d3N: el cliente reconocer\u00e1 oportunidades de formaci\u00f3n y capacitaci\u00f3n orientadas a su perfil profesional.<br>\u25aa EMPRENDIMIENTOS: el cliente obtendr\u00e1 informaci\u00f3n para conceptualizar y desarrollar ideas de negocios o fortalecer aquellas que ya tienen (Mypes y Pymes).<\/p>\n\n\n\n<p>En capacitaci\u00f3n para emprendimiento, manejo el Modelo Canvas para planes de negocio; as\u00ed mismo cuento con material para trabajar con 15 personas con la metodolog\u00eda Lego Serius Play, puedo aplicar all\u00ed metodolog\u00edas \u00e1giles.<\/p>\n\n\n\n<div class=\"wp-block-media-text alignwide is-stacked-on-mobile\" style=\"grid-template-columns:15% auto\"><figure class=\"wp-block-media-text__media\"><a href=\"https:\/\/api.whatsapp.com\/send?phone=975581850&amp;text=Quiero%20saber%20m%C3%A1s...\"><img loading=\"lazy\" decoding=\"async\" width=\"479\" height=\"482\" src=\"http:\/\/www.athajosescueladevida.com\/wp-content\/uploads\/2022\/07\/WhatsApp.svg_.webp\" alt=\"\" class=\"wp-image-540 size-full\" srcset=\"https:\/\/www.athajos.com\/\/wp-content\/uploads\/2022\/07\/WhatsApp.svg_.webp 479w, https:\/\/www.athajos.com\/\/wp-content\/uploads\/2022\/07\/WhatsApp.svg_-298x300.webp 298w, https:\/\/www.athajos.com\/\/wp-content\/uploads\/2022\/07\/WhatsApp.svg_-150x150.webp 150w\" sizes=\"(max-width: 479px) 100vw, 479px\" \/><\/a><\/figure><div class=\"wp-block-media-text__content\">\n<p><strong>\u00bfQuieres saber mas de nuestros cursos?<\/strong><\/p>\n\n\n\n<p><strong>Env\u00edanos un mensaje al WhatsApp <a href=\"https:\/\/api.whatsapp.com\/send?phone=975581850&amp;text=Quiero%20saber%20m%C3%A1s...\">975581850<\/a><\/strong><\/p>\n<\/div><\/div>\n<\/div>\n\n\n\n<div class=\"wp-block-column has-primary-color has-pale-ocean-gradient-background has-text-color has-background is-layout-flow wp-block-column-is-layout-flow\">\n<p><\/p>\n\n\n\n<div class=\"wp-block-buttons is-content-justification-center is-layout-flex wp-container-core-buttons-layout-1 wp-block-buttons-is-layout-flex\">\n<div class=\"wp-block-button is-style-fill\"><a class=\"wp-block-button__link has-secondary-background-color has-background\" href=\"https:\/\/www.athajosescueladevida.com\/index.php\/servicios\/\" style=\"border-radius:15px\">MAS TALLERES PARA TI:<\/a><\/div>\n<\/div>\n\n\n\n<p><\/p>\n\n\n\n<p class=\"has-text-align-center has-primary-background-color has-background has-normal-font-size\" style=\"font-style:normal;font-weight:900\"><strong><strong><a href=\"https:\/\/www.athajosescueladevida.com\/index.php\/consejeria-psicologica\/\" target=\"_blank\" rel=\"noreferrer noopener\">CONSEJER\u00cdA PSICOL\u00d3GICA<\/a><\/strong><\/strong><\/p>\n\n\n\n<p><\/p>\n\n\n\n<figure class=\"wp-block-image size-large is-style-default\"><a href=\"https:\/\/www.athajosescueladevida.com\/index.php\/consejeria-psicologica\/\" target=\"_blank\" rel=\"noreferrer noopener\"><img loading=\"lazy\" decoding=\"async\" width=\"1280\" height=\"800\" src=\"https:\/\/www.athajosescueladevida.com\/wp-content\/uploads\/2022\/08\/WhatsApp-Image-2022-07-07-at-11.18.09-AM-3-edited.jpeg\" alt=\"\" class=\"wp-image-928\" srcset=\"https:\/\/www.athajos.com\/\/wp-content\/uploads\/2022\/08\/WhatsApp-Image-2022-07-07-at-11.18.09-AM-3-edited.jpeg 1280w, https:\/\/www.athajos.com\/\/wp-content\/uploads\/2022\/08\/WhatsApp-Image-2022-07-07-at-11.18.09-AM-3-edited-300x188.jpeg 300w, https:\/\/www.athajos.com\/\/wp-content\/uploads\/2022\/08\/WhatsApp-Image-2022-07-07-at-11.18.09-AM-3-edited-1024x640.jpeg 1024w, https:\/\/www.athajos.com\/\/wp-content\/uploads\/2022\/08\/WhatsApp-Image-2022-07-07-at-11.18.09-AM-3-edited-768x480.jpeg 768w, https:\/\/www.athajos.com\/\/wp-content\/uploads\/2022\/08\/WhatsApp-Image-2022-07-07-at-11.18.09-AM-3-edited-1200x750.jpeg 1200w\" sizes=\"(max-width: 1280px) 100vw, 1280px\" \/><\/a><figcaption>Tiene como finalidad desarrollar la creatividad y agilidad mental.<\/figcaption><\/figure>\n\n\n\n<div class=\"wp-block-media-text alignfull is-vertically-aligned-center has-primary-background-color has-background\" style=\"grid-template-columns:29% auto\"><figure class=\"wp-block-media-text__media\"><a href=\"https:\/\/www.youtube.com\/channel\/UC3CpvOQmyyFVsR72twF6gsw\" target=\"_blank\" rel=\"noreferrer noopener\"><img loading=\"lazy\" decoding=\"async\" width=\"320\" height=\"238\" src=\"http:\/\/www.athajosescueladevida.com\/wp-content\/uploads\/2022\/08\/youtube-icon-editorial-free-vector-removebg-preview-e1660522437213.png\" alt=\"\" class=\"wp-image-793 size-full\" srcset=\"https:\/\/www.athajos.com\/\/wp-content\/uploads\/2022\/08\/youtube-icon-editorial-free-vector-removebg-preview-e1660522437213.png 320w, https:\/\/www.athajos.com\/\/wp-content\/uploads\/2022\/08\/youtube-icon-editorial-free-vector-removebg-preview-e1660522437213-300x223.png 300w\" sizes=\"(max-width: 320px) 100vw, 320px\" \/><\/a><\/figure><div class=\"wp-block-media-text__content\">\n<p class=\"has-text-align-center has-large-font-size\"><strong><a href=\"https:\/\/www.youtube.com\/channel\/UC3CpvOQmyyFVsR72twF6gsw\" target=\"_blank\" rel=\"noreferrer noopener\">ATHAJOS<\/a><\/strong><\/p>\n<\/div><\/div>\n\n\n\n<p><\/p>\n\n\n\n<figure class=\"wp-block-image size-large\"><a href=\"https:\/\/www.youtube.com\/channel\/UC3CpvOQmyyFVsR72twF6gsw\" target=\"_blank\" rel=\"noreferrer noopener\"><img loading=\"lazy\" decoding=\"async\" width=\"1024\" height=\"494\" src=\"https:\/\/www.athajosescueladevida.com\/wp-content\/uploads\/2022\/07\/MEDIDA-2X3-1620-\u00d7-1080-px-2-e1657605678110-1024x494.png\" alt=\"\" class=\"wp-image-458\" srcset=\"https:\/\/www.athajos.com\/\/wp-content\/uploads\/2022\/07\/MEDIDA-2X3-1620-\u00d7-1080-px-2-e1657605678110-1024x494.png 1024w, https:\/\/www.athajos.com\/\/wp-content\/uploads\/2022\/07\/MEDIDA-2X3-1620-\u00d7-1080-px-2-e1657605678110-300x145.png 300w, https:\/\/www.athajos.com\/\/wp-content\/uploads\/2022\/07\/MEDIDA-2X3-1620-\u00d7-1080-px-2-e1657605678110-768x370.png 768w, https:\/\/www.athajos.com\/\/wp-content\/uploads\/2022\/07\/MEDIDA-2X3-1620-\u00d7-1080-px-2-e1657605678110-1536x741.png 1536w, https:\/\/www.athajos.com\/\/wp-content\/uploads\/2022\/07\/MEDIDA-2X3-1620-\u00d7-1080-px-2-e1657605678110-2048x988.png 2048w, https:\/\/www.athajos.com\/\/wp-content\/uploads\/2022\/07\/MEDIDA-2X3-1620-\u00d7-1080-px-2-e1657605678110-1200x579.png 1200w, https:\/\/www.athajos.com\/\/wp-content\/uploads\/2022\/07\/MEDIDA-2X3-1620-\u00d7-1080-px-2-e1657605678110-1980x955.png 1980w\" sizes=\"(max-width: 1024px) 100vw, 1024px\" \/><\/a><figcaption>Tiene por finalidad el desarrollo de la t\u00e9cnica vocal.<\/figcaption><\/figure>\n<\/div>\n<\/div>\n","protected":false},"excerpt":{"rendered":"<p>ROBERTO G\u00d3MEZ S\u00c1NCHEZ Me desempe\u00f1o como desarrollador de personas, en el rol de Consultor, Asesor, Coach, Mentor, Couseling, Speaker. Buscando que las personas logren ser econ\u00f3micamente autosuficientes, mediante la identificaci\u00f3n de su potencial, los recursos que le ofrece el entorno y el alineamiento con su visi\u00f3n. Trabajo sobre tres aspectos: \u25aa EMPLEO: los clientes identifican [&hellip;]<\/p>\n","protected":false},"author":1,"featured_media":0,"parent":0,"menu_order":0,"comment_status":"closed","ping_status":"closed","template":"","meta":{"footnotes":"","_joinchat":[]},"yoast_head":"<!-- This site is optimized with the Yoast SEO plugin v21.7 - https:\/\/yoast.com\/wordpress\/plugins\/seo\/ -->\n<title>ROBERTO G\u00d3MEZ S\u00c1NCHEZ - ATHAJOS<\/title>\n<meta name=\"robots\" content=\"index, follow, max-snippet:-1, max-image-preview:large, max-video-preview:-1\" \/>\n<link rel=\"canonical\" href=\"https:\/\/www.athajos.com\/index.php\/roberto-gomez-sanchez\/\" \/>\n<meta property=\"og:locale\" content=\"es_ES\" \/>\n<meta property=\"og:type\" content=\"article\" \/>\n<meta property=\"og:title\" content=\"ROBERTO G\u00d3MEZ S\u00c1NCHEZ - ATHAJOS\" \/>\n<meta property=\"og:description\" content=\"ROBERTO G\u00d3MEZ S\u00c1NCHEZ Me desempe\u00f1o como desarrollador de personas, en el rol de Consultor, Asesor, Coach, Mentor, Couseling, Speaker. Buscando que las personas logren ser econ\u00f3micamente autosuficientes, mediante la identificaci\u00f3n de su potencial, los recursos que le ofrece el entorno y el alineamiento con su visi\u00f3n. Trabajo sobre tres aspectos: \u25aa EMPLEO: los clientes identifican [&hellip;]\" \/>\n<meta property=\"og:url\" content=\"https:\/\/www.athajos.com\/index.php\/roberto-gomez-sanchez\/\" \/>\n<meta property=\"og:site_name\" content=\"ATHAJOS\" \/>\n<meta property=\"article:modified_time\" content=\"2022-08-21T23:34:18+00:00\" \/>\n<meta property=\"og:image\" content=\"https:\/\/www.athajosescueladevida.com\/wp-content\/uploads\/2022\/08\/Foto-RGS-May2020-edited.jpg\" \/>\n<meta name=\"twitter:card\" content=\"summary_large_image\" \/>\n<meta name=\"twitter:label1\" content=\"Est. reading time\" \/>\n\t<meta name=\"twitter:data1\" content=\"2 minutos\" \/>\n<script type=\"application\/ld+json\" class=\"yoast-schema-graph\">{\"@context\":\"https:\/\/schema.org\",\"@graph\":[{\"@type\":\"WebPage\",\"@id\":\"https:\/\/www.athajos.com\/index.php\/roberto-gomez-sanchez\/\",\"url\":\"https:\/\/www.athajos.com\/index.php\/roberto-gomez-sanchez\/\",\"name\":\"ROBERTO G\u00d3MEZ S\u00c1NCHEZ - ATHAJOS\",\"isPartOf\":{\"@id\":\"https:\/\/www.athajos.com\/#website\"},\"datePublished\":\"2022-08-21T23:34:17+00:00\",\"dateModified\":\"2022-08-21T23:34:18+00:00\",\"breadcrumb\":{\"@id\":\"https:\/\/www.athajos.com\/index.php\/roberto-gomez-sanchez\/#breadcrumb\"},\"inLanguage\":\"es-PE\",\"potentialAction\":[{\"@type\":\"ReadAction\",\"target\":[\"https:\/\/www.athajos.com\/index.php\/roberto-gomez-sanchez\/\"]}]},{\"@type\":\"BreadcrumbList\",\"@id\":\"https:\/\/www.athajos.com\/index.php\/roberto-gomez-sanchez\/#breadcrumb\",\"itemListElement\":[{\"@type\":\"ListItem\",\"position\":1,\"name\":\"Portada\",\"item\":\"https:\/\/www.athajos.com\/\"},{\"@type\":\"ListItem\",\"position\":2,\"name\":\"ROBERTO G\u00d3MEZ S\u00c1NCHEZ\"}]},{\"@type\":\"WebSite\",\"@id\":\"https:\/\/www.athajos.com\/#website\",\"url\":\"https:\/\/www.athajos.com\/\",\"name\":\"ATHAJOS\",\"description\":\"\",\"publisher\":{\"@id\":\"https:\/\/www.athajos.com\/#organization\"},\"potentialAction\":[{\"@type\":\"SearchAction\",\"target\":{\"@type\":\"EntryPoint\",\"urlTemplate\":\"https:\/\/www.athajos.com\/?s={search_term_string}\"},\"query-input\":\"required name=search_term_string\"}],\"inLanguage\":\"es-PE\"},{\"@type\":\"Organization\",\"@id\":\"https:\/\/www.athajos.com\/#organization\",\"name\":\"ATHAJOS\",\"url\":\"https:\/\/www.athajos.com\/\",\"logo\":{\"@type\":\"ImageObject\",\"inLanguage\":\"es-PE\",\"@id\":\"https:\/\/www.athajos.com\/#\/schema\/logo\/image\/\",\"url\":\"https:\/\/www.athajos.com\/\/wp-content\/uploads\/2023\/03\/cropped-Untitled-design-1.png\",\"contentUrl\":\"https:\/\/www.athajos.com\/\/wp-content\/uploads\/2023\/03\/cropped-Untitled-design-1.png\",\"width\":1282,\"height\":601,\"caption\":\"ATHAJOS\"},\"image\":{\"@id\":\"https:\/\/www.athajos.com\/#\/schema\/logo\/image\/\"}}]}<\/script>\n<!-- \/ Yoast SEO plugin. -->","yoast_head_json":{"title":"ROBERTO G\u00d3MEZ S\u00c1NCHEZ - ATHAJOS","robots":{"index":"index","follow":"follow","max-snippet":"max-snippet:-1","max-image-preview":"max-image-preview:large","max-video-preview":"max-video-preview:-1"},"canonical":"https:\/\/www.athajos.com\/index.php\/roberto-gomez-sanchez\/","og_locale":"es_ES","og_type":"article","og_title":"ROBERTO G\u00d3MEZ S\u00c1NCHEZ - ATHAJOS","og_description":"ROBERTO G\u00d3MEZ S\u00c1NCHEZ Me desempe\u00f1o como desarrollador de personas, en el rol de Consultor, Asesor, Coach, Mentor, Couseling, Speaker. Buscando que las personas logren ser econ\u00f3micamente autosuficientes, mediante la identificaci\u00f3n de su potencial, los recursos que le ofrece el entorno y el alineamiento con su visi\u00f3n. Trabajo sobre tres aspectos: \u25aa EMPLEO: los clientes identifican [&hellip;]","og_url":"https:\/\/www.athajos.com\/index.php\/roberto-gomez-sanchez\/","og_site_name":"ATHAJOS","article_modified_time":"2022-08-21T23:34:18+00:00","og_image":[{"url":"https:\/\/www.athajosescueladevida.com\/wp-content\/uploads\/2022\/08\/Foto-RGS-May2020-edited.jpg"}],"twitter_card":"summary_large_image","twitter_misc":{"Est. reading time":"2 minutos"},"schema":{"@context":"https:\/\/schema.org","@graph":[{"@type":"WebPage","@id":"https:\/\/www.athajos.com\/index.php\/roberto-gomez-sanchez\/","url":"https:\/\/www.athajos.com\/index.php\/roberto-gomez-sanchez\/","name":"ROBERTO G\u00d3MEZ S\u00c1NCHEZ - ATHAJOS","isPartOf":{"@id":"https:\/\/www.athajos.com\/#website"},"datePublished":"2022-08-21T23:34:17+00:00","dateModified":"2022-08-21T23:34:18+00:00","breadcrumb":{"@id":"https:\/\/www.athajos.com\/index.php\/roberto-gomez-sanchez\/#breadcrumb"},"inLanguage":"es-PE","potentialAction":[{"@type":"ReadAction","target":["https:\/\/www.athajos.com\/index.php\/roberto-gomez-sanchez\/"]}]},{"@type":"BreadcrumbList","@id":"https:\/\/www.athajos.com\/index.php\/roberto-gomez-sanchez\/#breadcrumb","itemListElement":[{"@type":"ListItem","position":1,"name":"Portada","item":"https:\/\/www.athajos.com\/"},{"@type":"ListItem","position":2,"name":"ROBERTO G\u00d3MEZ S\u00c1NCHEZ"}]},{"@type":"WebSite","@id":"https:\/\/www.athajos.com\/#website","url":"https:\/\/www.athajos.com\/","name":"ATHAJOS","description":"","publisher":{"@id":"https:\/\/www.athajos.com\/#organization"},"potentialAction":[{"@type":"SearchAction","target":{"@type":"EntryPoint","urlTemplate":"https:\/\/www.athajos.com\/?s={search_term_string}"},"query-input":"required name=search_term_string"}],"inLanguage":"es-PE"},{"@type":"Organization","@id":"https:\/\/www.athajos.com\/#organization","name":"ATHAJOS","url":"https:\/\/www.athajos.com\/","logo":{"@type":"ImageObject","inLanguage":"es-PE","@id":"https:\/\/www.athajos.com\/#\/schema\/logo\/image\/","url":"https:\/\/www.athajos.com\/\/wp-content\/uploads\/2023\/03\/cropped-Untitled-design-1.png","contentUrl":"https:\/\/www.athajos.com\/\/wp-content\/uploads\/2023\/03\/cropped-Untitled-design-1.png","width":1282,"height":601,"caption":"ATHAJOS"},"image":{"@id":"https:\/\/www.athajos.com\/#\/schema\/logo\/image\/"}}]}},"_links":{"self":[{"href":"https:\/\/www.athajos.com\/index.php\/wp-json\/wp\/v2\/pages\/926"}],"collection":[{"href":"https:\/\/www.athajos.com\/index.php\/wp-json\/wp\/v2\/pages"}],"about":[{"href":"https:\/\/www.athajos.com\/index.php\/wp-json\/wp\/v2\/types\/page"}],"author":[{"embeddable":true,"href":"https:\/\/www.athajos.com\/index.php\/wp-json\/wp\/v2\/users\/1"}],"replies":[{"embeddable":true,"href":"https:\/\/www.athajos.com\/index.php\/wp-json\/wp\/v2\/comments?post=926"}],"version-history":[{"count":1,"href":"https:\/\/www.athajos.com\/index.php\/wp-json\/wp\/v2\/pages\/926\/revisions"}],"predecessor-version":[{"id":929,"href":"https:\/\/www.athajos.com\/index.php\/wp-json\/wp\/v2\/pages\/926\/revisions\/929"}],"wp:attachment":[{"href":"https:\/\/www.athajos.com\/index.php\/wp-json\/wp\/v2\/media?parent=926"}],"curies":[{"name":"wp","href":"https:\/\/api.w.org\/{rel}","templated":true}]}}