{"id":964,"date":"2022-08-22T02:02:27","date_gmt":"2022-08-22T07:02:27","guid":{"rendered":"https:\/\/www.athajosescueladevida.com\/?page_id=964"},"modified":"2022-08-22T02:02:30","modified_gmt":"2022-08-22T07:02:30","slug":"claudia-maria-salcedo-sialer","status":"publish","type":"page","link":"https:\/\/www.athajos.com\/index.php\/claudia-maria-salcedo-sialer\/","title":{"rendered":"CLAUDIA MAR\u00cdA SALCEDO  SIALER"},"content":{"rendered":"\n<div class=\"wp-block-columns alignfull has-background-color has-text-color has-background is-layout-flex wp-container-core-columns-layout-1 wp-block-columns-is-layout-flex\" style=\"background:linear-gradient(135deg,rgb(255,245,203) 0%,rgb(182,227,212) 14%,rgb(51,167,181) 31%)\">\n<div class=\"wp-block-column is-vertically-aligned-top is-layout-flow wp-block-column-is-layout-flow\">\n<div class=\"wp-block-group is-layout-flow wp-block-group-is-layout-flow\"><div class=\"wp-block-group__inner-container\">\n<h2 class=\"alignwide has-text-align-center wp-block-heading\">CLAUDIA MAR\u00cdA SALCEDO  SIALER<\/h2>\n<\/div><\/div>\n<\/div>\n<\/div>\n\n\n\n<div class=\"wp-block-columns alignwide is-layout-flex wp-container-core-columns-layout-2 wp-block-columns-is-layout-flex\">\n<div class=\"wp-block-column is-layout-flow wp-block-column-is-layout-flow\" style=\"flex-basis:66.66%\">\n<figure class=\"wp-block-image alignfull size-full\"><img loading=\"lazy\" decoding=\"async\" width=\"640\" height=\"480\" src=\"https:\/\/www.athajosescueladevida.com\/wp-content\/uploads\/2022\/08\/CLAUDIA-MARIA-SALCEDO-SIALER-edited.png\" alt=\"\" class=\"wp-image-966\" srcset=\"https:\/\/www.athajos.com\/\/wp-content\/uploads\/2022\/08\/CLAUDIA-MARIA-SALCEDO-SIALER-edited.png 640w, https:\/\/www.athajos.com\/\/wp-content\/uploads\/2022\/08\/CLAUDIA-MARIA-SALCEDO-SIALER-edited-300x225.png 300w\" sizes=\"(max-width: 640px) 100vw, 640px\" \/><\/figure>\n\n\n\n<p>Dise\u00f1adora y docente. Dise\u00f1adora de iluminaci\u00f3n Licenciada en la Universidad Nacional de las Artes Dram\u00e1ticas (UNA) de Buenos Aires, Argentina, en la carrera de Dise\u00f1o de Iluminaci\u00f3n de Espect\u00e1culos. Egresada titulada de la ENSAD en la especialidad de Escenograf\u00eda.<\/p>\n\n\n\n<p>Con conocimientos y experiencia en el \u00e1rea de iluminaci\u00f3n, escenograf\u00eda y estudios de software aplicados al dise\u00f1o. Con 10 a\u00f1os de experiencia en el \u00e1mbito teatral y de espect\u00e1culos. Actualmente, docente de Dise\u00f1o Escenogr\u00e1fico de la ENSAD.<\/p>\n\n\n\n<div class=\"wp-block-media-text alignwide\" style=\"grid-template-columns:19% auto\"><figure class=\"wp-block-media-text__media\"><a href=\"https:\/\/api.whatsapp.com\/send?phone=975581850&amp;text=Quiero%20saber%20m%C3%A1s...\"><img loading=\"lazy\" decoding=\"async\" width=\"479\" height=\"482\" src=\"http:\/\/www.athajosescueladevida.com\/wp-content\/uploads\/2022\/07\/WhatsApp.svg_.webp\" alt=\"\" class=\"wp-image-540 size-full\" srcset=\"https:\/\/www.athajos.com\/\/wp-content\/uploads\/2022\/07\/WhatsApp.svg_.webp 479w, https:\/\/www.athajos.com\/\/wp-content\/uploads\/2022\/07\/WhatsApp.svg_-298x300.webp 298w, https:\/\/www.athajos.com\/\/wp-content\/uploads\/2022\/07\/WhatsApp.svg_-150x150.webp 150w\" sizes=\"(max-width: 479px) 100vw, 479px\" \/><\/a><\/figure><div class=\"wp-block-media-text__content\">\n<p><strong>\u00bfQuieres saber mas de nuestros cursos?<\/strong><\/p>\n\n\n\n<p><strong>Env\u00edanos un mensaje al WhatsApp <a href=\"https:\/\/api.whatsapp.com\/send?phone=975581850&amp;text=Quiero%20saber%20m%C3%A1s...\">975581850<\/a><\/strong><\/p>\n<\/div><\/div>\n<\/div>\n\n\n\n<div class=\"wp-block-column has-primary-color has-pale-ocean-gradient-background has-text-color has-background is-layout-flow wp-block-column-is-layout-flow\">\n<p><\/p>\n\n\n\n<div class=\"wp-block-buttons is-content-justification-center is-layout-flex wp-container-core-buttons-layout-1 wp-block-buttons-is-layout-flex\">\n<div class=\"wp-block-button is-style-fill\"><a class=\"wp-block-button__link has-secondary-background-color has-background\" href=\"https:\/\/www.athajosescueladevida.com\/index.php\/servicios\/\" style=\"border-radius:15px\" target=\"_blank\" rel=\"noreferrer noopener\">MAS TALLERES PARA TI:<\/a><\/div>\n<\/div>\n\n\n\n<p><\/p>\n\n\n\n<p class=\"has-text-align-center has-primary-background-color has-background has-normal-font-size\" style=\"font-style:normal;font-weight:900\"><strong><strong><a href=\"https:\/\/www.athajosescueladevida.com\/index.php\/escultura\/\" target=\"_blank\" rel=\"noreferrer noopener\">ESCULTURA<\/a><\/strong><\/strong><\/p>\n\n\n\n<p><\/p>\n\n\n\n<figure class=\"wp-block-image size-full is-style-default\"><a href=\"https:\/\/www.athajosescueladevida.com\/index.php\/escultura\/\" target=\"_blank\" rel=\"noreferrer noopener\"><img loading=\"lazy\" decoding=\"async\" width=\"960\" height=\"540\" src=\"https:\/\/www.athajosescueladevida.com\/wp-content\/uploads\/2022\/06\/12376190_1211840272177634_1450612959743011103_n-1.jpg\" alt=\"\" class=\"wp-image-366\" srcset=\"https:\/\/www.athajos.com\/\/wp-content\/uploads\/2022\/06\/12376190_1211840272177634_1450612959743011103_n-1.jpg 960w, https:\/\/www.athajos.com\/\/wp-content\/uploads\/2022\/06\/12376190_1211840272177634_1450612959743011103_n-1-300x169.jpg 300w, https:\/\/www.athajos.com\/\/wp-content\/uploads\/2022\/06\/12376190_1211840272177634_1450612959743011103_n-1-768x432.jpg 768w\" sizes=\"(max-width: 960px) 100vw, 960px\" \/><\/a><figcaption>Experimentar\u00e1s con plastilina, masa ultraligera, arcilla, entre otros.<\/figcaption><\/figure>\n\n\n\n<div class=\"wp-block-media-text alignfull is-vertically-aligned-center has-primary-background-color has-background\" style=\"grid-template-columns:29% auto\"><figure class=\"wp-block-media-text__media\"><a href=\"https:\/\/www.youtube.com\/channel\/UC3CpvOQmyyFVsR72twF6gsw\" target=\"_blank\" rel=\"noreferrer noopener\"><img loading=\"lazy\" decoding=\"async\" width=\"320\" height=\"238\" src=\"http:\/\/www.athajosescueladevida.com\/wp-content\/uploads\/2022\/08\/youtube-icon-editorial-free-vector-removebg-preview-e1660522437213.png\" alt=\"\" class=\"wp-image-793 size-full\" srcset=\"https:\/\/www.athajos.com\/\/wp-content\/uploads\/2022\/08\/youtube-icon-editorial-free-vector-removebg-preview-e1660522437213.png 320w, https:\/\/www.athajos.com\/\/wp-content\/uploads\/2022\/08\/youtube-icon-editorial-free-vector-removebg-preview-e1660522437213-300x223.png 300w\" sizes=\"(max-width: 320px) 100vw, 320px\" \/><\/a><\/figure><div class=\"wp-block-media-text__content\">\n<p class=\"has-text-align-center has-large-font-size\"><strong><a href=\"https:\/\/www.youtube.com\/channel\/UC3CpvOQmyyFVsR72twF6gsw\" target=\"_blank\" rel=\"noreferrer noopener\">ATHAJOS<\/a><\/strong><\/p>\n<\/div><\/div>\n\n\n\n<p><\/p>\n\n\n\n<figure class=\"wp-block-image size-large is-resized\"><a href=\"https:\/\/www.youtube.com\/channel\/UC3CpvOQmyyFVsR72twF6gsw\" target=\"_blank\" rel=\"noreferrer noopener\"><img loading=\"lazy\" decoding=\"async\" src=\"https:\/\/www.athajosescueladevida.com\/wp-content\/uploads\/2022\/07\/MEDIDA-2X3-1620-\u00d7-1080-px-2-e1657605678110-1024x494.png\" alt=\"\" class=\"wp-image-458\" width=\"548\" height=\"264\" srcset=\"https:\/\/www.athajos.com\/\/wp-content\/uploads\/2022\/07\/MEDIDA-2X3-1620-\u00d7-1080-px-2-e1657605678110-1024x494.png 1024w, https:\/\/www.athajos.com\/\/wp-content\/uploads\/2022\/07\/MEDIDA-2X3-1620-\u00d7-1080-px-2-e1657605678110-300x145.png 300w, https:\/\/www.athajos.com\/\/wp-content\/uploads\/2022\/07\/MEDIDA-2X3-1620-\u00d7-1080-px-2-e1657605678110-768x370.png 768w, https:\/\/www.athajos.com\/\/wp-content\/uploads\/2022\/07\/MEDIDA-2X3-1620-\u00d7-1080-px-2-e1657605678110-1536x741.png 1536w, https:\/\/www.athajos.com\/\/wp-content\/uploads\/2022\/07\/MEDIDA-2X3-1620-\u00d7-1080-px-2-e1657605678110-2048x988.png 2048w, https:\/\/www.athajos.com\/\/wp-content\/uploads\/2022\/07\/MEDIDA-2X3-1620-\u00d7-1080-px-2-e1657605678110-1200x579.png 1200w, https:\/\/www.athajos.com\/\/wp-content\/uploads\/2022\/07\/MEDIDA-2X3-1620-\u00d7-1080-px-2-e1657605678110-1980x955.png 1980w\" sizes=\"(max-width: 548px) 100vw, 548px\" \/><\/a><\/figure>\n<\/div>\n<\/div>\n","protected":false},"excerpt":{"rendered":"<p>CLAUDIA MAR\u00cdA SALCEDO SIALER Dise\u00f1adora y docente. Dise\u00f1adora de iluminaci\u00f3n Licenciada en la Universidad Nacional de las Artes Dram\u00e1ticas (UNA) de Buenos Aires, Argentina, en la carrera de Dise\u00f1o de Iluminaci\u00f3n de Espect\u00e1culos. Egresada titulada de la ENSAD en la especialidad de Escenograf\u00eda. Con conocimientos y experiencia en el \u00e1rea de iluminaci\u00f3n, escenograf\u00eda y estudios [&hellip;]<\/p>\n","protected":false},"author":1,"featured_media":0,"parent":0,"menu_order":0,"comment_status":"closed","ping_status":"closed","template":"","meta":{"footnotes":"","_joinchat":[]},"yoast_head":"<!-- This site is optimized with the Yoast SEO plugin v21.7 - https:\/\/yoast.com\/wordpress\/plugins\/seo\/ -->\n<title>CLAUDIA MAR\u00cdA SALCEDO SIALER - ATHAJOS<\/title>\n<meta name=\"robots\" content=\"index, follow, max-snippet:-1, max-image-preview:large, max-video-preview:-1\" \/>\n<link rel=\"canonical\" href=\"https:\/\/www.athajos.com\/index.php\/claudia-maria-salcedo-sialer\/\" \/>\n<meta property=\"og:locale\" content=\"es_ES\" \/>\n<meta property=\"og:type\" content=\"article\" \/>\n<meta property=\"og:title\" content=\"CLAUDIA MAR\u00cdA SALCEDO SIALER - ATHAJOS\" \/>\n<meta property=\"og:description\" content=\"CLAUDIA MAR\u00cdA SALCEDO SIALER Dise\u00f1adora y docente. Dise\u00f1adora de iluminaci\u00f3n Licenciada en la Universidad Nacional de las Artes Dram\u00e1ticas (UNA) de Buenos Aires, Argentina, en la carrera de Dise\u00f1o de Iluminaci\u00f3n de Espect\u00e1culos. Egresada titulada de la ENSAD en la especialidad de Escenograf\u00eda. Con conocimientos y experiencia en el \u00e1rea de iluminaci\u00f3n, escenograf\u00eda y estudios [&hellip;]\" \/>\n<meta property=\"og:url\" content=\"https:\/\/www.athajos.com\/index.php\/claudia-maria-salcedo-sialer\/\" \/>\n<meta property=\"og:site_name\" content=\"ATHAJOS\" \/>\n<meta property=\"article:modified_time\" content=\"2022-08-22T07:02:30+00:00\" \/>\n<meta property=\"og:image\" content=\"https:\/\/www.athajosescueladevida.com\/wp-content\/uploads\/2022\/08\/CLAUDIA-MARIA-SALCEDO-SIALER-edited.png\" \/>\n<meta name=\"twitter:card\" content=\"summary_large_image\" \/>\n<meta name=\"twitter:label1\" content=\"Est. reading time\" \/>\n\t<meta name=\"twitter:data1\" content=\"2 minutos\" \/>\n<script type=\"application\/ld+json\" class=\"yoast-schema-graph\">{\"@context\":\"https:\/\/schema.org\",\"@graph\":[{\"@type\":\"WebPage\",\"@id\":\"https:\/\/www.athajos.com\/index.php\/claudia-maria-salcedo-sialer\/\",\"url\":\"https:\/\/www.athajos.com\/index.php\/claudia-maria-salcedo-sialer\/\",\"name\":\"CLAUDIA MAR\u00cdA SALCEDO SIALER - ATHAJOS\",\"isPartOf\":{\"@id\":\"https:\/\/www.athajos.com\/#website\"},\"datePublished\":\"2022-08-22T07:02:27+00:00\",\"dateModified\":\"2022-08-22T07:02:30+00:00\",\"breadcrumb\":{\"@id\":\"https:\/\/www.athajos.com\/index.php\/claudia-maria-salcedo-sialer\/#breadcrumb\"},\"inLanguage\":\"es-PE\",\"potentialAction\":[{\"@type\":\"ReadAction\",\"target\":[\"https:\/\/www.athajos.com\/index.php\/claudia-maria-salcedo-sialer\/\"]}]},{\"@type\":\"BreadcrumbList\",\"@id\":\"https:\/\/www.athajos.com\/index.php\/claudia-maria-salcedo-sialer\/#breadcrumb\",\"itemListElement\":[{\"@type\":\"ListItem\",\"position\":1,\"name\":\"Portada\",\"item\":\"https:\/\/www.athajos.com\/\"},{\"@type\":\"ListItem\",\"position\":2,\"name\":\"CLAUDIA MAR\u00cdA SALCEDO SIALER\"}]},{\"@type\":\"WebSite\",\"@id\":\"https:\/\/www.athajos.com\/#website\",\"url\":\"https:\/\/www.athajos.com\/\",\"name\":\"ATHAJOS\",\"description\":\"\",\"publisher\":{\"@id\":\"https:\/\/www.athajos.com\/#organization\"},\"potentialAction\":[{\"@type\":\"SearchAction\",\"target\":{\"@type\":\"EntryPoint\",\"urlTemplate\":\"https:\/\/www.athajos.com\/?s={search_term_string}\"},\"query-input\":\"required name=search_term_string\"}],\"inLanguage\":\"es-PE\"},{\"@type\":\"Organization\",\"@id\":\"https:\/\/www.athajos.com\/#organization\",\"name\":\"ATHAJOS\",\"url\":\"https:\/\/www.athajos.com\/\",\"logo\":{\"@type\":\"ImageObject\",\"inLanguage\":\"es-PE\",\"@id\":\"https:\/\/www.athajos.com\/#\/schema\/logo\/image\/\",\"url\":\"https:\/\/www.athajos.com\/\/wp-content\/uploads\/2023\/03\/cropped-Untitled-design-1.png\",\"contentUrl\":\"https:\/\/www.athajos.com\/\/wp-content\/uploads\/2023\/03\/cropped-Untitled-design-1.png\",\"width\":1282,\"height\":601,\"caption\":\"ATHAJOS\"},\"image\":{\"@id\":\"https:\/\/www.athajos.com\/#\/schema\/logo\/image\/\"}}]}<\/script>\n<!-- \/ Yoast SEO plugin. -->","yoast_head_json":{"title":"CLAUDIA MAR\u00cdA SALCEDO SIALER - ATHAJOS","robots":{"index":"index","follow":"follow","max-snippet":"max-snippet:-1","max-image-preview":"max-image-preview:large","max-video-preview":"max-video-preview:-1"},"canonical":"https:\/\/www.athajos.com\/index.php\/claudia-maria-salcedo-sialer\/","og_locale":"es_ES","og_type":"article","og_title":"CLAUDIA MAR\u00cdA SALCEDO SIALER - ATHAJOS","og_description":"CLAUDIA MAR\u00cdA SALCEDO SIALER Dise\u00f1adora y docente. Dise\u00f1adora de iluminaci\u00f3n Licenciada en la Universidad Nacional de las Artes Dram\u00e1ticas (UNA) de Buenos Aires, Argentina, en la carrera de Dise\u00f1o de Iluminaci\u00f3n de Espect\u00e1culos. Egresada titulada de la ENSAD en la especialidad de Escenograf\u00eda. Con conocimientos y experiencia en el \u00e1rea de iluminaci\u00f3n, escenograf\u00eda y estudios [&hellip;]","og_url":"https:\/\/www.athajos.com\/index.php\/claudia-maria-salcedo-sialer\/","og_site_name":"ATHAJOS","article_modified_time":"2022-08-22T07:02:30+00:00","og_image":[{"url":"https:\/\/www.athajosescueladevida.com\/wp-content\/uploads\/2022\/08\/CLAUDIA-MARIA-SALCEDO-SIALER-edited.png"}],"twitter_card":"summary_large_image","twitter_misc":{"Est. reading time":"2 minutos"},"schema":{"@context":"https:\/\/schema.org","@graph":[{"@type":"WebPage","@id":"https:\/\/www.athajos.com\/index.php\/claudia-maria-salcedo-sialer\/","url":"https:\/\/www.athajos.com\/index.php\/claudia-maria-salcedo-sialer\/","name":"CLAUDIA MAR\u00cdA SALCEDO SIALER - ATHAJOS","isPartOf":{"@id":"https:\/\/www.athajos.com\/#website"},"datePublished":"2022-08-22T07:02:27+00:00","dateModified":"2022-08-22T07:02:30+00:00","breadcrumb":{"@id":"https:\/\/www.athajos.com\/index.php\/claudia-maria-salcedo-sialer\/#breadcrumb"},"inLanguage":"es-PE","potentialAction":[{"@type":"ReadAction","target":["https:\/\/www.athajos.com\/index.php\/claudia-maria-salcedo-sialer\/"]}]},{"@type":"BreadcrumbList","@id":"https:\/\/www.athajos.com\/index.php\/claudia-maria-salcedo-sialer\/#breadcrumb","itemListElement":[{"@type":"ListItem","position":1,"name":"Portada","item":"https:\/\/www.athajos.com\/"},{"@type":"ListItem","position":2,"name":"CLAUDIA MAR\u00cdA SALCEDO SIALER"}]},{"@type":"WebSite","@id":"https:\/\/www.athajos.com\/#website","url":"https:\/\/www.athajos.com\/","name":"ATHAJOS","description":"","publisher":{"@id":"https:\/\/www.athajos.com\/#organization"},"potentialAction":[{"@type":"SearchAction","target":{"@type":"EntryPoint","urlTemplate":"https:\/\/www.athajos.com\/?s={search_term_string}"},"query-input":"required name=search_term_string"}],"inLanguage":"es-PE"},{"@type":"Organization","@id":"https:\/\/www.athajos.com\/#organization","name":"ATHAJOS","url":"https:\/\/www.athajos.com\/","logo":{"@type":"ImageObject","inLanguage":"es-PE","@id":"https:\/\/www.athajos.com\/#\/schema\/logo\/image\/","url":"https:\/\/www.athajos.com\/\/wp-content\/uploads\/2023\/03\/cropped-Untitled-design-1.png","contentUrl":"https:\/\/www.athajos.com\/\/wp-content\/uploads\/2023\/03\/cropped-Untitled-design-1.png","width":1282,"height":601,"caption":"ATHAJOS"},"image":{"@id":"https:\/\/www.athajos.com\/#\/schema\/logo\/image\/"}}]}},"_links":{"self":[{"href":"https:\/\/www.athajos.com\/index.php\/wp-json\/wp\/v2\/pages\/964"}],"collection":[{"href":"https:\/\/www.athajos.com\/index.php\/wp-json\/wp\/v2\/pages"}],"about":[{"href":"https:\/\/www.athajos.com\/index.php\/wp-json\/wp\/v2\/types\/page"}],"author":[{"embeddable":true,"href":"https:\/\/www.athajos.com\/index.php\/wp-json\/wp\/v2\/users\/1"}],"replies":[{"embeddable":true,"href":"https:\/\/www.athajos.com\/index.php\/wp-json\/wp\/v2\/comments?post=964"}],"version-history":[{"count":1,"href":"https:\/\/www.athajos.com\/index.php\/wp-json\/wp\/v2\/pages\/964\/revisions"}],"predecessor-version":[{"id":967,"href":"https:\/\/www.athajos.com\/index.php\/wp-json\/wp\/v2\/pages\/964\/revisions\/967"}],"wp:attachment":[{"href":"https:\/\/www.athajos.com\/index.php\/wp-json\/wp\/v2\/media?parent=964"}],"curies":[{"name":"wp","href":"https:\/\/api.w.org\/{rel}","templated":true}]}}